{"id":2671,"date":"2021-09-21T19:49:18","date_gmt":"2021-09-21T17:49:18","guid":{"rendered":"https:\/\/www.formula-h-skincare.com\/product\/shampoo-professionell-250-ml\/"},"modified":"2024-05-12T18:34:54","modified_gmt":"2024-05-12T16:34:54","slug":"shampoo-professionell-250-ml","status":"publish","type":"product","link":"https:\/\/www.formula-h-skincare.com\/de\/produkt\/shampoo-professionell-250-ml\/","title":{"rendered":"Shampoo Professionell 250 ML"},"content":{"rendered":"<p><strong>Inhaltsstoffe: <\/strong><\/p>\n<p>H Seed oil*, Aqua**, Sodium Laureth Sulfate**, Sodium Laureth 8-Sulfate**, Magnesium Laureth Sulfate**, Magnesium Laureth 8-Sulfate**, Sodium Oleth Sulfate**, Magnesium Oleth Sulfate**, Cocamidopropyl**,\u00a0 Betaine**, Glycerin**, Sodium Laureth Sulfate**, Cocamide Dea,\u00a0 Coco-Glucoside**,\u00a0 Glycol Distearate**, Magnifera Indica, Alcohol Denat**, Parfum*, Citric Acid, Phenoxyethanol,\u00a0 ethylhexyl Glycerin, D-Limonen, Citrus Dulcis**, Vanilla Planifolia, 2-(4-Tert-Butylbenzyl) Propionaldehyd 3-Meth Alpha-Isomethylionone. * = organic \u00b7 ** = natural.<\/p>\n","protected":false},"excerpt":{"rendered":"<p><strong>Wirkung:<\/strong><\/p>\n<p>Das Formula H Shampoo Professionell st\u00e4rkt die Kopfhaut und hilft dabei, Haarspliss zu verhindern. Das Haar wird sich weich anf\u00fchlen und einfach frisieren lassen.<\/p>\n<p><strong>\u00a0<\/strong><\/p>\n<p><strong>Inhalt: <\/strong><\/p>\n<p>Das Formula H Shampoo Professionell enth\u00e4lt die besten \u00d6le mit Omega 3, 6 und 9 sowie Vitamin A, C und E, welche Haar und Kopfhaut besonders gut sch\u00fctzen.<\/p>\n<p>&nbsp;<\/p>\n<p><strong>Anwendung:<\/strong><\/p>\n<p>Dosierung nach Bedarf. Die Haare m\u00fcssen zweimal gewaschen werden. Der Schaumeffekt tritt beim letzten Waschen auf. Bei Raumtemperatur und au\u00dferhalb der Reichweite von Kindern lagern.<\/p>\n<p><strong>\u00a0<\/strong><\/p>\n<p><strong>Erg\u00e4nzende Produkte:<\/strong><\/p>\n<p>F\u00fcr mehr Hautfeuchtigkeit empfehlen wir die Anwendung der Formula H K\u00f6rpercreme. Das Formula H Gesichts- sowie Augenserum in Kombination mit der Formula H Tages- oder Nachtcreme pflegt und sch\u00fctzt die Gesichtshaut.<\/p>\n<p>&nbsp;<\/p>\n<p><strong>Soziale Verantwortung:<\/strong><\/p>\n<p>Formula H kauft seine Rohstoffe direkt beim Produzenten. Dies gibt uns die volle Kontrolle nicht nur \u00fcber deren Qualit\u00e4t, sondern auch \u00fcber die dortigen Arbeitsbedingungen. Mit dem Kauf von Formula H Produkten unterst\u00fctzten sie auf direktem Wege die Mitarbeiter, die die Rohstoffe f\u00fcr unsere Produkte ernten. Formula H stellt sicher, dass die Mitarbeiter auf den Farmen gut entlohnt werden, ihre Kinder zur Schule gehen k\u00f6nnen, die Familien Zugang zu sauberem Wasser, Sanit\u00e4rversorgung und Hygiene, sowie K\u00fchlschr\u00e4nken haben. Durch den Kauf von Formula H Produkten hilfst du uns dabei, einen Unterschied zu machen<\/p>\n","protected":false},"featured_media":6089,"comment_status":"open","ping_status":"closed","template":"","meta":[],"pwb-brand":[223],"product_brand":[],"product_cat":[297,143,153],"product_tag":[177],"class_list":{"0":"post-2671","1":"product","2":"type-product","3":"status-publish","4":"has-post-thumbnail","6":"pwb-brand-formula-h-skincare","7":"product_cat-damen","8":"product_cat-hair-de","9":"product_cat-wellness-de","10":"product_tag-haarshampoo","12":"first","13":"instock","14":"taxable","15":"shipping-taxable","16":"purchasable","17":"product-type-simple"},"yoast_head":"<!-- This site is optimized with the Yoast SEO plugin v27.2 - https:\/\/yoast.com\/product\/yoast-seo-wordpress\/ -->\n<title>Haar Shampoo<\/title>\n<meta name=\"robots\" content=\"index, follow, max-snippet:-1, max-image-preview:large, max-video-preview:-1\" \/>\n<link rel=\"canonical\" href=\"https:\/\/www.formula-h-skincare.com\/de\/produkt\/shampoo-professionell-250-ml\/\" \/>\n<meta property=\"og:locale\" content=\"de_DE\" \/>\n<meta property=\"og:type\" content=\"article\" \/>\n<meta property=\"og:title\" content=\"Haar Shampoo\" \/>\n<meta property=\"og:description\" content=\"Wirkung:  Das Formula H Shampoo Professionell st\u00e4rkt die Kopfhaut und hilft dabei, Haarspliss zu verhindern. Das Haar wird sich weich anf\u00fchlen und einfach frisieren lassen.  \u00a0  Inhalt:   Das Formula H Shampoo Professionell enth\u00e4lt die besten \u00d6le mit Omega 3, 6 und 9 sowie Vitamin A, C und E, welche Haar und Kopfhaut besonders gut sch\u00fctzen.  &nbsp;  Anwendung:  Dosierung nach Bedarf. Die Haare m\u00fcssen zweimal gewaschen werden. Der Schaumeffekt tritt beim letzten Waschen auf. Bei Raumtemperatur und au\u00dferhalb der Reichweite von Kindern lagern.  \u00a0  Erg\u00e4nzende Produkte:  F\u00fcr mehr Hautfeuchtigkeit empfehlen wir die Anwendung der Formula H K\u00f6rpercreme. Das Formula H Gesichts- sowie Augenserum in Kombination mit der Formula H Tages- oder Nachtcreme pflegt und sch\u00fctzt die Gesichtshaut.  &nbsp;  Soziale Verantwortung:  Formula H kauft seine Rohstoffe direkt beim Produzenten. Dies gibt uns die volle Kontrolle nicht nur \u00fcber deren Qualit\u00e4t, sondern auch \u00fcber die dortigen Arbeitsbedingungen. Mit dem Kauf von Formula H Produkten unterst\u00fctzten sie auf direktem Wege die Mitarbeiter, die die Rohstoffe f\u00fcr unsere Produkte ernten. Formula H stellt sicher, dass die Mitarbeiter auf den Farmen gut entlohnt werden, ihre Kinder zur Schule gehen k\u00f6nnen, die Familien Zugang zu sauberem Wasser, Sanit\u00e4rversorgung und Hygiene, sowie K\u00fchlschr\u00e4nken haben. Durch den Kauf von Formula H Produkten hilfst du uns dabei, einen Unterschied zu machen\" \/>\n<meta property=\"og:url\" content=\"https:\/\/www.formula-h-skincare.com\/de\/produkt\/shampoo-professionell-250-ml\/\" \/>\n<meta property=\"article:publisher\" content=\"https:\/\/www.facebook.com\/Formula-H-Skincare-114088206974208\/\" \/>\n<meta property=\"article:modified_time\" content=\"2024-05-12T16:34:54+00:00\" \/>\n<meta property=\"og:image\" content=\"https:\/\/www.formula-h-skincare.com\/wp-content\/uploads\/2021\/04\/HairShampoo_Pro-2.png\" \/>\n\t<meta property=\"og:image:width\" content=\"1400\" \/>\n\t<meta property=\"og:image:height\" content=\"1400\" \/>\n\t<meta property=\"og:image:type\" content=\"image\/png\" \/>\n<meta name=\"twitter:card\" content=\"summary_large_image\" \/>\n<script type=\"application\/ld+json\" class=\"yoast-schema-graph\">{\"@context\":\"https:\/\/schema.org\",\"@graph\":[{\"@type\":\"WebPage\",\"@id\":\"https:\/\/www.formula-h-skincare.com\/de\/produkt\/shampoo-professionell-250-ml\/\",\"url\":\"https:\/\/www.formula-h-skincare.com\/de\/produkt\/shampoo-professionell-250-ml\/\",\"name\":\"Haar Shampoo\",\"isPartOf\":{\"@id\":\"https:\/\/www.formula-h-skincare.com\/de\/#website\"},\"primaryImageOfPage\":{\"@id\":\"https:\/\/www.formula-h-skincare.com\/de\/produkt\/shampoo-professionell-250-ml\/#primaryimage\"},\"image\":{\"@id\":\"https:\/\/www.formula-h-skincare.com\/de\/produkt\/shampoo-professionell-250-ml\/#primaryimage\"},\"thumbnailUrl\":\"https:\/\/www.formula-h-skincare.com\/wp-content\/uploads\/2021\/04\/HairShampoo_Pro-2.png\",\"datePublished\":\"2021-09-21T17:49:18+00:00\",\"dateModified\":\"2024-05-12T16:34:54+00:00\",\"breadcrumb\":{\"@id\":\"https:\/\/www.formula-h-skincare.com\/de\/produkt\/shampoo-professionell-250-ml\/#breadcrumb\"},\"inLanguage\":\"de\",\"potentialAction\":[{\"@type\":\"ReadAction\",\"target\":[\"https:\/\/www.formula-h-skincare.com\/de\/produkt\/shampoo-professionell-250-ml\/\"]}]},{\"@type\":\"ImageObject\",\"inLanguage\":\"de\",\"@id\":\"https:\/\/www.formula-h-skincare.com\/de\/produkt\/shampoo-professionell-250-ml\/#primaryimage\",\"url\":\"https:\/\/www.formula-h-skincare.com\/wp-content\/uploads\/2021\/04\/HairShampoo_Pro-2.png\",\"contentUrl\":\"https:\/\/www.formula-h-skincare.com\/wp-content\/uploads\/2021\/04\/HairShampoo_Pro-2.png\",\"width\":1400,\"height\":1400},{\"@type\":\"BreadcrumbList\",\"@id\":\"https:\/\/www.formula-h-skincare.com\/de\/produkt\/shampoo-professionell-250-ml\/#breadcrumb\",\"itemListElement\":[{\"@type\":\"ListItem\",\"position\":1,\"name\":\"Home\",\"item\":\"https:\/\/www.formula-h-skincare.com\/de\/\"},{\"@type\":\"ListItem\",\"position\":2,\"name\":\"Shop\",\"item\":\"https:\/\/www.formula-h-skincare.com\/de\/\"},{\"@type\":\"ListItem\",\"position\":3,\"name\":\"Shampoo Professionell 250 ML\"}]},{\"@type\":\"WebSite\",\"@id\":\"https:\/\/www.formula-h-skincare.com\/de\/#website\",\"url\":\"https:\/\/www.formula-h-skincare.com\/de\/\",\"name\":\"https:\/\/www.formula-h-skincare.com\/\",\"description\":\"\",\"publisher\":{\"@id\":\"https:\/\/www.formula-h-skincare.com\/de\/#organization\"},\"potentialAction\":[{\"@type\":\"SearchAction\",\"target\":{\"@type\":\"EntryPoint\",\"urlTemplate\":\"https:\/\/www.formula-h-skincare.com\/de\/?s={search_term_string}\"},\"query-input\":{\"@type\":\"PropertyValueSpecification\",\"valueRequired\":true,\"valueName\":\"search_term_string\"}}],\"inLanguage\":\"de\"},{\"@type\":\"Organization\",\"@id\":\"https:\/\/www.formula-h-skincare.com\/de\/#organization\",\"name\":\"Formula H Skincare ApS\",\"url\":\"https:\/\/www.formula-h-skincare.com\/de\/\",\"logo\":{\"@type\":\"ImageObject\",\"inLanguage\":\"de\",\"@id\":\"https:\/\/www.formula-h-skincare.com\/de\/#\/schema\/logo\/image\/\",\"url\":\"https:\/\/www.formula-h-skincare.com\/wp-content\/uploads\/2021\/05\/Formula-H_neg-B125px.png\",\"contentUrl\":\"https:\/\/www.formula-h-skincare.com\/wp-content\/uploads\/2021\/05\/Formula-H_neg-B125px.png\",\"width\":125,\"height\":133,\"caption\":\"Formula H Skincare ApS\"},\"image\":{\"@id\":\"https:\/\/www.formula-h-skincare.com\/de\/#\/schema\/logo\/image\/\"},\"sameAs\":[\"https:\/\/www.facebook.com\/Formula-H-Skincare-114088206974208\/\",\"https:\/\/www.instagram.com\/formula_h_skincare\/\",\"https:\/\/www.linkedin.com\/company\/73784209\/admin\/\",\"https:\/\/www.youtube.com\/channel\/UC86q8VE-xr9YYJ7UicAhPFw\"]}]}<\/script>\n<!-- \/ Yoast SEO plugin. -->","yoast_head_json":{"title":"Haar Shampoo","robots":{"index":"index","follow":"follow","max-snippet":"max-snippet:-1","max-image-preview":"max-image-preview:large","max-video-preview":"max-video-preview:-1"},"canonical":"https:\/\/www.formula-h-skincare.com\/de\/produkt\/shampoo-professionell-250-ml\/","og_locale":"de_DE","og_type":"article","og_title":"Haar Shampoo","og_description":"Wirkung:  Das Formula H Shampoo Professionell st\u00e4rkt die Kopfhaut und hilft dabei, Haarspliss zu verhindern. Das Haar wird sich weich anf\u00fchlen und einfach frisieren lassen.  \u00a0  Inhalt:   Das Formula H Shampoo Professionell enth\u00e4lt die besten \u00d6le mit Omega 3, 6 und 9 sowie Vitamin A, C und E, welche Haar und Kopfhaut besonders gut sch\u00fctzen.  &nbsp;  Anwendung:  Dosierung nach Bedarf. Die Haare m\u00fcssen zweimal gewaschen werden. Der Schaumeffekt tritt beim letzten Waschen auf. Bei Raumtemperatur und au\u00dferhalb der Reichweite von Kindern lagern.  \u00a0  Erg\u00e4nzende Produkte:  F\u00fcr mehr Hautfeuchtigkeit empfehlen wir die Anwendung der Formula H K\u00f6rpercreme. Das Formula H Gesichts- sowie Augenserum in Kombination mit der Formula H Tages- oder Nachtcreme pflegt und sch\u00fctzt die Gesichtshaut.  &nbsp;  Soziale Verantwortung:  Formula H kauft seine Rohstoffe direkt beim Produzenten. Dies gibt uns die volle Kontrolle nicht nur \u00fcber deren Qualit\u00e4t, sondern auch \u00fcber die dortigen Arbeitsbedingungen. Mit dem Kauf von Formula H Produkten unterst\u00fctzten sie auf direktem Wege die Mitarbeiter, die die Rohstoffe f\u00fcr unsere Produkte ernten. Formula H stellt sicher, dass die Mitarbeiter auf den Farmen gut entlohnt werden, ihre Kinder zur Schule gehen k\u00f6nnen, die Familien Zugang zu sauberem Wasser, Sanit\u00e4rversorgung und Hygiene, sowie K\u00fchlschr\u00e4nken haben. Durch den Kauf von Formula H Produkten hilfst du uns dabei, einen Unterschied zu machen","og_url":"https:\/\/www.formula-h-skincare.com\/de\/produkt\/shampoo-professionell-250-ml\/","article_publisher":"https:\/\/www.facebook.com\/Formula-H-Skincare-114088206974208\/","article_modified_time":"2024-05-12T16:34:54+00:00","og_image":[{"width":1400,"height":1400,"url":"https:\/\/www.formula-h-skincare.com\/wp-content\/uploads\/2021\/04\/HairShampoo_Pro-2.png","type":"image\/png"}],"twitter_card":"summary_large_image","schema":{"@context":"https:\/\/schema.org","@graph":[{"@type":"WebPage","@id":"https:\/\/www.formula-h-skincare.com\/de\/produkt\/shampoo-professionell-250-ml\/","url":"https:\/\/www.formula-h-skincare.com\/de\/produkt\/shampoo-professionell-250-ml\/","name":"Haar Shampoo","isPartOf":{"@id":"https:\/\/www.formula-h-skincare.com\/de\/#website"},"primaryImageOfPage":{"@id":"https:\/\/www.formula-h-skincare.com\/de\/produkt\/shampoo-professionell-250-ml\/#primaryimage"},"image":{"@id":"https:\/\/www.formula-h-skincare.com\/de\/produkt\/shampoo-professionell-250-ml\/#primaryimage"},"thumbnailUrl":"https:\/\/www.formula-h-skincare.com\/wp-content\/uploads\/2021\/04\/HairShampoo_Pro-2.png","datePublished":"2021-09-21T17:49:18+00:00","dateModified":"2024-05-12T16:34:54+00:00","breadcrumb":{"@id":"https:\/\/www.formula-h-skincare.com\/de\/produkt\/shampoo-professionell-250-ml\/#breadcrumb"},"inLanguage":"de","potentialAction":[{"@type":"ReadAction","target":["https:\/\/www.formula-h-skincare.com\/de\/produkt\/shampoo-professionell-250-ml\/"]}]},{"@type":"ImageObject","inLanguage":"de","@id":"https:\/\/www.formula-h-skincare.com\/de\/produkt\/shampoo-professionell-250-ml\/#primaryimage","url":"https:\/\/www.formula-h-skincare.com\/wp-content\/uploads\/2021\/04\/HairShampoo_Pro-2.png","contentUrl":"https:\/\/www.formula-h-skincare.com\/wp-content\/uploads\/2021\/04\/HairShampoo_Pro-2.png","width":1400,"height":1400},{"@type":"BreadcrumbList","@id":"https:\/\/www.formula-h-skincare.com\/de\/produkt\/shampoo-professionell-250-ml\/#breadcrumb","itemListElement":[{"@type":"ListItem","position":1,"name":"Home","item":"https:\/\/www.formula-h-skincare.com\/de\/"},{"@type":"ListItem","position":2,"name":"Shop","item":"https:\/\/www.formula-h-skincare.com\/de\/"},{"@type":"ListItem","position":3,"name":"Shampoo Professionell 250 ML"}]},{"@type":"WebSite","@id":"https:\/\/www.formula-h-skincare.com\/de\/#website","url":"https:\/\/www.formula-h-skincare.com\/de\/","name":"https:\/\/www.formula-h-skincare.com\/","description":"","publisher":{"@id":"https:\/\/www.formula-h-skincare.com\/de\/#organization"},"potentialAction":[{"@type":"SearchAction","target":{"@type":"EntryPoint","urlTemplate":"https:\/\/www.formula-h-skincare.com\/de\/?s={search_term_string}"},"query-input":{"@type":"PropertyValueSpecification","valueRequired":true,"valueName":"search_term_string"}}],"inLanguage":"de"},{"@type":"Organization","@id":"https:\/\/www.formula-h-skincare.com\/de\/#organization","name":"Formula H Skincare ApS","url":"https:\/\/www.formula-h-skincare.com\/de\/","logo":{"@type":"ImageObject","inLanguage":"de","@id":"https:\/\/www.formula-h-skincare.com\/de\/#\/schema\/logo\/image\/","url":"https:\/\/www.formula-h-skincare.com\/wp-content\/uploads\/2021\/05\/Formula-H_neg-B125px.png","contentUrl":"https:\/\/www.formula-h-skincare.com\/wp-content\/uploads\/2021\/05\/Formula-H_neg-B125px.png","width":125,"height":133,"caption":"Formula H Skincare ApS"},"image":{"@id":"https:\/\/www.formula-h-skincare.com\/de\/#\/schema\/logo\/image\/"},"sameAs":["https:\/\/www.facebook.com\/Formula-H-Skincare-114088206974208\/","https:\/\/www.instagram.com\/formula_h_skincare\/","https:\/\/www.linkedin.com\/company\/73784209\/admin\/","https:\/\/www.youtube.com\/channel\/UC86q8VE-xr9YYJ7UicAhPFw"]}]}},"brands":[{"id":223,"name":"Formula H Skincare","slug":"formula-h-skincare"}],"_links":{"self":[{"href":"https:\/\/www.formula-h-skincare.com\/de\/wp-json\/wp\/v2\/product\/2671","targetHints":{"allow":["GET"]}}],"collection":[{"href":"https:\/\/www.formula-h-skincare.com\/de\/wp-json\/wp\/v2\/product"}],"about":[{"href":"https:\/\/www.formula-h-skincare.com\/de\/wp-json\/wp\/v2\/types\/product"}],"replies":[{"embeddable":true,"href":"https:\/\/www.formula-h-skincare.com\/de\/wp-json\/wp\/v2\/comments?post=2671"}],"wp:featuredmedia":[{"embeddable":true,"href":"https:\/\/www.formula-h-skincare.com\/de\/wp-json\/wp\/v2\/media\/6089"}],"wp:attachment":[{"href":"https:\/\/www.formula-h-skincare.com\/de\/wp-json\/wp\/v2\/media?parent=2671"}],"wp:term":[{"taxonomy":"pwb-brand","embeddable":true,"href":"https:\/\/www.formula-h-skincare.com\/de\/wp-json\/wp\/v2\/pwb-brand?post=2671"},{"taxonomy":"product_brand","embeddable":true,"href":"https:\/\/www.formula-h-skincare.com\/de\/wp-json\/wp\/v2\/product_brand?post=2671"},{"taxonomy":"product_cat","embeddable":true,"href":"https:\/\/www.formula-h-skincare.com\/de\/wp-json\/wp\/v2\/product_cat?post=2671"},{"taxonomy":"product_tag","embeddable":true,"href":"https:\/\/www.formula-h-skincare.com\/de\/wp-json\/wp\/v2\/product_tag?post=2671"}],"curies":[{"name":"wp","href":"https:\/\/api.w.org\/{rel}","templated":true}]}}