{"id":2673,"date":"2021-09-21T19:49:19","date_gmt":"2021-09-21T17:49:19","guid":{"rendered":"https:\/\/www.formula-h-skincare.com\/product\/conditioner-250-ml\/"},"modified":"2024-05-10T12:04:08","modified_gmt":"2024-05-10T10:04:08","slug":"conditioner-250-ml","status":"publish","type":"product","link":"https:\/\/www.formula-h-skincare.com\/de\/produkt\/conditioner-250-ml\/","title":{"rendered":"Conditioner 250 ML"},"content":{"rendered":"<p><strong>Inhaltsstoffe: <\/strong><\/p>\n<p>Aqua**, Glycerin*, Cetearyl alcohol, Dipalmoylethyl Hydroxyethylmonium methosulfate**, Ceteareth-20, Cetearyl alcohol, Citrus Grandis*, Alcohol Denat**. H Seed oil, parfum*, Vanilla Planifolia*, Phenoxyethanol,\u00a0 ethylhexylglycerin,Cinnamomum Zeylanicum*, 2-(4-tert-butylbenzyl) propionaldehyd and Cinnamal*.* = organic \u00b7 ** = natural.<\/p>\n","protected":false},"excerpt":{"rendered":"<p><strong>Wirkung:<\/strong><\/p>\n<p>Die Formula H Conditioner schlie\u00dft die Schuppenschicht und versorgt jedes einzelne Haar mit Feuchtigkeit und Schutz. Dies verhindert statisch aufgeladene und abstehende Haare.<\/p>\n<p>&nbsp;<\/p>\n<p>Inhalt:<\/p>\n<p>Die Formula H Conditioner enth\u00e4lt die besten \u00d6le mit Omega 3, 6 und 9 sowie Vitamin A, C und E. Die \u00d6le sch\u00fctzen das Haar und machen es leichter pflegbar.<\/p>\n<p>&nbsp;<\/p>\n<p><strong>Anwendung:<\/strong><\/p>\n<p>Nach der W\u00e4sche mit dem Formula H Haar &amp; K\u00f6rper Shampoo das Haar gut auswringen und anschlie\u00dfend in ein Handtuch einwickeln und kurz ausdr\u00fccken. Danach die Formula H Conditioner in den H\u00e4nden verteilen und im noch feuchten Haar verteilen, ohne sie einzumassieren. Am Haaransatz nur kleine Mengen Sp\u00fclung verwenden und gr\u00f6\u00dfere in den L\u00e4ngen und Spitzen. Bei Bedarf kann eine B\u00fcrste dabei helfen, der Conditioner zu verteilen. Die Formula H Conditioner ca. 30 Sekunden lang einwirken lassen und danach mit 40 Grad warmem Wasser aussp\u00fclen. Danach erneut die Haare in ein Handtuch einschlagen, um ihnen etwas N\u00e4sse zu entziehen, und anschlie\u00dfend trockenf\u00f6hnen.<\/p>\n<p>Anwendung nach Bedarf und nicht nach jeder Haarw\u00e4sche erforderlich. Bei Zimmertemperatur lagern. F\u00fcr Kinder unzug\u00e4nglich aufbewahren.<\/p>\n<p><strong>\u00a0<\/strong><\/p>\n<p><strong>Erg\u00e4nzende Produkte:<\/strong><\/p>\n<p>Um neben dem Haar auch das Gesicht zu pflegen und sch\u00fctzen, empfehlen wir die Verwendung des Formula H Gesichts- und Augenserums sowie der Formula H Tages- oder Nachtcreme. Alle Produkte enthalten \u00d6le, die das nat\u00fcrliche Kollagen der Haut sch\u00fctzen. Kollagen hilft der Haut dabei, ihre Straffheit zu erhalten.<\/p>\n<p>&nbsp;<\/p>\n<p><strong>Soziale Verantwortung:<\/strong><\/p>\n<p>Formula H kauft seine Rohstoffe direkt beim Produzenten. Dies gibt uns die volle Kontrolle nicht nur \u00fcber deren Qualit\u00e4t, sondern auch \u00fcber die dortigen Arbeitsbedingungen. Mit dem Kauf von Formula H Produkten unterst\u00fctzten sie auf direktem Wege die Mitarbeiter, die die Rohstoffe f\u00fcr unsere Produkte ernten. Formula H stellt sicher, dass die Mitarbeiter auf den Farmen gut entlohnt werden, ihre Kinder zur Schule gehen k\u00f6nnen, die Familien Zugang zu sauberem Wasser, Sanit\u00e4rversorgung und Hygiene, sowie K\u00fchlschr\u00e4nken haben. Durch den Kauf von Formula H Produkten hilfst du uns dabei, einen Unterschied zu machen<\/p>\n","protected":false},"featured_media":6079,"comment_status":"open","ping_status":"closed","template":"","meta":[],"pwb-brand":[223],"product_brand":[],"product_cat":[297,143,153],"product_tag":[176],"class_list":{"0":"post-2673","1":"product","2":"type-product","3":"status-publish","4":"has-post-thumbnail","6":"pwb-brand-formula-h-skincare","7":"product_cat-damen","8":"product_cat-hair-de","9":"product_cat-wellness-de","10":"product_tag-haarspuelung","12":"first","13":"instock","14":"taxable","15":"shipping-taxable","16":"purchasable","17":"product-type-simple"},"yoast_head":"<!-- This site is optimized with the Yoast SEO plugin v27.2 - https:\/\/yoast.com\/product\/yoast-seo-wordpress\/ -->\n<title>Conditioner<\/title>\n<meta name=\"robots\" content=\"index, follow, max-snippet:-1, max-image-preview:large, max-video-preview:-1\" \/>\n<link rel=\"canonical\" href=\"https:\/\/www.formula-h-skincare.com\/de\/produkt\/conditioner-250-ml\/\" \/>\n<meta property=\"og:locale\" content=\"de_DE\" \/>\n<meta property=\"og:type\" content=\"article\" \/>\n<meta property=\"og:title\" content=\"Conditioner\" \/>\n<meta property=\"og:description\" content=\"Wirkung:  Die Formula H Conditioner schlie\u00dft die Schuppenschicht und versorgt jedes einzelne Haar mit Feuchtigkeit und Schutz. Dies verhindert statisch aufgeladene und abstehende Haare.  &nbsp;  Inhalt:  Die Formula H Conditioner enth\u00e4lt die besten \u00d6le mit Omega 3, 6 und 9 sowie Vitamin A, C und E. Die \u00d6le sch\u00fctzen das Haar und machen es leichter pflegbar.  &nbsp;  Anwendung:  Nach der W\u00e4sche mit dem Formula H Haar &amp; K\u00f6rper Shampoo das Haar gut auswringen und anschlie\u00dfend in ein Handtuch einwickeln und kurz ausdr\u00fccken. Danach die Formula H Conditioner in den H\u00e4nden verteilen und im noch feuchten Haar verteilen, ohne sie einzumassieren. Am Haaransatz nur kleine Mengen Sp\u00fclung verwenden und gr\u00f6\u00dfere in den L\u00e4ngen und Spitzen. Bei Bedarf kann eine B\u00fcrste dabei helfen, der Conditioner zu verteilen. Die Formula H Conditioner ca. 30 Sekunden lang einwirken lassen und danach mit 40 Grad warmem Wasser aussp\u00fclen. Danach erneut die Haare in ein Handtuch einschlagen, um ihnen etwas N\u00e4sse zu entziehen, und anschlie\u00dfend trockenf\u00f6hnen.  Anwendung nach Bedarf und nicht nach jeder Haarw\u00e4sche erforderlich. Bei Zimmertemperatur lagern. F\u00fcr Kinder unzug\u00e4nglich aufbewahren.  \u00a0  Erg\u00e4nzende Produkte:  Um neben dem Haar auch das Gesicht zu pflegen und sch\u00fctzen, empfehlen wir die Verwendung des Formula H Gesichts- und Augenserums sowie der Formula H Tages- oder Nachtcreme. Alle Produkte enthalten \u00d6le, die das nat\u00fcrliche Kollagen der Haut sch\u00fctzen. Kollagen hilft der Haut dabei, ihre Straffheit zu erhalten.  &nbsp;  Soziale Verantwortung:  Formula H kauft seine Rohstoffe direkt beim Produzenten. Dies gibt uns die volle Kontrolle nicht nur \u00fcber deren Qualit\u00e4t, sondern auch \u00fcber die dortigen Arbeitsbedingungen. Mit dem Kauf von Formula H Produkten unterst\u00fctzten sie auf direktem Wege die Mitarbeiter, die die Rohstoffe f\u00fcr unsere Produkte ernten. Formula H stellt sicher, dass die Mitarbeiter auf den Farmen gut entlohnt werden, ihre Kinder zur Schule gehen k\u00f6nnen, die Familien Zugang zu sauberem Wasser, Sanit\u00e4rversorgung und Hygiene, sowie K\u00fchlschr\u00e4nken haben. Durch den Kauf von Formula H Produkten hilfst du uns dabei, einen Unterschied zu machen\" \/>\n<meta property=\"og:url\" content=\"https:\/\/www.formula-h-skincare.com\/de\/produkt\/conditioner-250-ml\/\" \/>\n<meta property=\"article:publisher\" content=\"https:\/\/www.facebook.com\/Formula-H-Skincare-114088206974208\/\" \/>\n<meta property=\"article:modified_time\" content=\"2024-05-10T10:04:08+00:00\" \/>\n<meta property=\"og:image\" content=\"https:\/\/www.formula-h-skincare.com\/wp-content\/uploads\/2021\/04\/HairBalsam-2.png\" \/>\n\t<meta property=\"og:image:width\" content=\"1400\" \/>\n\t<meta property=\"og:image:height\" content=\"1400\" \/>\n\t<meta property=\"og:image:type\" content=\"image\/png\" \/>\n<meta name=\"twitter:card\" content=\"summary_large_image\" \/>\n<script type=\"application\/ld+json\" class=\"yoast-schema-graph\">{\"@context\":\"https:\/\/schema.org\",\"@graph\":[{\"@type\":\"WebPage\",\"@id\":\"https:\/\/www.formula-h-skincare.com\/de\/produkt\/conditioner-250-ml\/\",\"url\":\"https:\/\/www.formula-h-skincare.com\/de\/produkt\/conditioner-250-ml\/\",\"name\":\"Conditioner\",\"isPartOf\":{\"@id\":\"https:\/\/www.formula-h-skincare.com\/de\/#website\"},\"primaryImageOfPage\":{\"@id\":\"https:\/\/www.formula-h-skincare.com\/de\/produkt\/conditioner-250-ml\/#primaryimage\"},\"image\":{\"@id\":\"https:\/\/www.formula-h-skincare.com\/de\/produkt\/conditioner-250-ml\/#primaryimage\"},\"thumbnailUrl\":\"https:\/\/www.formula-h-skincare.com\/wp-content\/uploads\/2021\/04\/HairBalsam-2.png\",\"datePublished\":\"2021-09-21T17:49:19+00:00\",\"dateModified\":\"2024-05-10T10:04:08+00:00\",\"breadcrumb\":{\"@id\":\"https:\/\/www.formula-h-skincare.com\/de\/produkt\/conditioner-250-ml\/#breadcrumb\"},\"inLanguage\":\"de\",\"potentialAction\":[{\"@type\":\"ReadAction\",\"target\":[\"https:\/\/www.formula-h-skincare.com\/de\/produkt\/conditioner-250-ml\/\"]}]},{\"@type\":\"ImageObject\",\"inLanguage\":\"de\",\"@id\":\"https:\/\/www.formula-h-skincare.com\/de\/produkt\/conditioner-250-ml\/#primaryimage\",\"url\":\"https:\/\/www.formula-h-skincare.com\/wp-content\/uploads\/2021\/04\/HairBalsam-2.png\",\"contentUrl\":\"https:\/\/www.formula-h-skincare.com\/wp-content\/uploads\/2021\/04\/HairBalsam-2.png\",\"width\":1400,\"height\":1400},{\"@type\":\"BreadcrumbList\",\"@id\":\"https:\/\/www.formula-h-skincare.com\/de\/produkt\/conditioner-250-ml\/#breadcrumb\",\"itemListElement\":[{\"@type\":\"ListItem\",\"position\":1,\"name\":\"Home\",\"item\":\"https:\/\/www.formula-h-skincare.com\/de\/\"},{\"@type\":\"ListItem\",\"position\":2,\"name\":\"Shop\",\"item\":\"https:\/\/www.formula-h-skincare.com\/de\/\"},{\"@type\":\"ListItem\",\"position\":3,\"name\":\"Conditioner 250 ML\"}]},{\"@type\":\"WebSite\",\"@id\":\"https:\/\/www.formula-h-skincare.com\/de\/#website\",\"url\":\"https:\/\/www.formula-h-skincare.com\/de\/\",\"name\":\"https:\/\/www.formula-h-skincare.com\/\",\"description\":\"\",\"publisher\":{\"@id\":\"https:\/\/www.formula-h-skincare.com\/de\/#organization\"},\"potentialAction\":[{\"@type\":\"SearchAction\",\"target\":{\"@type\":\"EntryPoint\",\"urlTemplate\":\"https:\/\/www.formula-h-skincare.com\/de\/?s={search_term_string}\"},\"query-input\":{\"@type\":\"PropertyValueSpecification\",\"valueRequired\":true,\"valueName\":\"search_term_string\"}}],\"inLanguage\":\"de\"},{\"@type\":\"Organization\",\"@id\":\"https:\/\/www.formula-h-skincare.com\/de\/#organization\",\"name\":\"Formula H Skincare ApS\",\"url\":\"https:\/\/www.formula-h-skincare.com\/de\/\",\"logo\":{\"@type\":\"ImageObject\",\"inLanguage\":\"de\",\"@id\":\"https:\/\/www.formula-h-skincare.com\/de\/#\/schema\/logo\/image\/\",\"url\":\"https:\/\/www.formula-h-skincare.com\/wp-content\/uploads\/2021\/05\/Formula-H_neg-B125px.png\",\"contentUrl\":\"https:\/\/www.formula-h-skincare.com\/wp-content\/uploads\/2021\/05\/Formula-H_neg-B125px.png\",\"width\":125,\"height\":133,\"caption\":\"Formula H Skincare ApS\"},\"image\":{\"@id\":\"https:\/\/www.formula-h-skincare.com\/de\/#\/schema\/logo\/image\/\"},\"sameAs\":[\"https:\/\/www.facebook.com\/Formula-H-Skincare-114088206974208\/\",\"https:\/\/www.instagram.com\/formula_h_skincare\/\",\"https:\/\/www.linkedin.com\/company\/73784209\/admin\/\",\"https:\/\/www.youtube.com\/channel\/UC86q8VE-xr9YYJ7UicAhPFw\"]}]}<\/script>\n<!-- \/ Yoast SEO plugin. -->","yoast_head_json":{"title":"Conditioner","robots":{"index":"index","follow":"follow","max-snippet":"max-snippet:-1","max-image-preview":"max-image-preview:large","max-video-preview":"max-video-preview:-1"},"canonical":"https:\/\/www.formula-h-skincare.com\/de\/produkt\/conditioner-250-ml\/","og_locale":"de_DE","og_type":"article","og_title":"Conditioner","og_description":"Wirkung:  Die Formula H Conditioner schlie\u00dft die Schuppenschicht und versorgt jedes einzelne Haar mit Feuchtigkeit und Schutz. Dies verhindert statisch aufgeladene und abstehende Haare.  &nbsp;  Inhalt:  Die Formula H Conditioner enth\u00e4lt die besten \u00d6le mit Omega 3, 6 und 9 sowie Vitamin A, C und E. Die \u00d6le sch\u00fctzen das Haar und machen es leichter pflegbar.  &nbsp;  Anwendung:  Nach der W\u00e4sche mit dem Formula H Haar &amp; K\u00f6rper Shampoo das Haar gut auswringen und anschlie\u00dfend in ein Handtuch einwickeln und kurz ausdr\u00fccken. Danach die Formula H Conditioner in den H\u00e4nden verteilen und im noch feuchten Haar verteilen, ohne sie einzumassieren. Am Haaransatz nur kleine Mengen Sp\u00fclung verwenden und gr\u00f6\u00dfere in den L\u00e4ngen und Spitzen. Bei Bedarf kann eine B\u00fcrste dabei helfen, der Conditioner zu verteilen. Die Formula H Conditioner ca. 30 Sekunden lang einwirken lassen und danach mit 40 Grad warmem Wasser aussp\u00fclen. Danach erneut die Haare in ein Handtuch einschlagen, um ihnen etwas N\u00e4sse zu entziehen, und anschlie\u00dfend trockenf\u00f6hnen.  Anwendung nach Bedarf und nicht nach jeder Haarw\u00e4sche erforderlich. Bei Zimmertemperatur lagern. F\u00fcr Kinder unzug\u00e4nglich aufbewahren.  \u00a0  Erg\u00e4nzende Produkte:  Um neben dem Haar auch das Gesicht zu pflegen und sch\u00fctzen, empfehlen wir die Verwendung des Formula H Gesichts- und Augenserums sowie der Formula H Tages- oder Nachtcreme. Alle Produkte enthalten \u00d6le, die das nat\u00fcrliche Kollagen der Haut sch\u00fctzen. Kollagen hilft der Haut dabei, ihre Straffheit zu erhalten.  &nbsp;  Soziale Verantwortung:  Formula H kauft seine Rohstoffe direkt beim Produzenten. Dies gibt uns die volle Kontrolle nicht nur \u00fcber deren Qualit\u00e4t, sondern auch \u00fcber die dortigen Arbeitsbedingungen. Mit dem Kauf von Formula H Produkten unterst\u00fctzten sie auf direktem Wege die Mitarbeiter, die die Rohstoffe f\u00fcr unsere Produkte ernten. Formula H stellt sicher, dass die Mitarbeiter auf den Farmen gut entlohnt werden, ihre Kinder zur Schule gehen k\u00f6nnen, die Familien Zugang zu sauberem Wasser, Sanit\u00e4rversorgung und Hygiene, sowie K\u00fchlschr\u00e4nken haben. Durch den Kauf von Formula H Produkten hilfst du uns dabei, einen Unterschied zu machen","og_url":"https:\/\/www.formula-h-skincare.com\/de\/produkt\/conditioner-250-ml\/","article_publisher":"https:\/\/www.facebook.com\/Formula-H-Skincare-114088206974208\/","article_modified_time":"2024-05-10T10:04:08+00:00","og_image":[{"width":1400,"height":1400,"url":"https:\/\/www.formula-h-skincare.com\/wp-content\/uploads\/2021\/04\/HairBalsam-2.png","type":"image\/png"}],"twitter_card":"summary_large_image","schema":{"@context":"https:\/\/schema.org","@graph":[{"@type":"WebPage","@id":"https:\/\/www.formula-h-skincare.com\/de\/produkt\/conditioner-250-ml\/","url":"https:\/\/www.formula-h-skincare.com\/de\/produkt\/conditioner-250-ml\/","name":"Conditioner","isPartOf":{"@id":"https:\/\/www.formula-h-skincare.com\/de\/#website"},"primaryImageOfPage":{"@id":"https:\/\/www.formula-h-skincare.com\/de\/produkt\/conditioner-250-ml\/#primaryimage"},"image":{"@id":"https:\/\/www.formula-h-skincare.com\/de\/produkt\/conditioner-250-ml\/#primaryimage"},"thumbnailUrl":"https:\/\/www.formula-h-skincare.com\/wp-content\/uploads\/2021\/04\/HairBalsam-2.png","datePublished":"2021-09-21T17:49:19+00:00","dateModified":"2024-05-10T10:04:08+00:00","breadcrumb":{"@id":"https:\/\/www.formula-h-skincare.com\/de\/produkt\/conditioner-250-ml\/#breadcrumb"},"inLanguage":"de","potentialAction":[{"@type":"ReadAction","target":["https:\/\/www.formula-h-skincare.com\/de\/produkt\/conditioner-250-ml\/"]}]},{"@type":"ImageObject","inLanguage":"de","@id":"https:\/\/www.formula-h-skincare.com\/de\/produkt\/conditioner-250-ml\/#primaryimage","url":"https:\/\/www.formula-h-skincare.com\/wp-content\/uploads\/2021\/04\/HairBalsam-2.png","contentUrl":"https:\/\/www.formula-h-skincare.com\/wp-content\/uploads\/2021\/04\/HairBalsam-2.png","width":1400,"height":1400},{"@type":"BreadcrumbList","@id":"https:\/\/www.formula-h-skincare.com\/de\/produkt\/conditioner-250-ml\/#breadcrumb","itemListElement":[{"@type":"ListItem","position":1,"name":"Home","item":"https:\/\/www.formula-h-skincare.com\/de\/"},{"@type":"ListItem","position":2,"name":"Shop","item":"https:\/\/www.formula-h-skincare.com\/de\/"},{"@type":"ListItem","position":3,"name":"Conditioner 250 ML"}]},{"@type":"WebSite","@id":"https:\/\/www.formula-h-skincare.com\/de\/#website","url":"https:\/\/www.formula-h-skincare.com\/de\/","name":"https:\/\/www.formula-h-skincare.com\/","description":"","publisher":{"@id":"https:\/\/www.formula-h-skincare.com\/de\/#organization"},"potentialAction":[{"@type":"SearchAction","target":{"@type":"EntryPoint","urlTemplate":"https:\/\/www.formula-h-skincare.com\/de\/?s={search_term_string}"},"query-input":{"@type":"PropertyValueSpecification","valueRequired":true,"valueName":"search_term_string"}}],"inLanguage":"de"},{"@type":"Organization","@id":"https:\/\/www.formula-h-skincare.com\/de\/#organization","name":"Formula H Skincare ApS","url":"https:\/\/www.formula-h-skincare.com\/de\/","logo":{"@type":"ImageObject","inLanguage":"de","@id":"https:\/\/www.formula-h-skincare.com\/de\/#\/schema\/logo\/image\/","url":"https:\/\/www.formula-h-skincare.com\/wp-content\/uploads\/2021\/05\/Formula-H_neg-B125px.png","contentUrl":"https:\/\/www.formula-h-skincare.com\/wp-content\/uploads\/2021\/05\/Formula-H_neg-B125px.png","width":125,"height":133,"caption":"Formula H Skincare ApS"},"image":{"@id":"https:\/\/www.formula-h-skincare.com\/de\/#\/schema\/logo\/image\/"},"sameAs":["https:\/\/www.facebook.com\/Formula-H-Skincare-114088206974208\/","https:\/\/www.instagram.com\/formula_h_skincare\/","https:\/\/www.linkedin.com\/company\/73784209\/admin\/","https:\/\/www.youtube.com\/channel\/UC86q8VE-xr9YYJ7UicAhPFw"]}]}},"brands":[{"id":223,"name":"Formula H Skincare","slug":"formula-h-skincare"}],"_links":{"self":[{"href":"https:\/\/www.formula-h-skincare.com\/de\/wp-json\/wp\/v2\/product\/2673","targetHints":{"allow":["GET"]}}],"collection":[{"href":"https:\/\/www.formula-h-skincare.com\/de\/wp-json\/wp\/v2\/product"}],"about":[{"href":"https:\/\/www.formula-h-skincare.com\/de\/wp-json\/wp\/v2\/types\/product"}],"replies":[{"embeddable":true,"href":"https:\/\/www.formula-h-skincare.com\/de\/wp-json\/wp\/v2\/comments?post=2673"}],"wp:featuredmedia":[{"embeddable":true,"href":"https:\/\/www.formula-h-skincare.com\/de\/wp-json\/wp\/v2\/media\/6079"}],"wp:attachment":[{"href":"https:\/\/www.formula-h-skincare.com\/de\/wp-json\/wp\/v2\/media?parent=2673"}],"wp:term":[{"taxonomy":"pwb-brand","embeddable":true,"href":"https:\/\/www.formula-h-skincare.com\/de\/wp-json\/wp\/v2\/pwb-brand?post=2673"},{"taxonomy":"product_brand","embeddable":true,"href":"https:\/\/www.formula-h-skincare.com\/de\/wp-json\/wp\/v2\/product_brand?post=2673"},{"taxonomy":"product_cat","embeddable":true,"href":"https:\/\/www.formula-h-skincare.com\/de\/wp-json\/wp\/v2\/product_cat?post=2673"},{"taxonomy":"product_tag","embeddable":true,"href":"https:\/\/www.formula-h-skincare.com\/de\/wp-json\/wp\/v2\/product_tag?post=2673"}],"curies":[{"name":"wp","href":"https:\/\/api.w.org\/{rel}","templated":true}]}}