{"id":2675,"date":"2021-09-21T19:49:19","date_gmt":"2021-09-21T17:49:19","guid":{"rendered":"https:\/\/www.formula-h-skincare.com\/product\/gesichtspeeling-100-ml\/"},"modified":"2024-05-10T12:04:09","modified_gmt":"2024-05-10T10:04:09","slug":"gesichtspeeling-100-ml","status":"publish","type":"product","link":"https:\/\/www.formula-h-skincare.com\/de\/produkt\/gesichtspeeling-100-ml\/","title":{"rendered":"Gesichtspeeling 100 ML"},"content":{"rendered":"<p><strong>Inhaltsstoffe: <\/strong><\/p>\n<p>Aqua** (Water), Glycerin*, Paraffinum Liquidum*(Mineral Oil), Isopropyl Palmitate**, Glyceryl Stearate Citrate*, Glyceryl Stearate SE*, Prunus Armeniaca* Seed Powder**, Butyrospermum Parkii* (SheaButter), Dimethicone**, Prunus Amygdalus* (Sweet Almond) Dulcis Oil**, Argania Spinosa Kernel Oil*, Macadamia Integrifolia Seed Oil*, Olus Oil*, Fragaria Ananassa* (Strawberry) Fruit Extract*, Prunus Persica* (Peach) Fruit Extract*, Rubus Idaeus* (Raspberry) Fruit Extract*, Actinidia Chinensis* (Kiwi) Fruit Extract*, Pyrus Malus* (Apple) Fruit Extract**, Carica Papaya* (Papaya) Fruit Extract**, Cucumis Sativus* (Cucumber) Fruit Extract**, Tocopherol*, Tocopheryl Acetate*, Acrylates\/C10-30 Alkyl* Acrylate Strona** 2 z 2 Crosspolymer*, Xanthan Gum*, Citric Acid*, Triethanolamine**, Hydroxyacetophenone*, Ethylhexylglycerin*, Phenoxyethanol**, Sodium Benzoate*, Potassium Sorbate*, Parfum* (Fragrance), Hexyl Cinnamal**. *=Natural, **=Organic<\/p>\n","protected":false},"excerpt":{"rendered":"<p><strong>Wirkung:<\/strong><\/p>\n<p>Das Formula H Gesichtspeeling entfernt abgestorbene Hautzellen.<\/p>\n<p>&nbsp;<\/p>\n<p><strong>Inhalt: <\/strong><\/p>\n<p>Das Formula H Gesichtspeeling ist eine perfekte Mischung aus sehr kleinen Mandelkernen und einer Reihe verschiedener \u00d6le (Shea, Macadamia, Erdbeere, Birne, Apfel, Kiwi, Papaya, Castor und Gurke). W\u00e4hrend die Mandelkerne die tote Hautschicht entfernen, ziehen die \u00d6le in die Haut ein und verst\u00e4rken den Regenerierungsprozess.<\/p>\n<p>&nbsp;<\/p>\n<p><strong>Anwendung:<\/strong><\/p>\n<p>Das Gesichtspeeling auf die Haut auftragen und gerne so lange einmassieren, bis die Haut leicht rot wird. Das Produkt anschlie\u00dfend f\u00fcnf\u00a0Minuten lang einwirken lassen und dann mit lauwarmem Wasser und Formula H\u00a0Haar &amp; K\u00f6rper Shampoo absp\u00fclen. F\u00fcr alle Hauttypen geeignet. Anwendung bis zu dreimal w\u00f6chentlich. Bei Zimmertemperatur lagern. F\u00fcr Kinder unzug\u00e4nglich aufbewahren<\/p>\n<p><strong>\u00a0<\/strong><\/p>\n<p><strong>Erg\u00e4nzende Produkte:<\/strong><\/p>\n<p>Nach Anwendung des Gesichtspeelings empfehlen wir, die Haut mit der Formula H Tages- oder Nachtcreme zu pflegen.<\/p>\n<p><strong>\u00a0<\/strong><\/p>\n<p><strong>Soziale Verantwortung:<\/strong><\/p>\n<p>Formula H kauft seine Rohstoffe direkt beim Produzenten. Dies gibt uns die volle Kontrolle nicht nur \u00fcber deren Qualit\u00e4t, sondern auch \u00fcber die dortigen Arbeitsbedingungen. Mit dem Kauf von Formula H Produkten unterst\u00fctzten sie auf direktem Wege die Mitarbeiter, die die Rohstoffe f\u00fcr unsere Produkte ernten. Formula H stellt sicher, dass die Mitarbeiter auf den Farmen gut entlohnt werden, ihre Kinder zur Schule gehen k\u00f6nnen, die Familien Zugang zu sauberem Wasser, Sanit\u00e4rversorgung und Hygiene, sowie K\u00fchlschr\u00e4nken haben. Durch den Kauf von Formula H Produkten hilfst du uns dabei, einen Unterschied zu machen<\/p>\n","protected":false},"featured_media":8677,"comment_status":"open","ping_status":"closed","template":"","meta":[],"pwb-brand":[223],"product_brand":[],"product_cat":[297,139,153],"product_tag":[172],"class_list":{"0":"post-2675","1":"product","2":"type-product","3":"status-publish","4":"has-post-thumbnail","6":"pwb-brand-formula-h-skincare","7":"product_cat-damen","8":"product_cat-face-de","9":"product_cat-wellness-de","10":"product_tag-gesichtsschwamm","12":"first","13":"instock","14":"taxable","15":"shipping-taxable","16":"purchasable","17":"product-type-simple"},"yoast_head":"<!-- This site is optimized with the Yoast SEO plugin v27.2 - https:\/\/yoast.com\/product\/yoast-seo-wordpress\/ -->\n<title>Gesichtspeeling<\/title>\n<meta name=\"robots\" content=\"index, follow, max-snippet:-1, max-image-preview:large, max-video-preview:-1\" \/>\n<link rel=\"canonical\" href=\"https:\/\/www.formula-h-skincare.com\/de\/produkt\/gesichtspeeling-100-ml\/\" \/>\n<meta property=\"og:locale\" content=\"de_DE\" \/>\n<meta property=\"og:type\" content=\"article\" \/>\n<meta property=\"og:title\" content=\"Gesichtspeeling\" \/>\n<meta property=\"og:description\" content=\"Wirkung:  Das Formula H Gesichtspeeling entfernt abgestorbene Hautzellen.  &nbsp;  Inhalt:   Das Formula H Gesichtspeeling ist eine perfekte Mischung aus sehr kleinen Mandelkernen und einer Reihe verschiedener \u00d6le (Shea, Macadamia, Erdbeere, Birne, Apfel, Kiwi, Papaya, Castor und Gurke). W\u00e4hrend die Mandelkerne die tote Hautschicht entfernen, ziehen die \u00d6le in die Haut ein und verst\u00e4rken den Regenerierungsprozess.  &nbsp;  Anwendung:  Das Gesichtspeeling auf die Haut auftragen und gerne so lange einmassieren, bis die Haut leicht rot wird. Das Produkt anschlie\u00dfend f\u00fcnf\u00a0Minuten lang einwirken lassen und dann mit lauwarmem Wasser und Formula H\u00a0Haar &amp; K\u00f6rper Shampoo absp\u00fclen. F\u00fcr alle Hauttypen geeignet. Anwendung bis zu dreimal w\u00f6chentlich. Bei Zimmertemperatur lagern. F\u00fcr Kinder unzug\u00e4nglich aufbewahren  \u00a0  Erg\u00e4nzende Produkte:  Nach Anwendung des Gesichtspeelings empfehlen wir, die Haut mit der Formula H Tages- oder Nachtcreme zu pflegen.  \u00a0  Soziale Verantwortung:  Formula H kauft seine Rohstoffe direkt beim Produzenten. Dies gibt uns die volle Kontrolle nicht nur \u00fcber deren Qualit\u00e4t, sondern auch \u00fcber die dortigen Arbeitsbedingungen. Mit dem Kauf von Formula H Produkten unterst\u00fctzten sie auf direktem Wege die Mitarbeiter, die die Rohstoffe f\u00fcr unsere Produkte ernten. Formula H stellt sicher, dass die Mitarbeiter auf den Farmen gut entlohnt werden, ihre Kinder zur Schule gehen k\u00f6nnen, die Familien Zugang zu sauberem Wasser, Sanit\u00e4rversorgung und Hygiene, sowie K\u00fchlschr\u00e4nken haben. Durch den Kauf von Formula H Produkten hilfst du uns dabei, einen Unterschied zu machen\" \/>\n<meta property=\"og:url\" content=\"https:\/\/www.formula-h-skincare.com\/de\/produkt\/gesichtspeeling-100-ml\/\" \/>\n<meta property=\"article:publisher\" content=\"https:\/\/www.facebook.com\/Formula-H-Skincare-114088206974208\/\" \/>\n<meta property=\"article:modified_time\" content=\"2024-05-10T10:04:09+00:00\" \/>\n<meta property=\"og:image\" content=\"https:\/\/www.formula-h-skincare.com\/wp-content\/uploads\/2021\/04\/FaceScrub-100-ml.png\" \/>\n\t<meta property=\"og:image:width\" content=\"1386\" \/>\n\t<meta property=\"og:image:height\" content=\"1383\" \/>\n\t<meta property=\"og:image:type\" content=\"image\/png\" \/>\n<meta name=\"twitter:card\" content=\"summary_large_image\" \/>\n<meta name=\"twitter:label1\" content=\"Gesch\u00e4tzte Lesezeit\" \/>\n\t<meta name=\"twitter:data1\" content=\"1\u00a0Minute\" \/>\n<script type=\"application\/ld+json\" class=\"yoast-schema-graph\">{\"@context\":\"https:\/\/schema.org\",\"@graph\":[{\"@type\":\"WebPage\",\"@id\":\"https:\/\/www.formula-h-skincare.com\/de\/produkt\/gesichtspeeling-100-ml\/\",\"url\":\"https:\/\/www.formula-h-skincare.com\/de\/produkt\/gesichtspeeling-100-ml\/\",\"name\":\"Gesichtspeeling\",\"isPartOf\":{\"@id\":\"https:\/\/www.formula-h-skincare.com\/de\/#website\"},\"primaryImageOfPage\":{\"@id\":\"https:\/\/www.formula-h-skincare.com\/de\/produkt\/gesichtspeeling-100-ml\/#primaryimage\"},\"image\":{\"@id\":\"https:\/\/www.formula-h-skincare.com\/de\/produkt\/gesichtspeeling-100-ml\/#primaryimage\"},\"thumbnailUrl\":\"https:\/\/www.formula-h-skincare.com\/wp-content\/uploads\/2021\/04\/FaceScrub-100-ml.png\",\"datePublished\":\"2021-09-21T17:49:19+00:00\",\"dateModified\":\"2024-05-10T10:04:09+00:00\",\"breadcrumb\":{\"@id\":\"https:\/\/www.formula-h-skincare.com\/de\/produkt\/gesichtspeeling-100-ml\/#breadcrumb\"},\"inLanguage\":\"de\",\"potentialAction\":[{\"@type\":\"ReadAction\",\"target\":[\"https:\/\/www.formula-h-skincare.com\/de\/produkt\/gesichtspeeling-100-ml\/\"]}]},{\"@type\":\"ImageObject\",\"inLanguage\":\"de\",\"@id\":\"https:\/\/www.formula-h-skincare.com\/de\/produkt\/gesichtspeeling-100-ml\/#primaryimage\",\"url\":\"https:\/\/www.formula-h-skincare.com\/wp-content\/uploads\/2021\/04\/FaceScrub-100-ml.png\",\"contentUrl\":\"https:\/\/www.formula-h-skincare.com\/wp-content\/uploads\/2021\/04\/FaceScrub-100-ml.png\",\"width\":1386,\"height\":1383},{\"@type\":\"BreadcrumbList\",\"@id\":\"https:\/\/www.formula-h-skincare.com\/de\/produkt\/gesichtspeeling-100-ml\/#breadcrumb\",\"itemListElement\":[{\"@type\":\"ListItem\",\"position\":1,\"name\":\"Home\",\"item\":\"https:\/\/www.formula-h-skincare.com\/de\/\"},{\"@type\":\"ListItem\",\"position\":2,\"name\":\"Shop\",\"item\":\"https:\/\/www.formula-h-skincare.com\/de\/\"},{\"@type\":\"ListItem\",\"position\":3,\"name\":\"Gesichtspeeling 100 ML\"}]},{\"@type\":\"WebSite\",\"@id\":\"https:\/\/www.formula-h-skincare.com\/de\/#website\",\"url\":\"https:\/\/www.formula-h-skincare.com\/de\/\",\"name\":\"https:\/\/www.formula-h-skincare.com\/\",\"description\":\"\",\"publisher\":{\"@id\":\"https:\/\/www.formula-h-skincare.com\/de\/#organization\"},\"potentialAction\":[{\"@type\":\"SearchAction\",\"target\":{\"@type\":\"EntryPoint\",\"urlTemplate\":\"https:\/\/www.formula-h-skincare.com\/de\/?s={search_term_string}\"},\"query-input\":{\"@type\":\"PropertyValueSpecification\",\"valueRequired\":true,\"valueName\":\"search_term_string\"}}],\"inLanguage\":\"de\"},{\"@type\":\"Organization\",\"@id\":\"https:\/\/www.formula-h-skincare.com\/de\/#organization\",\"name\":\"Formula H Skincare ApS\",\"url\":\"https:\/\/www.formula-h-skincare.com\/de\/\",\"logo\":{\"@type\":\"ImageObject\",\"inLanguage\":\"de\",\"@id\":\"https:\/\/www.formula-h-skincare.com\/de\/#\/schema\/logo\/image\/\",\"url\":\"https:\/\/www.formula-h-skincare.com\/wp-content\/uploads\/2021\/05\/Formula-H_neg-B125px.png\",\"contentUrl\":\"https:\/\/www.formula-h-skincare.com\/wp-content\/uploads\/2021\/05\/Formula-H_neg-B125px.png\",\"width\":125,\"height\":133,\"caption\":\"Formula H Skincare ApS\"},\"image\":{\"@id\":\"https:\/\/www.formula-h-skincare.com\/de\/#\/schema\/logo\/image\/\"},\"sameAs\":[\"https:\/\/www.facebook.com\/Formula-H-Skincare-114088206974208\/\",\"https:\/\/www.instagram.com\/formula_h_skincare\/\",\"https:\/\/www.linkedin.com\/company\/73784209\/admin\/\",\"https:\/\/www.youtube.com\/channel\/UC86q8VE-xr9YYJ7UicAhPFw\"]}]}<\/script>\n<!-- \/ Yoast SEO plugin. -->","yoast_head_json":{"title":"Gesichtspeeling","robots":{"index":"index","follow":"follow","max-snippet":"max-snippet:-1","max-image-preview":"max-image-preview:large","max-video-preview":"max-video-preview:-1"},"canonical":"https:\/\/www.formula-h-skincare.com\/de\/produkt\/gesichtspeeling-100-ml\/","og_locale":"de_DE","og_type":"article","og_title":"Gesichtspeeling","og_description":"Wirkung:  Das Formula H Gesichtspeeling entfernt abgestorbene Hautzellen.  &nbsp;  Inhalt:   Das Formula H Gesichtspeeling ist eine perfekte Mischung aus sehr kleinen Mandelkernen und einer Reihe verschiedener \u00d6le (Shea, Macadamia, Erdbeere, Birne, Apfel, Kiwi, Papaya, Castor und Gurke). W\u00e4hrend die Mandelkerne die tote Hautschicht entfernen, ziehen die \u00d6le in die Haut ein und verst\u00e4rken den Regenerierungsprozess.  &nbsp;  Anwendung:  Das Gesichtspeeling auf die Haut auftragen und gerne so lange einmassieren, bis die Haut leicht rot wird. Das Produkt anschlie\u00dfend f\u00fcnf\u00a0Minuten lang einwirken lassen und dann mit lauwarmem Wasser und Formula H\u00a0Haar &amp; K\u00f6rper Shampoo absp\u00fclen. F\u00fcr alle Hauttypen geeignet. Anwendung bis zu dreimal w\u00f6chentlich. Bei Zimmertemperatur lagern. F\u00fcr Kinder unzug\u00e4nglich aufbewahren  \u00a0  Erg\u00e4nzende Produkte:  Nach Anwendung des Gesichtspeelings empfehlen wir, die Haut mit der Formula H Tages- oder Nachtcreme zu pflegen.  \u00a0  Soziale Verantwortung:  Formula H kauft seine Rohstoffe direkt beim Produzenten. Dies gibt uns die volle Kontrolle nicht nur \u00fcber deren Qualit\u00e4t, sondern auch \u00fcber die dortigen Arbeitsbedingungen. Mit dem Kauf von Formula H Produkten unterst\u00fctzten sie auf direktem Wege die Mitarbeiter, die die Rohstoffe f\u00fcr unsere Produkte ernten. Formula H stellt sicher, dass die Mitarbeiter auf den Farmen gut entlohnt werden, ihre Kinder zur Schule gehen k\u00f6nnen, die Familien Zugang zu sauberem Wasser, Sanit\u00e4rversorgung und Hygiene, sowie K\u00fchlschr\u00e4nken haben. Durch den Kauf von Formula H Produkten hilfst du uns dabei, einen Unterschied zu machen","og_url":"https:\/\/www.formula-h-skincare.com\/de\/produkt\/gesichtspeeling-100-ml\/","article_publisher":"https:\/\/www.facebook.com\/Formula-H-Skincare-114088206974208\/","article_modified_time":"2024-05-10T10:04:09+00:00","og_image":[{"width":1386,"height":1383,"url":"https:\/\/www.formula-h-skincare.com\/wp-content\/uploads\/2021\/04\/FaceScrub-100-ml.png","type":"image\/png"}],"twitter_card":"summary_large_image","twitter_misc":{"Gesch\u00e4tzte Lesezeit":"1\u00a0Minute"},"schema":{"@context":"https:\/\/schema.org","@graph":[{"@type":"WebPage","@id":"https:\/\/www.formula-h-skincare.com\/de\/produkt\/gesichtspeeling-100-ml\/","url":"https:\/\/www.formula-h-skincare.com\/de\/produkt\/gesichtspeeling-100-ml\/","name":"Gesichtspeeling","isPartOf":{"@id":"https:\/\/www.formula-h-skincare.com\/de\/#website"},"primaryImageOfPage":{"@id":"https:\/\/www.formula-h-skincare.com\/de\/produkt\/gesichtspeeling-100-ml\/#primaryimage"},"image":{"@id":"https:\/\/www.formula-h-skincare.com\/de\/produkt\/gesichtspeeling-100-ml\/#primaryimage"},"thumbnailUrl":"https:\/\/www.formula-h-skincare.com\/wp-content\/uploads\/2021\/04\/FaceScrub-100-ml.png","datePublished":"2021-09-21T17:49:19+00:00","dateModified":"2024-05-10T10:04:09+00:00","breadcrumb":{"@id":"https:\/\/www.formula-h-skincare.com\/de\/produkt\/gesichtspeeling-100-ml\/#breadcrumb"},"inLanguage":"de","potentialAction":[{"@type":"ReadAction","target":["https:\/\/www.formula-h-skincare.com\/de\/produkt\/gesichtspeeling-100-ml\/"]}]},{"@type":"ImageObject","inLanguage":"de","@id":"https:\/\/www.formula-h-skincare.com\/de\/produkt\/gesichtspeeling-100-ml\/#primaryimage","url":"https:\/\/www.formula-h-skincare.com\/wp-content\/uploads\/2021\/04\/FaceScrub-100-ml.png","contentUrl":"https:\/\/www.formula-h-skincare.com\/wp-content\/uploads\/2021\/04\/FaceScrub-100-ml.png","width":1386,"height":1383},{"@type":"BreadcrumbList","@id":"https:\/\/www.formula-h-skincare.com\/de\/produkt\/gesichtspeeling-100-ml\/#breadcrumb","itemListElement":[{"@type":"ListItem","position":1,"name":"Home","item":"https:\/\/www.formula-h-skincare.com\/de\/"},{"@type":"ListItem","position":2,"name":"Shop","item":"https:\/\/www.formula-h-skincare.com\/de\/"},{"@type":"ListItem","position":3,"name":"Gesichtspeeling 100 ML"}]},{"@type":"WebSite","@id":"https:\/\/www.formula-h-skincare.com\/de\/#website","url":"https:\/\/www.formula-h-skincare.com\/de\/","name":"https:\/\/www.formula-h-skincare.com\/","description":"","publisher":{"@id":"https:\/\/www.formula-h-skincare.com\/de\/#organization"},"potentialAction":[{"@type":"SearchAction","target":{"@type":"EntryPoint","urlTemplate":"https:\/\/www.formula-h-skincare.com\/de\/?s={search_term_string}"},"query-input":{"@type":"PropertyValueSpecification","valueRequired":true,"valueName":"search_term_string"}}],"inLanguage":"de"},{"@type":"Organization","@id":"https:\/\/www.formula-h-skincare.com\/de\/#organization","name":"Formula H Skincare ApS","url":"https:\/\/www.formula-h-skincare.com\/de\/","logo":{"@type":"ImageObject","inLanguage":"de","@id":"https:\/\/www.formula-h-skincare.com\/de\/#\/schema\/logo\/image\/","url":"https:\/\/www.formula-h-skincare.com\/wp-content\/uploads\/2021\/05\/Formula-H_neg-B125px.png","contentUrl":"https:\/\/www.formula-h-skincare.com\/wp-content\/uploads\/2021\/05\/Formula-H_neg-B125px.png","width":125,"height":133,"caption":"Formula H Skincare ApS"},"image":{"@id":"https:\/\/www.formula-h-skincare.com\/de\/#\/schema\/logo\/image\/"},"sameAs":["https:\/\/www.facebook.com\/Formula-H-Skincare-114088206974208\/","https:\/\/www.instagram.com\/formula_h_skincare\/","https:\/\/www.linkedin.com\/company\/73784209\/admin\/","https:\/\/www.youtube.com\/channel\/UC86q8VE-xr9YYJ7UicAhPFw"]}]}},"brands":[{"id":223,"name":"Formula H Skincare","slug":"formula-h-skincare"}],"_links":{"self":[{"href":"https:\/\/www.formula-h-skincare.com\/de\/wp-json\/wp\/v2\/product\/2675","targetHints":{"allow":["GET"]}}],"collection":[{"href":"https:\/\/www.formula-h-skincare.com\/de\/wp-json\/wp\/v2\/product"}],"about":[{"href":"https:\/\/www.formula-h-skincare.com\/de\/wp-json\/wp\/v2\/types\/product"}],"replies":[{"embeddable":true,"href":"https:\/\/www.formula-h-skincare.com\/de\/wp-json\/wp\/v2\/comments?post=2675"}],"wp:featuredmedia":[{"embeddable":true,"href":"https:\/\/www.formula-h-skincare.com\/de\/wp-json\/wp\/v2\/media\/8677"}],"wp:attachment":[{"href":"https:\/\/www.formula-h-skincare.com\/de\/wp-json\/wp\/v2\/media?parent=2675"}],"wp:term":[{"taxonomy":"pwb-brand","embeddable":true,"href":"https:\/\/www.formula-h-skincare.com\/de\/wp-json\/wp\/v2\/pwb-brand?post=2675"},{"taxonomy":"product_brand","embeddable":true,"href":"https:\/\/www.formula-h-skincare.com\/de\/wp-json\/wp\/v2\/product_brand?post=2675"},{"taxonomy":"product_cat","embeddable":true,"href":"https:\/\/www.formula-h-skincare.com\/de\/wp-json\/wp\/v2\/product_cat?post=2675"},{"taxonomy":"product_tag","embeddable":true,"href":"https:\/\/www.formula-h-skincare.com\/de\/wp-json\/wp\/v2\/product_tag?post=2675"}],"curies":[{"name":"wp","href":"https:\/\/api.w.org\/{rel}","templated":true}]}}