{"id":2676,"date":"2021-09-21T19:49:19","date_gmt":"2021-09-21T17:49:19","guid":{"rendered":"https:\/\/www.formula-h-skincare.com\/product\/augenserum-10-ml-roll-on\/"},"modified":"2025-04-22T08:21:10","modified_gmt":"2025-04-22T06:21:10","slug":"augenserum-10-ml-roll-on","status":"publish","type":"product","link":"https:\/\/www.formula-h-skincare.com\/de\/produkt\/augenserum-10-ml-roll-on\/","title":{"rendered":"Augenserum 10 ML Roll On"},"content":{"rendered":"<p><strong>Inhaltsstoffe: <\/strong><\/p>\n<p>Aloe Barbadensis (Aloe Vera) Leaf Juice*, Acacia Senegal Gum*, Glycerin**, H Seed Oil*, Propanediol*, Hydrolyzed Rhizobian Gum*, Xanthan Gum*, Plukenetia Volubilis Seed Oil*, Tocopherol*, Polyglyceryl-6 Distearate*, Jojoba Esters*, Polyglyceryl-3 Beeswax**, Cetyl Alcohol**, Glyceryl Stearate SE**, Squalane**, Simmondsia Chinensis (Jojoba) Seed Oil*, Olea Europaea (Olive) Fruit Oil*, Sodium Hyaluronate**, Beta-Sitosterol**, Isoamyl Laurate*, Isoamyl Cocoate**, p-Anisic Acid*, Benzoic Acid:, Aqua** (Water), Parfum* (Fragrance)*, Glyceryl Caprylate**, Benzyl Alcohol**, Sodium Levulinate*, Levulinic Acid**. * = organic \u00b7 ** = natural<\/p>\n","protected":false},"excerpt":{"rendered":"<p><strong>Wirkung:<\/strong><\/p>\n<p>Das Formula H Augenserum hilft dabei, die Straffheit der empfindlichen Haut um die Augen herum zu erhalten.<\/p>\n<p><strong>Inhalt: <\/strong><\/p>\n<p>Das Formula H Augenserum ist ein hautstraffendes Serum f\u00fcr den Bereich um die Augen. Das Augenserum enth\u00e4lt Extrakte der Akazie, Aloe Vera sowie Jojoba, die gemeinsam mit dem Hyaluron daf\u00fcr sorgen, dass die feinen Linien um die Augen herum mit der Zeit ausgegl\u00e4ttet werden.<\/p>\n<p><strong>Anwendung:<\/strong><\/p>\n<p>Eine kleine Menge des Augenserums auftragen und sanft einmassieren. F\u00fcr alle Hauttypen geeignet. Bei Zimmertemperatur lagern. F\u00fcr Kinder unzug\u00e4nglich aufbewahren.<\/p>\n<p><strong>Erg\u00e4nzende Produkte:<\/strong><\/p>\n<p>Das Formula H Augenserum ist speziell f\u00fcr den Bereich um die Augen herum gedacht. F\u00fcr die restlichen Bereiche des Gesichts sowie f\u00fcr die Halspartie und das Dekollet\u00e9 wurde das Formula H Gesichtsserum entwickelt. F\u00fcr einen noch besseren Effekt gegen die feinen Linien im Gesicht empfehlen wir eine Kombination aus dem Formula H Straffendes Serum &#8211; Tag und dem Formula H Straffendes Serum &#8211; Nacht.<\/p>\n<p><strong>\u00a0<\/strong><\/p>\n<p><strong>Soziale Verantwortung:<\/strong><\/p>\n<p>Formula H kauft seine Rohstoffe direkt beim Produzenten. Dies gibt uns die volle Kontrolle nicht nur \u00fcber deren Qualit\u00e4t, sondern auch \u00fcber die dortigen Arbeitsbedingungen. Mit dem Kauf von Formula H Produkten unterst\u00fctzten sie auf direktem Wege die Mitarbeiter, die die Rohstoffe f\u00fcr unsere Produkte ernten. Formula H stellt sicher, dass die Mitarbeiter auf den Farmen gut entlohnt werden, ihre Kinder zur Schule gehen k\u00f6nnen, die Familien Zugang zu sauberem Wasser, Sanit\u00e4rversorgung und Hygiene, sowie K\u00fchlschr\u00e4nken haben. Durch den Kauf von Formula H Produkten hilfst du uns dabei, einen Unterschied zu machen<\/p>\n","protected":false},"featured_media":6074,"comment_status":"open","ping_status":"closed","template":"","meta":[],"pwb-brand":[223],"product_brand":[],"product_cat":[297,139,151,153],"product_tag":[206],"class_list":{"0":"post-2676","1":"product","2":"type-product","3":"status-publish","4":"has-post-thumbnail","6":"pwb-brand-formula-h-skincare","7":"product_cat-damen","8":"product_cat-face-de","9":"product_cat-serum-de","10":"product_cat-wellness-de","11":"product_tag-falten-unter-den-augen","13":"first","14":"instock","15":"taxable","16":"shipping-taxable","17":"purchasable","18":"product-type-simple"},"yoast_head":"<!-- This site is optimized with the Yoast SEO plugin v27.2 - https:\/\/yoast.com\/product\/yoast-seo-wordpress\/ -->\n<title>serum<\/title>\n<meta name=\"robots\" content=\"index, follow, max-snippet:-1, max-image-preview:large, max-video-preview:-1\" \/>\n<link rel=\"canonical\" href=\"https:\/\/www.formula-h-skincare.com\/de\/produkt\/augenserum-10-ml-roll-on\/\" \/>\n<meta property=\"og:locale\" content=\"de_DE\" \/>\n<meta property=\"og:type\" content=\"article\" \/>\n<meta property=\"og:title\" content=\"serum\" \/>\n<meta property=\"og:description\" content=\"Wirkung:  Das Formula H Augenserum hilft dabei, die Straffheit der empfindlichen Haut um die Augen herum zu erhalten.  Inhalt:   Das Formula H Augenserum ist ein hautstraffendes Serum f\u00fcr den Bereich um die Augen. Das Augenserum enth\u00e4lt Extrakte der Akazie, Aloe Vera sowie Jojoba, die gemeinsam mit dem Hyaluron daf\u00fcr sorgen, dass die feinen Linien um die Augen herum mit der Zeit ausgegl\u00e4ttet werden.  Anwendung:  Eine kleine Menge des Augenserums auftragen und sanft einmassieren. F\u00fcr alle Hauttypen geeignet. Bei Zimmertemperatur lagern. F\u00fcr Kinder unzug\u00e4nglich aufbewahren.  Erg\u00e4nzende Produkte:  Das Formula H Augenserum ist speziell f\u00fcr den Bereich um die Augen herum gedacht. F\u00fcr die restlichen Bereiche des Gesichts sowie f\u00fcr die Halspartie und das Dekollet\u00e9 wurde das Formula H Gesichtsserum entwickelt. F\u00fcr einen noch besseren Effekt gegen die feinen Linien im Gesicht empfehlen wir eine Kombination aus dem Formula H Straffendes Serum - Tag und dem Formula H Straffendes Serum - Nacht.  \u00a0  Soziale Verantwortung:  Formula H kauft seine Rohstoffe direkt beim Produzenten. Dies gibt uns die volle Kontrolle nicht nur \u00fcber deren Qualit\u00e4t, sondern auch \u00fcber die dortigen Arbeitsbedingungen. Mit dem Kauf von Formula H Produkten unterst\u00fctzten sie auf direktem Wege die Mitarbeiter, die die Rohstoffe f\u00fcr unsere Produkte ernten. Formula H stellt sicher, dass die Mitarbeiter auf den Farmen gut entlohnt werden, ihre Kinder zur Schule gehen k\u00f6nnen, die Familien Zugang zu sauberem Wasser, Sanit\u00e4rversorgung und Hygiene, sowie K\u00fchlschr\u00e4nken haben. Durch den Kauf von Formula H Produkten hilfst du uns dabei, einen Unterschied zu machen\" \/>\n<meta property=\"og:url\" content=\"https:\/\/www.formula-h-skincare.com\/de\/produkt\/augenserum-10-ml-roll-on\/\" \/>\n<meta property=\"article:publisher\" content=\"https:\/\/www.facebook.com\/Formula-H-Skincare-114088206974208\/\" \/>\n<meta property=\"article:modified_time\" content=\"2025-04-22T06:21:10+00:00\" \/>\n<meta property=\"og:image\" content=\"https:\/\/www.formula-h-skincare.com\/wp-content\/uploads\/2021\/04\/EyeSerum_10ml-2.png\" \/>\n\t<meta property=\"og:image:width\" content=\"1400\" \/>\n\t<meta property=\"og:image:height\" content=\"1400\" \/>\n\t<meta property=\"og:image:type\" content=\"image\/png\" \/>\n<meta name=\"twitter:card\" content=\"summary_large_image\" \/>\n<script type=\"application\/ld+json\" class=\"yoast-schema-graph\">{\"@context\":\"https:\/\/schema.org\",\"@graph\":[{\"@type\":\"WebPage\",\"@id\":\"https:\/\/www.formula-h-skincare.com\/de\/produkt\/augenserum-10-ml-roll-on\/\",\"url\":\"https:\/\/www.formula-h-skincare.com\/de\/produkt\/augenserum-10-ml-roll-on\/\",\"name\":\"serum\",\"isPartOf\":{\"@id\":\"https:\/\/www.formula-h-skincare.com\/de\/#website\"},\"primaryImageOfPage\":{\"@id\":\"https:\/\/www.formula-h-skincare.com\/de\/produkt\/augenserum-10-ml-roll-on\/#primaryimage\"},\"image\":{\"@id\":\"https:\/\/www.formula-h-skincare.com\/de\/produkt\/augenserum-10-ml-roll-on\/#primaryimage\"},\"thumbnailUrl\":\"https:\/\/www.formula-h-skincare.com\/wp-content\/uploads\/2021\/04\/EyeSerum_10ml-2.png\",\"datePublished\":\"2021-09-21T17:49:19+00:00\",\"dateModified\":\"2025-04-22T06:21:10+00:00\",\"breadcrumb\":{\"@id\":\"https:\/\/www.formula-h-skincare.com\/de\/produkt\/augenserum-10-ml-roll-on\/#breadcrumb\"},\"inLanguage\":\"de\",\"potentialAction\":[{\"@type\":\"ReadAction\",\"target\":[\"https:\/\/www.formula-h-skincare.com\/de\/produkt\/augenserum-10-ml-roll-on\/\"]}]},{\"@type\":\"ImageObject\",\"inLanguage\":\"de\",\"@id\":\"https:\/\/www.formula-h-skincare.com\/de\/produkt\/augenserum-10-ml-roll-on\/#primaryimage\",\"url\":\"https:\/\/www.formula-h-skincare.com\/wp-content\/uploads\/2021\/04\/EyeSerum_10ml-2.png\",\"contentUrl\":\"https:\/\/www.formula-h-skincare.com\/wp-content\/uploads\/2021\/04\/EyeSerum_10ml-2.png\",\"width\":1400,\"height\":1400},{\"@type\":\"BreadcrumbList\",\"@id\":\"https:\/\/www.formula-h-skincare.com\/de\/produkt\/augenserum-10-ml-roll-on\/#breadcrumb\",\"itemListElement\":[{\"@type\":\"ListItem\",\"position\":1,\"name\":\"Home\",\"item\":\"https:\/\/www.formula-h-skincare.com\/de\/\"},{\"@type\":\"ListItem\",\"position\":2,\"name\":\"Shop\",\"item\":\"https:\/\/www.formula-h-skincare.com\/de\/\"},{\"@type\":\"ListItem\",\"position\":3,\"name\":\"Augenserum 10 ML Roll On\"}]},{\"@type\":\"WebSite\",\"@id\":\"https:\/\/www.formula-h-skincare.com\/de\/#website\",\"url\":\"https:\/\/www.formula-h-skincare.com\/de\/\",\"name\":\"https:\/\/www.formula-h-skincare.com\/\",\"description\":\"\",\"publisher\":{\"@id\":\"https:\/\/www.formula-h-skincare.com\/de\/#organization\"},\"potentialAction\":[{\"@type\":\"SearchAction\",\"target\":{\"@type\":\"EntryPoint\",\"urlTemplate\":\"https:\/\/www.formula-h-skincare.com\/de\/?s={search_term_string}\"},\"query-input\":{\"@type\":\"PropertyValueSpecification\",\"valueRequired\":true,\"valueName\":\"search_term_string\"}}],\"inLanguage\":\"de\"},{\"@type\":\"Organization\",\"@id\":\"https:\/\/www.formula-h-skincare.com\/de\/#organization\",\"name\":\"Formula H Skincare ApS\",\"url\":\"https:\/\/www.formula-h-skincare.com\/de\/\",\"logo\":{\"@type\":\"ImageObject\",\"inLanguage\":\"de\",\"@id\":\"https:\/\/www.formula-h-skincare.com\/de\/#\/schema\/logo\/image\/\",\"url\":\"https:\/\/www.formula-h-skincare.com\/wp-content\/uploads\/2021\/05\/Formula-H_neg-B125px.png\",\"contentUrl\":\"https:\/\/www.formula-h-skincare.com\/wp-content\/uploads\/2021\/05\/Formula-H_neg-B125px.png\",\"width\":125,\"height\":133,\"caption\":\"Formula H Skincare ApS\"},\"image\":{\"@id\":\"https:\/\/www.formula-h-skincare.com\/de\/#\/schema\/logo\/image\/\"},\"sameAs\":[\"https:\/\/www.facebook.com\/Formula-H-Skincare-114088206974208\/\",\"https:\/\/www.instagram.com\/formula_h_skincare\/\",\"https:\/\/www.linkedin.com\/company\/73784209\/admin\/\",\"https:\/\/www.youtube.com\/channel\/UC86q8VE-xr9YYJ7UicAhPFw\"]}]}<\/script>\n<!-- \/ Yoast SEO plugin. -->","yoast_head_json":{"title":"serum","robots":{"index":"index","follow":"follow","max-snippet":"max-snippet:-1","max-image-preview":"max-image-preview:large","max-video-preview":"max-video-preview:-1"},"canonical":"https:\/\/www.formula-h-skincare.com\/de\/produkt\/augenserum-10-ml-roll-on\/","og_locale":"de_DE","og_type":"article","og_title":"serum","og_description":"Wirkung:  Das Formula H Augenserum hilft dabei, die Straffheit der empfindlichen Haut um die Augen herum zu erhalten.  Inhalt:   Das Formula H Augenserum ist ein hautstraffendes Serum f\u00fcr den Bereich um die Augen. Das Augenserum enth\u00e4lt Extrakte der Akazie, Aloe Vera sowie Jojoba, die gemeinsam mit dem Hyaluron daf\u00fcr sorgen, dass die feinen Linien um die Augen herum mit der Zeit ausgegl\u00e4ttet werden.  Anwendung:  Eine kleine Menge des Augenserums auftragen und sanft einmassieren. F\u00fcr alle Hauttypen geeignet. Bei Zimmertemperatur lagern. F\u00fcr Kinder unzug\u00e4nglich aufbewahren.  Erg\u00e4nzende Produkte:  Das Formula H Augenserum ist speziell f\u00fcr den Bereich um die Augen herum gedacht. F\u00fcr die restlichen Bereiche des Gesichts sowie f\u00fcr die Halspartie und das Dekollet\u00e9 wurde das Formula H Gesichtsserum entwickelt. F\u00fcr einen noch besseren Effekt gegen die feinen Linien im Gesicht empfehlen wir eine Kombination aus dem Formula H Straffendes Serum - Tag und dem Formula H Straffendes Serum - Nacht.  \u00a0  Soziale Verantwortung:  Formula H kauft seine Rohstoffe direkt beim Produzenten. Dies gibt uns die volle Kontrolle nicht nur \u00fcber deren Qualit\u00e4t, sondern auch \u00fcber die dortigen Arbeitsbedingungen. Mit dem Kauf von Formula H Produkten unterst\u00fctzten sie auf direktem Wege die Mitarbeiter, die die Rohstoffe f\u00fcr unsere Produkte ernten. Formula H stellt sicher, dass die Mitarbeiter auf den Farmen gut entlohnt werden, ihre Kinder zur Schule gehen k\u00f6nnen, die Familien Zugang zu sauberem Wasser, Sanit\u00e4rversorgung und Hygiene, sowie K\u00fchlschr\u00e4nken haben. Durch den Kauf von Formula H Produkten hilfst du uns dabei, einen Unterschied zu machen","og_url":"https:\/\/www.formula-h-skincare.com\/de\/produkt\/augenserum-10-ml-roll-on\/","article_publisher":"https:\/\/www.facebook.com\/Formula-H-Skincare-114088206974208\/","article_modified_time":"2025-04-22T06:21:10+00:00","og_image":[{"width":1400,"height":1400,"url":"https:\/\/www.formula-h-skincare.com\/wp-content\/uploads\/2021\/04\/EyeSerum_10ml-2.png","type":"image\/png"}],"twitter_card":"summary_large_image","schema":{"@context":"https:\/\/schema.org","@graph":[{"@type":"WebPage","@id":"https:\/\/www.formula-h-skincare.com\/de\/produkt\/augenserum-10-ml-roll-on\/","url":"https:\/\/www.formula-h-skincare.com\/de\/produkt\/augenserum-10-ml-roll-on\/","name":"serum","isPartOf":{"@id":"https:\/\/www.formula-h-skincare.com\/de\/#website"},"primaryImageOfPage":{"@id":"https:\/\/www.formula-h-skincare.com\/de\/produkt\/augenserum-10-ml-roll-on\/#primaryimage"},"image":{"@id":"https:\/\/www.formula-h-skincare.com\/de\/produkt\/augenserum-10-ml-roll-on\/#primaryimage"},"thumbnailUrl":"https:\/\/www.formula-h-skincare.com\/wp-content\/uploads\/2021\/04\/EyeSerum_10ml-2.png","datePublished":"2021-09-21T17:49:19+00:00","dateModified":"2025-04-22T06:21:10+00:00","breadcrumb":{"@id":"https:\/\/www.formula-h-skincare.com\/de\/produkt\/augenserum-10-ml-roll-on\/#breadcrumb"},"inLanguage":"de","potentialAction":[{"@type":"ReadAction","target":["https:\/\/www.formula-h-skincare.com\/de\/produkt\/augenserum-10-ml-roll-on\/"]}]},{"@type":"ImageObject","inLanguage":"de","@id":"https:\/\/www.formula-h-skincare.com\/de\/produkt\/augenserum-10-ml-roll-on\/#primaryimage","url":"https:\/\/www.formula-h-skincare.com\/wp-content\/uploads\/2021\/04\/EyeSerum_10ml-2.png","contentUrl":"https:\/\/www.formula-h-skincare.com\/wp-content\/uploads\/2021\/04\/EyeSerum_10ml-2.png","width":1400,"height":1400},{"@type":"BreadcrumbList","@id":"https:\/\/www.formula-h-skincare.com\/de\/produkt\/augenserum-10-ml-roll-on\/#breadcrumb","itemListElement":[{"@type":"ListItem","position":1,"name":"Home","item":"https:\/\/www.formula-h-skincare.com\/de\/"},{"@type":"ListItem","position":2,"name":"Shop","item":"https:\/\/www.formula-h-skincare.com\/de\/"},{"@type":"ListItem","position":3,"name":"Augenserum 10 ML Roll On"}]},{"@type":"WebSite","@id":"https:\/\/www.formula-h-skincare.com\/de\/#website","url":"https:\/\/www.formula-h-skincare.com\/de\/","name":"https:\/\/www.formula-h-skincare.com\/","description":"","publisher":{"@id":"https:\/\/www.formula-h-skincare.com\/de\/#organization"},"potentialAction":[{"@type":"SearchAction","target":{"@type":"EntryPoint","urlTemplate":"https:\/\/www.formula-h-skincare.com\/de\/?s={search_term_string}"},"query-input":{"@type":"PropertyValueSpecification","valueRequired":true,"valueName":"search_term_string"}}],"inLanguage":"de"},{"@type":"Organization","@id":"https:\/\/www.formula-h-skincare.com\/de\/#organization","name":"Formula H Skincare ApS","url":"https:\/\/www.formula-h-skincare.com\/de\/","logo":{"@type":"ImageObject","inLanguage":"de","@id":"https:\/\/www.formula-h-skincare.com\/de\/#\/schema\/logo\/image\/","url":"https:\/\/www.formula-h-skincare.com\/wp-content\/uploads\/2021\/05\/Formula-H_neg-B125px.png","contentUrl":"https:\/\/www.formula-h-skincare.com\/wp-content\/uploads\/2021\/05\/Formula-H_neg-B125px.png","width":125,"height":133,"caption":"Formula H Skincare ApS"},"image":{"@id":"https:\/\/www.formula-h-skincare.com\/de\/#\/schema\/logo\/image\/"},"sameAs":["https:\/\/www.facebook.com\/Formula-H-Skincare-114088206974208\/","https:\/\/www.instagram.com\/formula_h_skincare\/","https:\/\/www.linkedin.com\/company\/73784209\/admin\/","https:\/\/www.youtube.com\/channel\/UC86q8VE-xr9YYJ7UicAhPFw"]}]}},"brands":[{"id":223,"name":"Formula H Skincare","slug":"formula-h-skincare"}],"_links":{"self":[{"href":"https:\/\/www.formula-h-skincare.com\/de\/wp-json\/wp\/v2\/product\/2676","targetHints":{"allow":["GET"]}}],"collection":[{"href":"https:\/\/www.formula-h-skincare.com\/de\/wp-json\/wp\/v2\/product"}],"about":[{"href":"https:\/\/www.formula-h-skincare.com\/de\/wp-json\/wp\/v2\/types\/product"}],"replies":[{"embeddable":true,"href":"https:\/\/www.formula-h-skincare.com\/de\/wp-json\/wp\/v2\/comments?post=2676"}],"wp:featuredmedia":[{"embeddable":true,"href":"https:\/\/www.formula-h-skincare.com\/de\/wp-json\/wp\/v2\/media\/6074"}],"wp:attachment":[{"href":"https:\/\/www.formula-h-skincare.com\/de\/wp-json\/wp\/v2\/media?parent=2676"}],"wp:term":[{"taxonomy":"pwb-brand","embeddable":true,"href":"https:\/\/www.formula-h-skincare.com\/de\/wp-json\/wp\/v2\/pwb-brand?post=2676"},{"taxonomy":"product_brand","embeddable":true,"href":"https:\/\/www.formula-h-skincare.com\/de\/wp-json\/wp\/v2\/product_brand?post=2676"},{"taxonomy":"product_cat","embeddable":true,"href":"https:\/\/www.formula-h-skincare.com\/de\/wp-json\/wp\/v2\/product_cat?post=2676"},{"taxonomy":"product_tag","embeddable":true,"href":"https:\/\/www.formula-h-skincare.com\/de\/wp-json\/wp\/v2\/product_tag?post=2676"}],"curies":[{"name":"wp","href":"https:\/\/api.w.org\/{rel}","templated":true}]}}