{"id":2686,"date":"2021-09-21T19:49:21","date_gmt":"2021-09-21T17:49:21","guid":{"rendered":"https:\/\/www.formula-h-skincare.com\/product\/straffendes-serum-nacht-50-stueck\/"},"modified":"2024-05-12T18:29:42","modified_gmt":"2024-05-12T16:29:42","slug":"straffendes-serum-nacht-50-stueck","status":"publish","type":"product","link":"https:\/\/www.formula-h-skincare.com\/de\/produkt\/straffendes-serum-nacht-50-stueck\/","title":{"rendered":"Straffendes Serum &#8211; Nacht 34 St\u00fcck"},"content":{"rendered":"<p><strong>Inhaltsstoffe:<\/p>\n<p><\/strong>Revivyl, Citystem, Dimethicone**, Cetearyl dimethicone crosspolymer*, Ethylhexyl Palmitate*, Methyl Methacrylate*, Silica Dimethyl Silylate*, Butylene Glycol**, Caprylyl Glycol*, Phenoxyethanol**, Sodium Hyaluronate*, Heylene Glycol**, Myristoyl**, pentapeptide-8*, Myristoyl Tetrapeptide-8*.<\/p>\n","protected":false},"excerpt":{"rendered":"<p><strong>Wirkung:<\/strong><\/p>\n<p>Formula H Straffendes Serum &#8211; Nacht gl\u00e4ttet die feinen Linien im Gesicht.<\/p>\n<p>&nbsp;<\/p>\n<p><strong>Inhalt: <\/strong><\/p>\n<p>Formula H Straffendes Serum &#8211; Nacht enth\u00e4lt u.a. die aktiven Inhaltsstoffe Tetrapeptid-8 in Kombination mit Hyaluron.<\/p>\n<p>&nbsp;<\/p>\n<p><strong>Anwendung:<\/strong><\/p>\n<p>Das Serum abends nach der Reinigung mit dem Formula H Reinigungsgel auf Gesicht und Hals auftragen. Abschlie\u00dfend die Haut mit der Formula H Nachtcreme pflegen. F\u00fcr alle Hauttypen geeignet. Bei Zimmertemperatur lagern. F\u00fcr Kinder unzug\u00e4nglich aufbewahren.<\/p>\n<p><strong>\u00a0<\/strong><\/p>\n<p><strong>Erg\u00e4nzende Produkte:<\/strong><\/p>\n<p>F\u00fcr eine bessere Wirkung empfehlen wir die Anwendung des Formula H Straffendes Serum &#8211; Tag in Kombination mit der Formula H Tagescreme.<\/p>\n<p><strong>\u00a0<\/strong><\/p>\n<p><strong>Soziale Verantwortung:<\/strong><\/p>\n<p>Formula H kauft seine Rohstoffe direkt beim Produzenten. Dies gibt uns die volle Kontrolle nicht nur \u00fcber deren Qualit\u00e4t, sondern auch \u00fcber die dortigen Arbeitsbedingungen. Mit dem Kauf von Formula H Produkten unterst\u00fctzten sie auf direktem Wege die Mitarbeiter, die die Rohstoffe f\u00fcr unsere Produkte ernten. Formula H stellt sicher, dass die Mitarbeiter auf den Farmen gut entlohnt werden, ihre Kinder zur Schule gehen k\u00f6nnen, die Familien Zugang zu sauberem Wasser, Sanit\u00e4rversorgung und Hygiene, sowie K\u00fchlschr\u00e4nken haben. Durch den Kauf von Formula H Produkten hilfst du uns dabei, einen Unterschied zu machen<\/p>\n","protected":false},"featured_media":8716,"comment_status":"open","ping_status":"closed","template":"","meta":[],"pwb-brand":[223],"product_brand":[],"product_cat":[297,139,151,153],"product_tag":[203,206],"class_list":{"0":"post-2686","1":"product","2":"type-product","3":"status-publish","4":"has-post-thumbnail","6":"pwb-brand-formula-h-skincare","7":"product_cat-damen","8":"product_cat-face-de","9":"product_cat-serum-de","10":"product_cat-wellness-de","11":"product_tag-falten-gesicht","12":"product_tag-falten-unter-den-augen","14":"first","15":"instock","16":"taxable","17":"shipping-taxable","18":"purchasable","19":"product-type-simple"},"yoast_head":"<!-- This site is optimized with the Yoast SEO plugin v27.2 - https:\/\/yoast.com\/product\/yoast-seo-wordpress\/ -->\n<title>Straffendes Serum<\/title>\n<meta name=\"robots\" content=\"index, follow, max-snippet:-1, max-image-preview:large, max-video-preview:-1\" \/>\n<link rel=\"canonical\" href=\"https:\/\/www.formula-h-skincare.com\/de\/produkt\/straffendes-serum-nacht-50-stueck\/\" \/>\n<meta property=\"og:locale\" content=\"de_DE\" \/>\n<meta property=\"og:type\" content=\"article\" \/>\n<meta property=\"og:title\" content=\"Straffendes Serum\" \/>\n<meta property=\"og:description\" content=\"Wirkung:  Formula H Straffendes Serum - Nacht gl\u00e4ttet die feinen Linien im Gesicht.  &nbsp;  Inhalt:   Formula H Straffendes Serum - Nacht enth\u00e4lt u.a. die aktiven Inhaltsstoffe Tetrapeptid-8 in Kombination mit Hyaluron.  &nbsp;  Anwendung:  Das Serum abends nach der Reinigung mit dem Formula H Reinigungsgel auf Gesicht und Hals auftragen. Abschlie\u00dfend die Haut mit der Formula H Nachtcreme pflegen. F\u00fcr alle Hauttypen geeignet. Bei Zimmertemperatur lagern. F\u00fcr Kinder unzug\u00e4nglich aufbewahren.  \u00a0  Erg\u00e4nzende Produkte:  F\u00fcr eine bessere Wirkung empfehlen wir die Anwendung des Formula H Straffendes Serum - Tag in Kombination mit der Formula H Tagescreme.  \u00a0  Soziale Verantwortung:  Formula H kauft seine Rohstoffe direkt beim Produzenten. Dies gibt uns die volle Kontrolle nicht nur \u00fcber deren Qualit\u00e4t, sondern auch \u00fcber die dortigen Arbeitsbedingungen. Mit dem Kauf von Formula H Produkten unterst\u00fctzten sie auf direktem Wege die Mitarbeiter, die die Rohstoffe f\u00fcr unsere Produkte ernten. Formula H stellt sicher, dass die Mitarbeiter auf den Farmen gut entlohnt werden, ihre Kinder zur Schule gehen k\u00f6nnen, die Familien Zugang zu sauberem Wasser, Sanit\u00e4rversorgung und Hygiene, sowie K\u00fchlschr\u00e4nken haben. Durch den Kauf von Formula H Produkten hilfst du uns dabei, einen Unterschied zu machen\" \/>\n<meta property=\"og:url\" content=\"https:\/\/www.formula-h-skincare.com\/de\/produkt\/straffendes-serum-nacht-50-stueck\/\" \/>\n<meta property=\"article:publisher\" content=\"https:\/\/www.facebook.com\/Formula-H-Skincare-114088206974208\/\" \/>\n<meta property=\"article:modified_time\" content=\"2024-05-12T16:29:42+00:00\" \/>\n<meta property=\"og:image\" content=\"https:\/\/www.formula-h-skincare.com\/wp-content\/uploads\/2021\/04\/Night-firming-34-pcs.png\" \/>\n\t<meta property=\"og:image:width\" content=\"1400\" \/>\n\t<meta property=\"og:image:height\" content=\"1400\" \/>\n\t<meta property=\"og:image:type\" content=\"image\/png\" \/>\n<meta name=\"twitter:card\" content=\"summary_large_image\" \/>\n<script type=\"application\/ld+json\" class=\"yoast-schema-graph\">{\"@context\":\"https:\/\/schema.org\",\"@graph\":[{\"@type\":\"WebPage\",\"@id\":\"https:\/\/www.formula-h-skincare.com\/de\/produkt\/straffendes-serum-nacht-50-stueck\/\",\"url\":\"https:\/\/www.formula-h-skincare.com\/de\/produkt\/straffendes-serum-nacht-50-stueck\/\",\"name\":\"Straffendes Serum\",\"isPartOf\":{\"@id\":\"https:\/\/www.formula-h-skincare.com\/de\/#website\"},\"primaryImageOfPage\":{\"@id\":\"https:\/\/www.formula-h-skincare.com\/de\/produkt\/straffendes-serum-nacht-50-stueck\/#primaryimage\"},\"image\":{\"@id\":\"https:\/\/www.formula-h-skincare.com\/de\/produkt\/straffendes-serum-nacht-50-stueck\/#primaryimage\"},\"thumbnailUrl\":\"https:\/\/www.formula-h-skincare.com\/wp-content\/uploads\/2021\/04\/Night-firming-34-pcs.png\",\"datePublished\":\"2021-09-21T17:49:21+00:00\",\"dateModified\":\"2024-05-12T16:29:42+00:00\",\"breadcrumb\":{\"@id\":\"https:\/\/www.formula-h-skincare.com\/de\/produkt\/straffendes-serum-nacht-50-stueck\/#breadcrumb\"},\"inLanguage\":\"de\",\"potentialAction\":[{\"@type\":\"ReadAction\",\"target\":[\"https:\/\/www.formula-h-skincare.com\/de\/produkt\/straffendes-serum-nacht-50-stueck\/\"]}]},{\"@type\":\"ImageObject\",\"inLanguage\":\"de\",\"@id\":\"https:\/\/www.formula-h-skincare.com\/de\/produkt\/straffendes-serum-nacht-50-stueck\/#primaryimage\",\"url\":\"https:\/\/www.formula-h-skincare.com\/wp-content\/uploads\/2021\/04\/Night-firming-34-pcs.png\",\"contentUrl\":\"https:\/\/www.formula-h-skincare.com\/wp-content\/uploads\/2021\/04\/Night-firming-34-pcs.png\",\"width\":1400,\"height\":1400},{\"@type\":\"BreadcrumbList\",\"@id\":\"https:\/\/www.formula-h-skincare.com\/de\/produkt\/straffendes-serum-nacht-50-stueck\/#breadcrumb\",\"itemListElement\":[{\"@type\":\"ListItem\",\"position\":1,\"name\":\"Home\",\"item\":\"https:\/\/www.formula-h-skincare.com\/de\/\"},{\"@type\":\"ListItem\",\"position\":2,\"name\":\"Shop\",\"item\":\"https:\/\/www.formula-h-skincare.com\/de\/\"},{\"@type\":\"ListItem\",\"position\":3,\"name\":\"Straffendes Serum &#8211; Nacht 34 St\u00fcck\"}]},{\"@type\":\"WebSite\",\"@id\":\"https:\/\/www.formula-h-skincare.com\/de\/#website\",\"url\":\"https:\/\/www.formula-h-skincare.com\/de\/\",\"name\":\"https:\/\/www.formula-h-skincare.com\/\",\"description\":\"\",\"publisher\":{\"@id\":\"https:\/\/www.formula-h-skincare.com\/de\/#organization\"},\"potentialAction\":[{\"@type\":\"SearchAction\",\"target\":{\"@type\":\"EntryPoint\",\"urlTemplate\":\"https:\/\/www.formula-h-skincare.com\/de\/?s={search_term_string}\"},\"query-input\":{\"@type\":\"PropertyValueSpecification\",\"valueRequired\":true,\"valueName\":\"search_term_string\"}}],\"inLanguage\":\"de\"},{\"@type\":\"Organization\",\"@id\":\"https:\/\/www.formula-h-skincare.com\/de\/#organization\",\"name\":\"Formula H Skincare ApS\",\"url\":\"https:\/\/www.formula-h-skincare.com\/de\/\",\"logo\":{\"@type\":\"ImageObject\",\"inLanguage\":\"de\",\"@id\":\"https:\/\/www.formula-h-skincare.com\/de\/#\/schema\/logo\/image\/\",\"url\":\"https:\/\/www.formula-h-skincare.com\/wp-content\/uploads\/2021\/05\/Formula-H_neg-B125px.png\",\"contentUrl\":\"https:\/\/www.formula-h-skincare.com\/wp-content\/uploads\/2021\/05\/Formula-H_neg-B125px.png\",\"width\":125,\"height\":133,\"caption\":\"Formula H Skincare ApS\"},\"image\":{\"@id\":\"https:\/\/www.formula-h-skincare.com\/de\/#\/schema\/logo\/image\/\"},\"sameAs\":[\"https:\/\/www.facebook.com\/Formula-H-Skincare-114088206974208\/\",\"https:\/\/www.instagram.com\/formula_h_skincare\/\",\"https:\/\/www.linkedin.com\/company\/73784209\/admin\/\",\"https:\/\/www.youtube.com\/channel\/UC86q8VE-xr9YYJ7UicAhPFw\"]}]}<\/script>\n<!-- \/ Yoast SEO plugin. -->","yoast_head_json":{"title":"Straffendes Serum","robots":{"index":"index","follow":"follow","max-snippet":"max-snippet:-1","max-image-preview":"max-image-preview:large","max-video-preview":"max-video-preview:-1"},"canonical":"https:\/\/www.formula-h-skincare.com\/de\/produkt\/straffendes-serum-nacht-50-stueck\/","og_locale":"de_DE","og_type":"article","og_title":"Straffendes Serum","og_description":"Wirkung:  Formula H Straffendes Serum - Nacht gl\u00e4ttet die feinen Linien im Gesicht.  &nbsp;  Inhalt:   Formula H Straffendes Serum - Nacht enth\u00e4lt u.a. die aktiven Inhaltsstoffe Tetrapeptid-8 in Kombination mit Hyaluron.  &nbsp;  Anwendung:  Das Serum abends nach der Reinigung mit dem Formula H Reinigungsgel auf Gesicht und Hals auftragen. Abschlie\u00dfend die Haut mit der Formula H Nachtcreme pflegen. F\u00fcr alle Hauttypen geeignet. Bei Zimmertemperatur lagern. F\u00fcr Kinder unzug\u00e4nglich aufbewahren.  \u00a0  Erg\u00e4nzende Produkte:  F\u00fcr eine bessere Wirkung empfehlen wir die Anwendung des Formula H Straffendes Serum - Tag in Kombination mit der Formula H Tagescreme.  \u00a0  Soziale Verantwortung:  Formula H kauft seine Rohstoffe direkt beim Produzenten. Dies gibt uns die volle Kontrolle nicht nur \u00fcber deren Qualit\u00e4t, sondern auch \u00fcber die dortigen Arbeitsbedingungen. Mit dem Kauf von Formula H Produkten unterst\u00fctzten sie auf direktem Wege die Mitarbeiter, die die Rohstoffe f\u00fcr unsere Produkte ernten. Formula H stellt sicher, dass die Mitarbeiter auf den Farmen gut entlohnt werden, ihre Kinder zur Schule gehen k\u00f6nnen, die Familien Zugang zu sauberem Wasser, Sanit\u00e4rversorgung und Hygiene, sowie K\u00fchlschr\u00e4nken haben. Durch den Kauf von Formula H Produkten hilfst du uns dabei, einen Unterschied zu machen","og_url":"https:\/\/www.formula-h-skincare.com\/de\/produkt\/straffendes-serum-nacht-50-stueck\/","article_publisher":"https:\/\/www.facebook.com\/Formula-H-Skincare-114088206974208\/","article_modified_time":"2024-05-12T16:29:42+00:00","og_image":[{"width":1400,"height":1400,"url":"https:\/\/www.formula-h-skincare.com\/wp-content\/uploads\/2021\/04\/Night-firming-34-pcs.png","type":"image\/png"}],"twitter_card":"summary_large_image","schema":{"@context":"https:\/\/schema.org","@graph":[{"@type":"WebPage","@id":"https:\/\/www.formula-h-skincare.com\/de\/produkt\/straffendes-serum-nacht-50-stueck\/","url":"https:\/\/www.formula-h-skincare.com\/de\/produkt\/straffendes-serum-nacht-50-stueck\/","name":"Straffendes Serum","isPartOf":{"@id":"https:\/\/www.formula-h-skincare.com\/de\/#website"},"primaryImageOfPage":{"@id":"https:\/\/www.formula-h-skincare.com\/de\/produkt\/straffendes-serum-nacht-50-stueck\/#primaryimage"},"image":{"@id":"https:\/\/www.formula-h-skincare.com\/de\/produkt\/straffendes-serum-nacht-50-stueck\/#primaryimage"},"thumbnailUrl":"https:\/\/www.formula-h-skincare.com\/wp-content\/uploads\/2021\/04\/Night-firming-34-pcs.png","datePublished":"2021-09-21T17:49:21+00:00","dateModified":"2024-05-12T16:29:42+00:00","breadcrumb":{"@id":"https:\/\/www.formula-h-skincare.com\/de\/produkt\/straffendes-serum-nacht-50-stueck\/#breadcrumb"},"inLanguage":"de","potentialAction":[{"@type":"ReadAction","target":["https:\/\/www.formula-h-skincare.com\/de\/produkt\/straffendes-serum-nacht-50-stueck\/"]}]},{"@type":"ImageObject","inLanguage":"de","@id":"https:\/\/www.formula-h-skincare.com\/de\/produkt\/straffendes-serum-nacht-50-stueck\/#primaryimage","url":"https:\/\/www.formula-h-skincare.com\/wp-content\/uploads\/2021\/04\/Night-firming-34-pcs.png","contentUrl":"https:\/\/www.formula-h-skincare.com\/wp-content\/uploads\/2021\/04\/Night-firming-34-pcs.png","width":1400,"height":1400},{"@type":"BreadcrumbList","@id":"https:\/\/www.formula-h-skincare.com\/de\/produkt\/straffendes-serum-nacht-50-stueck\/#breadcrumb","itemListElement":[{"@type":"ListItem","position":1,"name":"Home","item":"https:\/\/www.formula-h-skincare.com\/de\/"},{"@type":"ListItem","position":2,"name":"Shop","item":"https:\/\/www.formula-h-skincare.com\/de\/"},{"@type":"ListItem","position":3,"name":"Straffendes Serum &#8211; Nacht 34 St\u00fcck"}]},{"@type":"WebSite","@id":"https:\/\/www.formula-h-skincare.com\/de\/#website","url":"https:\/\/www.formula-h-skincare.com\/de\/","name":"https:\/\/www.formula-h-skincare.com\/","description":"","publisher":{"@id":"https:\/\/www.formula-h-skincare.com\/de\/#organization"},"potentialAction":[{"@type":"SearchAction","target":{"@type":"EntryPoint","urlTemplate":"https:\/\/www.formula-h-skincare.com\/de\/?s={search_term_string}"},"query-input":{"@type":"PropertyValueSpecification","valueRequired":true,"valueName":"search_term_string"}}],"inLanguage":"de"},{"@type":"Organization","@id":"https:\/\/www.formula-h-skincare.com\/de\/#organization","name":"Formula H Skincare ApS","url":"https:\/\/www.formula-h-skincare.com\/de\/","logo":{"@type":"ImageObject","inLanguage":"de","@id":"https:\/\/www.formula-h-skincare.com\/de\/#\/schema\/logo\/image\/","url":"https:\/\/www.formula-h-skincare.com\/wp-content\/uploads\/2021\/05\/Formula-H_neg-B125px.png","contentUrl":"https:\/\/www.formula-h-skincare.com\/wp-content\/uploads\/2021\/05\/Formula-H_neg-B125px.png","width":125,"height":133,"caption":"Formula H Skincare ApS"},"image":{"@id":"https:\/\/www.formula-h-skincare.com\/de\/#\/schema\/logo\/image\/"},"sameAs":["https:\/\/www.facebook.com\/Formula-H-Skincare-114088206974208\/","https:\/\/www.instagram.com\/formula_h_skincare\/","https:\/\/www.linkedin.com\/company\/73784209\/admin\/","https:\/\/www.youtube.com\/channel\/UC86q8VE-xr9YYJ7UicAhPFw"]}]}},"brands":[{"id":223,"name":"Formula H Skincare","slug":"formula-h-skincare"}],"_links":{"self":[{"href":"https:\/\/www.formula-h-skincare.com\/de\/wp-json\/wp\/v2\/product\/2686","targetHints":{"allow":["GET"]}}],"collection":[{"href":"https:\/\/www.formula-h-skincare.com\/de\/wp-json\/wp\/v2\/product"}],"about":[{"href":"https:\/\/www.formula-h-skincare.com\/de\/wp-json\/wp\/v2\/types\/product"}],"replies":[{"embeddable":true,"href":"https:\/\/www.formula-h-skincare.com\/de\/wp-json\/wp\/v2\/comments?post=2686"}],"wp:featuredmedia":[{"embeddable":true,"href":"https:\/\/www.formula-h-skincare.com\/de\/wp-json\/wp\/v2\/media\/8716"}],"wp:attachment":[{"href":"https:\/\/www.formula-h-skincare.com\/de\/wp-json\/wp\/v2\/media?parent=2686"}],"wp:term":[{"taxonomy":"pwb-brand","embeddable":true,"href":"https:\/\/www.formula-h-skincare.com\/de\/wp-json\/wp\/v2\/pwb-brand?post=2686"},{"taxonomy":"product_brand","embeddable":true,"href":"https:\/\/www.formula-h-skincare.com\/de\/wp-json\/wp\/v2\/product_brand?post=2686"},{"taxonomy":"product_cat","embeddable":true,"href":"https:\/\/www.formula-h-skincare.com\/de\/wp-json\/wp\/v2\/product_cat?post=2686"},{"taxonomy":"product_tag","embeddable":true,"href":"https:\/\/www.formula-h-skincare.com\/de\/wp-json\/wp\/v2\/product_tag?post=2686"}],"curies":[{"name":"wp","href":"https:\/\/api.w.org\/{rel}","templated":true}]}}