{"id":2688,"date":"2021-09-21T19:49:22","date_gmt":"2021-09-21T17:49:22","guid":{"rendered":"https:\/\/www.formula-h-skincare.com\/product\/reinigungsgel-parfuemfrei\/"},"modified":"2025-04-22T08:21:02","modified_gmt":"2025-04-22T06:21:02","slug":"reinigungsgel-parfuemfrei","status":"publish","type":"product","link":"https:\/\/www.formula-h-skincare.com\/de\/produkt\/reinigungsgel-parfuemfrei\/","title":{"rendered":"Reinigungsgel Parf\u00fcmfrei"},"content":{"rendered":"<p><strong>Inhaltsstoffe:<\/strong><\/p>\n<p>Aloe Barbadensis (Aloe Vera) Leaf Juice*, Aqua** (Water), Sodium Cocoyl Glutamate**, Glycerin*, Coco-Betaine*, Lauroyl\/Myristoyl Methyl Glucamide**, Glyceryl Oleate**, Coco-Glucoside*, Glyceryl Caprylate*, Citric Acid*, Acacia Senegal Gum*, Benzyl Alcohol*, Xanthan Gum**, Levulinic Acid*, Heptyl Glucoside**, H Seed oil *, P-Anisic Acid*, Sodium Levulinate*, Rosa Canina (Rosehip) Fruit Oil*, Caprylic\/Capric Triglyceride*, Alaria Esculenta Extract*, Heptanol*, Tocopherol*, Hydrogenated Palm Glycerides Citrate*, Lecithin*, Ascorbyl palmitate.<\/p>\n<p>* = Organic ** = Natural.<\/p>\n","protected":false},"excerpt":{"rendered":"<p><strong>Wirkung:<\/strong><\/p>\n<p>Das Formula H Reinigungsgel reinigt und pflegt die Gesichtshaut sowie die Halspartie und das Dekollet\u00e9.<\/p>\n<p>&nbsp;<\/p>\n<p><strong>Inhalt: <\/strong><\/p>\n<p>Das Formula H Reinigungsgel wurde speziell hergestellt mit Extrakten aus der Wildrose Rosa Canina, welche ein Frucht\u00f6l enth\u00e4lt, das zur besonders sanften Reinigung und Pflege der Haut beitr\u00e4gt und ihr gleichzeitig die Mineralien und Vitamine zuf\u00fchrt, die sie ben\u00f6tigt. Dar\u00fcber hinaus enth\u00e4lt das Reinigungsgel Omega 3, 6 und 9 sowie Vitamin A, C und E.<\/p>\n<p>&nbsp;<\/p>\n<p><strong>Anwendung:<\/strong><\/p>\n<p>Das Reinigungsgel in einem Wattebausch aufsch\u00e4umen und sowohl morgens als auch abends im Gesicht sowie auf dem Hals verteilen. F\u00fcr alle Hauttypen geeignet. Bei Zimmertemperatur lagern. F\u00fcr Kinder unzug\u00e4nglich aufbewahren.<\/p>\n<p><strong>\u00a0<\/strong><\/p>\n<p><strong>Erg\u00e4nzende Produkte:<\/strong><\/p>\n<p>Um die Wirkung des Reinigungsgels zu verst\u00e4rken, empfehlen wir die Anwendung des Formula\u00a0H Gesichtswassers, das die Poren nach der Reinigung effektiv schlie\u00dft.<\/p>\n<p><strong>\u00a0<\/strong><\/p>\n<p><strong>Soziale Verantwortung:<\/strong><\/p>\n<p>Formula H kauft seine Rohstoffe direkt beim Produzenten. Dies gibt uns die volle Kontrolle nicht nur \u00fcber deren Qualit\u00e4t, sondern auch \u00fcber die dortigen Arbeitsbedingungen. Mit dem Kauf von Formula H Produkten unterst\u00fctzten sie auf direktem Wege die Mitarbeiter, die die Rohstoffe f\u00fcr unsere Produkte ernten. Formula H stellt sicher, dass die Mitarbeiter auf den Farmen gut entlohnt werden, ihre Kinder zur Schule gehen k\u00f6nnen, die Familien Zugang zu sauberem Wasser, Sanit\u00e4rversorgung und Hygiene, sowie K\u00fchlschr\u00e4nken haben. Durch den Kauf von Formula H Produkten hilfst du uns dabei, einen Unterschied zu machen<\/p>\n","protected":false},"featured_media":6137,"comment_status":"open","ping_status":"closed","template":"","meta":[],"pwb-brand":[223],"product_brand":[],"product_cat":[297,139,153],"product_tag":[218],"class_list":{"0":"post-2688","1":"product","2":"type-product","3":"status-publish","4":"has-post-thumbnail","6":"pwb-brand-formula-h-skincare","7":"product_cat-damen","8":"product_cat-face-de","9":"product_cat-wellness-de","10":"product_tag-reinigungsgel-perfumefrei","12":"first","13":"instock","14":"taxable","15":"shipping-taxable","16":"purchasable","17":"product-type-simple"},"yoast_head":"<!-- This site is optimized with the Yoast SEO plugin v27.2 - https:\/\/yoast.com\/product\/yoast-seo-wordpress\/ -->\n<title>Reinigungsgel Parfume frei<\/title>\n<meta name=\"robots\" content=\"index, follow, max-snippet:-1, max-image-preview:large, max-video-preview:-1\" \/>\n<link rel=\"canonical\" href=\"https:\/\/www.formula-h-skincare.com\/de\/produkt\/reinigungsgel-parfuemfrei\/\" \/>\n<meta property=\"og:locale\" content=\"de_DE\" \/>\n<meta property=\"og:type\" content=\"article\" \/>\n<meta property=\"og:title\" content=\"Reinigungsgel Parfume frei\" \/>\n<meta property=\"og:description\" content=\"Wirkung:  Das Formula H Reinigungsgel reinigt und pflegt die Gesichtshaut sowie die Halspartie und das Dekollet\u00e9.  &nbsp;  Inhalt:   Das Formula H Reinigungsgel wurde speziell hergestellt mit Extrakten aus der Wildrose Rosa Canina, welche ein Frucht\u00f6l enth\u00e4lt, das zur besonders sanften Reinigung und Pflege der Haut beitr\u00e4gt und ihr gleichzeitig die Mineralien und Vitamine zuf\u00fchrt, die sie ben\u00f6tigt. Dar\u00fcber hinaus enth\u00e4lt das Reinigungsgel Omega 3, 6 und 9 sowie Vitamin A, C und E.  &nbsp;  Anwendung:  Das Reinigungsgel in einem Wattebausch aufsch\u00e4umen und sowohl morgens als auch abends im Gesicht sowie auf dem Hals verteilen. F\u00fcr alle Hauttypen geeignet. Bei Zimmertemperatur lagern. F\u00fcr Kinder unzug\u00e4nglich aufbewahren.  \u00a0  Erg\u00e4nzende Produkte:  Um die Wirkung des Reinigungsgels zu verst\u00e4rken, empfehlen wir die Anwendung des Formula\u00a0H Gesichtswassers, das die Poren nach der Reinigung effektiv schlie\u00dft.  \u00a0  Soziale Verantwortung:  Formula H kauft seine Rohstoffe direkt beim Produzenten. Dies gibt uns die volle Kontrolle nicht nur \u00fcber deren Qualit\u00e4t, sondern auch \u00fcber die dortigen Arbeitsbedingungen. Mit dem Kauf von Formula H Produkten unterst\u00fctzten sie auf direktem Wege die Mitarbeiter, die die Rohstoffe f\u00fcr unsere Produkte ernten. Formula H stellt sicher, dass die Mitarbeiter auf den Farmen gut entlohnt werden, ihre Kinder zur Schule gehen k\u00f6nnen, die Familien Zugang zu sauberem Wasser, Sanit\u00e4rversorgung und Hygiene, sowie K\u00fchlschr\u00e4nken haben. Durch den Kauf von Formula H Produkten hilfst du uns dabei, einen Unterschied zu machen\" \/>\n<meta property=\"og:url\" content=\"https:\/\/www.formula-h-skincare.com\/de\/produkt\/reinigungsgel-parfuemfrei\/\" \/>\n<meta property=\"article:publisher\" content=\"https:\/\/www.facebook.com\/Formula-H-Skincare-114088206974208\/\" \/>\n<meta property=\"article:modified_time\" content=\"2025-04-22T06:21:02+00:00\" \/>\n<meta property=\"og:image\" content=\"https:\/\/www.formula-h-skincare.com\/wp-content\/uploads\/2021\/09\/CleansingGel_FF.png\" \/>\n\t<meta property=\"og:image:width\" content=\"1400\" \/>\n\t<meta property=\"og:image:height\" content=\"1400\" \/>\n\t<meta property=\"og:image:type\" content=\"image\/png\" \/>\n<meta name=\"twitter:card\" content=\"summary_large_image\" \/>\n<script type=\"application\/ld+json\" class=\"yoast-schema-graph\">{\"@context\":\"https:\/\/schema.org\",\"@graph\":[{\"@type\":\"WebPage\",\"@id\":\"https:\/\/www.formula-h-skincare.com\/de\/produkt\/reinigungsgel-parfuemfrei\/\",\"url\":\"https:\/\/www.formula-h-skincare.com\/de\/produkt\/reinigungsgel-parfuemfrei\/\",\"name\":\"Reinigungsgel Parfume frei\",\"isPartOf\":{\"@id\":\"https:\/\/www.formula-h-skincare.com\/de\/#website\"},\"primaryImageOfPage\":{\"@id\":\"https:\/\/www.formula-h-skincare.com\/de\/produkt\/reinigungsgel-parfuemfrei\/#primaryimage\"},\"image\":{\"@id\":\"https:\/\/www.formula-h-skincare.com\/de\/produkt\/reinigungsgel-parfuemfrei\/#primaryimage\"},\"thumbnailUrl\":\"https:\/\/www.formula-h-skincare.com\/wp-content\/uploads\/2021\/09\/CleansingGel_FF.png\",\"datePublished\":\"2021-09-21T17:49:22+00:00\",\"dateModified\":\"2025-04-22T06:21:02+00:00\",\"breadcrumb\":{\"@id\":\"https:\/\/www.formula-h-skincare.com\/de\/produkt\/reinigungsgel-parfuemfrei\/#breadcrumb\"},\"inLanguage\":\"de\",\"potentialAction\":[{\"@type\":\"ReadAction\",\"target\":[\"https:\/\/www.formula-h-skincare.com\/de\/produkt\/reinigungsgel-parfuemfrei\/\"]}]},{\"@type\":\"ImageObject\",\"inLanguage\":\"de\",\"@id\":\"https:\/\/www.formula-h-skincare.com\/de\/produkt\/reinigungsgel-parfuemfrei\/#primaryimage\",\"url\":\"https:\/\/www.formula-h-skincare.com\/wp-content\/uploads\/2021\/09\/CleansingGel_FF.png\",\"contentUrl\":\"https:\/\/www.formula-h-skincare.com\/wp-content\/uploads\/2021\/09\/CleansingGel_FF.png\",\"width\":1400,\"height\":1400},{\"@type\":\"BreadcrumbList\",\"@id\":\"https:\/\/www.formula-h-skincare.com\/de\/produkt\/reinigungsgel-parfuemfrei\/#breadcrumb\",\"itemListElement\":[{\"@type\":\"ListItem\",\"position\":1,\"name\":\"Home\",\"item\":\"https:\/\/www.formula-h-skincare.com\/de\/\"},{\"@type\":\"ListItem\",\"position\":2,\"name\":\"Shop\",\"item\":\"https:\/\/www.formula-h-skincare.com\/de\/\"},{\"@type\":\"ListItem\",\"position\":3,\"name\":\"Reinigungsgel Parf\u00fcmfrei\"}]},{\"@type\":\"WebSite\",\"@id\":\"https:\/\/www.formula-h-skincare.com\/de\/#website\",\"url\":\"https:\/\/www.formula-h-skincare.com\/de\/\",\"name\":\"https:\/\/www.formula-h-skincare.com\/\",\"description\":\"\",\"publisher\":{\"@id\":\"https:\/\/www.formula-h-skincare.com\/de\/#organization\"},\"potentialAction\":[{\"@type\":\"SearchAction\",\"target\":{\"@type\":\"EntryPoint\",\"urlTemplate\":\"https:\/\/www.formula-h-skincare.com\/de\/?s={search_term_string}\"},\"query-input\":{\"@type\":\"PropertyValueSpecification\",\"valueRequired\":true,\"valueName\":\"search_term_string\"}}],\"inLanguage\":\"de\"},{\"@type\":\"Organization\",\"@id\":\"https:\/\/www.formula-h-skincare.com\/de\/#organization\",\"name\":\"Formula H Skincare ApS\",\"url\":\"https:\/\/www.formula-h-skincare.com\/de\/\",\"logo\":{\"@type\":\"ImageObject\",\"inLanguage\":\"de\",\"@id\":\"https:\/\/www.formula-h-skincare.com\/de\/#\/schema\/logo\/image\/\",\"url\":\"https:\/\/www.formula-h-skincare.com\/wp-content\/uploads\/2021\/05\/Formula-H_neg-B125px.png\",\"contentUrl\":\"https:\/\/www.formula-h-skincare.com\/wp-content\/uploads\/2021\/05\/Formula-H_neg-B125px.png\",\"width\":125,\"height\":133,\"caption\":\"Formula H Skincare ApS\"},\"image\":{\"@id\":\"https:\/\/www.formula-h-skincare.com\/de\/#\/schema\/logo\/image\/\"},\"sameAs\":[\"https:\/\/www.facebook.com\/Formula-H-Skincare-114088206974208\/\",\"https:\/\/www.instagram.com\/formula_h_skincare\/\",\"https:\/\/www.linkedin.com\/company\/73784209\/admin\/\",\"https:\/\/www.youtube.com\/channel\/UC86q8VE-xr9YYJ7UicAhPFw\"]}]}<\/script>\n<!-- \/ Yoast SEO plugin. -->","yoast_head_json":{"title":"Reinigungsgel Parfume frei","robots":{"index":"index","follow":"follow","max-snippet":"max-snippet:-1","max-image-preview":"max-image-preview:large","max-video-preview":"max-video-preview:-1"},"canonical":"https:\/\/www.formula-h-skincare.com\/de\/produkt\/reinigungsgel-parfuemfrei\/","og_locale":"de_DE","og_type":"article","og_title":"Reinigungsgel Parfume frei","og_description":"Wirkung:  Das Formula H Reinigungsgel reinigt und pflegt die Gesichtshaut sowie die Halspartie und das Dekollet\u00e9.  &nbsp;  Inhalt:   Das Formula H Reinigungsgel wurde speziell hergestellt mit Extrakten aus der Wildrose Rosa Canina, welche ein Frucht\u00f6l enth\u00e4lt, das zur besonders sanften Reinigung und Pflege der Haut beitr\u00e4gt und ihr gleichzeitig die Mineralien und Vitamine zuf\u00fchrt, die sie ben\u00f6tigt. Dar\u00fcber hinaus enth\u00e4lt das Reinigungsgel Omega 3, 6 und 9 sowie Vitamin A, C und E.  &nbsp;  Anwendung:  Das Reinigungsgel in einem Wattebausch aufsch\u00e4umen und sowohl morgens als auch abends im Gesicht sowie auf dem Hals verteilen. F\u00fcr alle Hauttypen geeignet. Bei Zimmertemperatur lagern. F\u00fcr Kinder unzug\u00e4nglich aufbewahren.  \u00a0  Erg\u00e4nzende Produkte:  Um die Wirkung des Reinigungsgels zu verst\u00e4rken, empfehlen wir die Anwendung des Formula\u00a0H Gesichtswassers, das die Poren nach der Reinigung effektiv schlie\u00dft.  \u00a0  Soziale Verantwortung:  Formula H kauft seine Rohstoffe direkt beim Produzenten. Dies gibt uns die volle Kontrolle nicht nur \u00fcber deren Qualit\u00e4t, sondern auch \u00fcber die dortigen Arbeitsbedingungen. Mit dem Kauf von Formula H Produkten unterst\u00fctzten sie auf direktem Wege die Mitarbeiter, die die Rohstoffe f\u00fcr unsere Produkte ernten. Formula H stellt sicher, dass die Mitarbeiter auf den Farmen gut entlohnt werden, ihre Kinder zur Schule gehen k\u00f6nnen, die Familien Zugang zu sauberem Wasser, Sanit\u00e4rversorgung und Hygiene, sowie K\u00fchlschr\u00e4nken haben. Durch den Kauf von Formula H Produkten hilfst du uns dabei, einen Unterschied zu machen","og_url":"https:\/\/www.formula-h-skincare.com\/de\/produkt\/reinigungsgel-parfuemfrei\/","article_publisher":"https:\/\/www.facebook.com\/Formula-H-Skincare-114088206974208\/","article_modified_time":"2025-04-22T06:21:02+00:00","og_image":[{"width":1400,"height":1400,"url":"https:\/\/www.formula-h-skincare.com\/wp-content\/uploads\/2021\/09\/CleansingGel_FF.png","type":"image\/png"}],"twitter_card":"summary_large_image","schema":{"@context":"https:\/\/schema.org","@graph":[{"@type":"WebPage","@id":"https:\/\/www.formula-h-skincare.com\/de\/produkt\/reinigungsgel-parfuemfrei\/","url":"https:\/\/www.formula-h-skincare.com\/de\/produkt\/reinigungsgel-parfuemfrei\/","name":"Reinigungsgel Parfume frei","isPartOf":{"@id":"https:\/\/www.formula-h-skincare.com\/de\/#website"},"primaryImageOfPage":{"@id":"https:\/\/www.formula-h-skincare.com\/de\/produkt\/reinigungsgel-parfuemfrei\/#primaryimage"},"image":{"@id":"https:\/\/www.formula-h-skincare.com\/de\/produkt\/reinigungsgel-parfuemfrei\/#primaryimage"},"thumbnailUrl":"https:\/\/www.formula-h-skincare.com\/wp-content\/uploads\/2021\/09\/CleansingGel_FF.png","datePublished":"2021-09-21T17:49:22+00:00","dateModified":"2025-04-22T06:21:02+00:00","breadcrumb":{"@id":"https:\/\/www.formula-h-skincare.com\/de\/produkt\/reinigungsgel-parfuemfrei\/#breadcrumb"},"inLanguage":"de","potentialAction":[{"@type":"ReadAction","target":["https:\/\/www.formula-h-skincare.com\/de\/produkt\/reinigungsgel-parfuemfrei\/"]}]},{"@type":"ImageObject","inLanguage":"de","@id":"https:\/\/www.formula-h-skincare.com\/de\/produkt\/reinigungsgel-parfuemfrei\/#primaryimage","url":"https:\/\/www.formula-h-skincare.com\/wp-content\/uploads\/2021\/09\/CleansingGel_FF.png","contentUrl":"https:\/\/www.formula-h-skincare.com\/wp-content\/uploads\/2021\/09\/CleansingGel_FF.png","width":1400,"height":1400},{"@type":"BreadcrumbList","@id":"https:\/\/www.formula-h-skincare.com\/de\/produkt\/reinigungsgel-parfuemfrei\/#breadcrumb","itemListElement":[{"@type":"ListItem","position":1,"name":"Home","item":"https:\/\/www.formula-h-skincare.com\/de\/"},{"@type":"ListItem","position":2,"name":"Shop","item":"https:\/\/www.formula-h-skincare.com\/de\/"},{"@type":"ListItem","position":3,"name":"Reinigungsgel Parf\u00fcmfrei"}]},{"@type":"WebSite","@id":"https:\/\/www.formula-h-skincare.com\/de\/#website","url":"https:\/\/www.formula-h-skincare.com\/de\/","name":"https:\/\/www.formula-h-skincare.com\/","description":"","publisher":{"@id":"https:\/\/www.formula-h-skincare.com\/de\/#organization"},"potentialAction":[{"@type":"SearchAction","target":{"@type":"EntryPoint","urlTemplate":"https:\/\/www.formula-h-skincare.com\/de\/?s={search_term_string}"},"query-input":{"@type":"PropertyValueSpecification","valueRequired":true,"valueName":"search_term_string"}}],"inLanguage":"de"},{"@type":"Organization","@id":"https:\/\/www.formula-h-skincare.com\/de\/#organization","name":"Formula H Skincare ApS","url":"https:\/\/www.formula-h-skincare.com\/de\/","logo":{"@type":"ImageObject","inLanguage":"de","@id":"https:\/\/www.formula-h-skincare.com\/de\/#\/schema\/logo\/image\/","url":"https:\/\/www.formula-h-skincare.com\/wp-content\/uploads\/2021\/05\/Formula-H_neg-B125px.png","contentUrl":"https:\/\/www.formula-h-skincare.com\/wp-content\/uploads\/2021\/05\/Formula-H_neg-B125px.png","width":125,"height":133,"caption":"Formula H Skincare ApS"},"image":{"@id":"https:\/\/www.formula-h-skincare.com\/de\/#\/schema\/logo\/image\/"},"sameAs":["https:\/\/www.facebook.com\/Formula-H-Skincare-114088206974208\/","https:\/\/www.instagram.com\/formula_h_skincare\/","https:\/\/www.linkedin.com\/company\/73784209\/admin\/","https:\/\/www.youtube.com\/channel\/UC86q8VE-xr9YYJ7UicAhPFw"]}]}},"brands":[{"id":223,"name":"Formula H Skincare","slug":"formula-h-skincare"}],"_links":{"self":[{"href":"https:\/\/www.formula-h-skincare.com\/de\/wp-json\/wp\/v2\/product\/2688","targetHints":{"allow":["GET"]}}],"collection":[{"href":"https:\/\/www.formula-h-skincare.com\/de\/wp-json\/wp\/v2\/product"}],"about":[{"href":"https:\/\/www.formula-h-skincare.com\/de\/wp-json\/wp\/v2\/types\/product"}],"replies":[{"embeddable":true,"href":"https:\/\/www.formula-h-skincare.com\/de\/wp-json\/wp\/v2\/comments?post=2688"}],"wp:featuredmedia":[{"embeddable":true,"href":"https:\/\/www.formula-h-skincare.com\/de\/wp-json\/wp\/v2\/media\/6137"}],"wp:attachment":[{"href":"https:\/\/www.formula-h-skincare.com\/de\/wp-json\/wp\/v2\/media?parent=2688"}],"wp:term":[{"taxonomy":"pwb-brand","embeddable":true,"href":"https:\/\/www.formula-h-skincare.com\/de\/wp-json\/wp\/v2\/pwb-brand?post=2688"},{"taxonomy":"product_brand","embeddable":true,"href":"https:\/\/www.formula-h-skincare.com\/de\/wp-json\/wp\/v2\/product_brand?post=2688"},{"taxonomy":"product_cat","embeddable":true,"href":"https:\/\/www.formula-h-skincare.com\/de\/wp-json\/wp\/v2\/product_cat?post=2688"},{"taxonomy":"product_tag","embeddable":true,"href":"https:\/\/www.formula-h-skincare.com\/de\/wp-json\/wp\/v2\/product_tag?post=2688"}],"curies":[{"name":"wp","href":"https:\/\/api.w.org\/{rel}","templated":true}]}}