{"id":2689,"date":"2021-09-21T19:49:22","date_gmt":"2021-09-21T17:49:22","guid":{"rendered":"https:\/\/www.formula-h-skincare.com\/product\/gesichtswasser-parfuemfrei\/"},"modified":"2024-05-10T12:04:12","modified_gmt":"2024-05-10T10:04:12","slug":"gesichtswasser-parfuemfrei","status":"publish","type":"product","link":"https:\/\/www.formula-h-skincare.com\/de\/produkt\/gesichtswasser-parfuemfrei\/","title":{"rendered":"Gesichtswasser Parf\u00fcmfrei"},"content":{"rendered":"<p><strong>Inhaltsstoffe:<\/strong><\/p>\n<p>Aloe Barbadensis (Aloe Vera) Leaf Juice*, Glycerin, Alcohol **, Cocoyl Proline**, Aqua** (Water), Glyceryl Caprylate*, Levulinic acid*, p-Anisic Acid**, Sodium levulinate**, H Seed Oil*, Rosa Canina (Rosehip) Fruit Oil*, Caprylic\/Capric triglyceride**, Alaria Esculenta Extract*. * = Organic ** Natural.<\/p>\n","protected":false},"excerpt":{"rendered":"<p><strong>Wirkung:<\/strong><\/p>\n<p>Das Formula H Gesichtswasser schlie\u00dft effektiv die Poren im Gesicht sowie auf dem Hals und dem Dekollet\u00e9.<\/p>\n<p>&nbsp;<\/p>\n<p><strong>Inhalt: <\/strong><\/p>\n<p>Das Formula H Gesichtswasser wird aus Extrakten des Alaria Esculenta hergestellt, welches spezielle Mineralien enth\u00e4lt, die sich gut zum Verschlie\u00dfen die Poren der Haut eignen und gleichzeitig die Vitamine zuf\u00fchren, die die Haut ben\u00f6tigt. Dar\u00fcber hinaus enth\u00e4lt das Formel H Gesichtswasser Omega 3, 6 und 9 sowie Vitamin A, C und E.<\/p>\n<p>&nbsp;<\/p>\n<p><strong>Anwendung:<\/strong><\/p>\n<p>Das Formula H Gesichtswasser auf ein St\u00fcck aufgeraute Watte spr\u00fchen und damit auf das Gesicht und den Hals auftragen. Morgens und abends anwenden. F\u00fcr alle Hauttypen geeignet. Bei Zimmertemperatur lagern. F\u00fcr Kinder unzug\u00e4nglich aufbewahren.<\/p>\n<p><strong>\u00a0<\/strong><\/p>\n<p><strong>Erg\u00e4nzende Produkte:<\/strong><\/p>\n<p>Um die Wirkung des Gesichtswassers zu verst\u00e4rken, empfehlen wir die Anwendung des Formula H Gesichtsserums sowie des Formula H Augenserums unter einer Tages- oder Nachtcreme. Die Formel H Serumprodukte enthalten gro\u00dfe Mengen an Kollagen und Hyaluron, die zur Straffung der Haut beitragen. F\u00fcr einen noch besseren Effekt empfehlen wir die Anwendung des Formel H Straffendes Serum &#8211; Tag und Formel H Straffendes Serum &#8211; Nacht.<\/p>\n<p><strong>\u00a0<\/strong><\/p>\n<p><strong>Soziale Verantwortung:<\/strong><\/p>\n<p>Formula H kauft seine Rohstoffe direkt beim Produzenten. Dies gibt uns die volle Kontrolle nicht nur \u00fcber deren Qualit\u00e4t, sondern auch \u00fcber die dortigen Arbeitsbedingungen. Mit dem Kauf von Formula H Produkten unterst\u00fctzten sie auf direktem Wege die Mitarbeiter, die die Rohstoffe f\u00fcr unsere Produkte ernten. Formula H stellt sicher, dass die Mitarbeiter auf den Farmen gut entlohnt werden, ihre Kinder zur Schule gehen k\u00f6nnen, die Familien Zugang zu sauberem Wasser, Sanit\u00e4rversorgung und Hygiene, sowie K\u00fchlschr\u00e4nken haben. Durch den Kauf von Formula H Produkten hilfst du uns dabei, einen Unterschied zu machen<\/p>\n","protected":false},"featured_media":6142,"comment_status":"open","ping_status":"closed","template":"","meta":[],"pwb-brand":[223],"product_brand":[],"product_cat":[297,139,153],"product_tag":[212],"class_list":{"0":"post-2689","1":"product","2":"type-product","3":"status-publish","4":"has-post-thumbnail","6":"pwb-brand-formula-h-skincare","7":"product_cat-damen","8":"product_cat-face-de","9":"product_cat-wellness-de","10":"product_tag-hauttonikum-prefumefrei","12":"first","13":"instock","14":"taxable","15":"shipping-taxable","16":"purchasable","17":"product-type-simple"},"yoast_head":"<!-- This site is optimized with the Yoast SEO plugin v27.2 - https:\/\/yoast.com\/product\/yoast-seo-wordpress\/ -->\n<title>Gesichtswasser Parf\u00fcmfrei<\/title>\n<meta name=\"robots\" content=\"index, follow, max-snippet:-1, max-image-preview:large, max-video-preview:-1\" \/>\n<link rel=\"canonical\" href=\"https:\/\/www.formula-h-skincare.com\/de\/produkt\/gesichtswasser-parfuemfrei\/\" \/>\n<meta property=\"og:locale\" content=\"de_DE\" \/>\n<meta property=\"og:type\" content=\"article\" \/>\n<meta property=\"og:title\" content=\"Gesichtswasser Parf\u00fcmfrei\" \/>\n<meta property=\"og:description\" content=\"Wirkung:  Das Formula H Gesichtswasser schlie\u00dft effektiv die Poren im Gesicht sowie auf dem Hals und dem Dekollet\u00e9.  &nbsp;  Inhalt:   Das Formula H Gesichtswasser wird aus Extrakten des Alaria Esculenta hergestellt, welches spezielle Mineralien enth\u00e4lt, die sich gut zum Verschlie\u00dfen die Poren der Haut eignen und gleichzeitig die Vitamine zuf\u00fchren, die die Haut ben\u00f6tigt. Dar\u00fcber hinaus enth\u00e4lt das Formel H Gesichtswasser Omega 3, 6 und 9 sowie Vitamin A, C und E.  &nbsp;  Anwendung:  Das Formula H Gesichtswasser auf ein St\u00fcck aufgeraute Watte spr\u00fchen und damit auf das Gesicht und den Hals auftragen. Morgens und abends anwenden. F\u00fcr alle Hauttypen geeignet. Bei Zimmertemperatur lagern. F\u00fcr Kinder unzug\u00e4nglich aufbewahren.  \u00a0  Erg\u00e4nzende Produkte:  Um die Wirkung des Gesichtswassers zu verst\u00e4rken, empfehlen wir die Anwendung des Formula H Gesichtsserums sowie des Formula H Augenserums unter einer Tages- oder Nachtcreme. Die Formel H Serumprodukte enthalten gro\u00dfe Mengen an Kollagen und Hyaluron, die zur Straffung der Haut beitragen. F\u00fcr einen noch besseren Effekt empfehlen wir die Anwendung des Formel H Straffendes Serum - Tag und Formel H Straffendes Serum - Nacht.  \u00a0  Soziale Verantwortung:  Formula H kauft seine Rohstoffe direkt beim Produzenten. Dies gibt uns die volle Kontrolle nicht nur \u00fcber deren Qualit\u00e4t, sondern auch \u00fcber die dortigen Arbeitsbedingungen. Mit dem Kauf von Formula H Produkten unterst\u00fctzten sie auf direktem Wege die Mitarbeiter, die die Rohstoffe f\u00fcr unsere Produkte ernten. Formula H stellt sicher, dass die Mitarbeiter auf den Farmen gut entlohnt werden, ihre Kinder zur Schule gehen k\u00f6nnen, die Familien Zugang zu sauberem Wasser, Sanit\u00e4rversorgung und Hygiene, sowie K\u00fchlschr\u00e4nken haben. Durch den Kauf von Formula H Produkten hilfst du uns dabei, einen Unterschied zu machen\" \/>\n<meta property=\"og:url\" content=\"https:\/\/www.formula-h-skincare.com\/de\/produkt\/gesichtswasser-parfuemfrei\/\" \/>\n<meta property=\"article:publisher\" content=\"https:\/\/www.facebook.com\/Formula-H-Skincare-114088206974208\/\" \/>\n<meta property=\"article:modified_time\" content=\"2024-05-10T10:04:12+00:00\" \/>\n<meta property=\"og:image\" content=\"https:\/\/www.formula-h-skincare.com\/wp-content\/uploads\/2021\/09\/SkinTonic_FF.png\" \/>\n\t<meta property=\"og:image:width\" content=\"1400\" \/>\n\t<meta property=\"og:image:height\" content=\"1400\" \/>\n\t<meta property=\"og:image:type\" content=\"image\/png\" \/>\n<meta name=\"twitter:card\" content=\"summary_large_image\" \/>\n<script type=\"application\/ld+json\" class=\"yoast-schema-graph\">{\"@context\":\"https:\/\/schema.org\",\"@graph\":[{\"@type\":\"WebPage\",\"@id\":\"https:\/\/www.formula-h-skincare.com\/de\/produkt\/gesichtswasser-parfuemfrei\/\",\"url\":\"https:\/\/www.formula-h-skincare.com\/de\/produkt\/gesichtswasser-parfuemfrei\/\",\"name\":\"Gesichtswasser Parf\u00fcmfrei\",\"isPartOf\":{\"@id\":\"https:\/\/www.formula-h-skincare.com\/de\/#website\"},\"primaryImageOfPage\":{\"@id\":\"https:\/\/www.formula-h-skincare.com\/de\/produkt\/gesichtswasser-parfuemfrei\/#primaryimage\"},\"image\":{\"@id\":\"https:\/\/www.formula-h-skincare.com\/de\/produkt\/gesichtswasser-parfuemfrei\/#primaryimage\"},\"thumbnailUrl\":\"https:\/\/www.formula-h-skincare.com\/wp-content\/uploads\/2021\/09\/SkinTonic_FF.png\",\"datePublished\":\"2021-09-21T17:49:22+00:00\",\"dateModified\":\"2024-05-10T10:04:12+00:00\",\"breadcrumb\":{\"@id\":\"https:\/\/www.formula-h-skincare.com\/de\/produkt\/gesichtswasser-parfuemfrei\/#breadcrumb\"},\"inLanguage\":\"de\",\"potentialAction\":[{\"@type\":\"ReadAction\",\"target\":[\"https:\/\/www.formula-h-skincare.com\/de\/produkt\/gesichtswasser-parfuemfrei\/\"]}]},{\"@type\":\"ImageObject\",\"inLanguage\":\"de\",\"@id\":\"https:\/\/www.formula-h-skincare.com\/de\/produkt\/gesichtswasser-parfuemfrei\/#primaryimage\",\"url\":\"https:\/\/www.formula-h-skincare.com\/wp-content\/uploads\/2021\/09\/SkinTonic_FF.png\",\"contentUrl\":\"https:\/\/www.formula-h-skincare.com\/wp-content\/uploads\/2021\/09\/SkinTonic_FF.png\",\"width\":1400,\"height\":1400},{\"@type\":\"BreadcrumbList\",\"@id\":\"https:\/\/www.formula-h-skincare.com\/de\/produkt\/gesichtswasser-parfuemfrei\/#breadcrumb\",\"itemListElement\":[{\"@type\":\"ListItem\",\"position\":1,\"name\":\"Home\",\"item\":\"https:\/\/www.formula-h-skincare.com\/de\/\"},{\"@type\":\"ListItem\",\"position\":2,\"name\":\"Shop\",\"item\":\"https:\/\/www.formula-h-skincare.com\/de\/\"},{\"@type\":\"ListItem\",\"position\":3,\"name\":\"Gesichtswasser Parf\u00fcmfrei\"}]},{\"@type\":\"WebSite\",\"@id\":\"https:\/\/www.formula-h-skincare.com\/de\/#website\",\"url\":\"https:\/\/www.formula-h-skincare.com\/de\/\",\"name\":\"https:\/\/www.formula-h-skincare.com\/\",\"description\":\"\",\"publisher\":{\"@id\":\"https:\/\/www.formula-h-skincare.com\/de\/#organization\"},\"potentialAction\":[{\"@type\":\"SearchAction\",\"target\":{\"@type\":\"EntryPoint\",\"urlTemplate\":\"https:\/\/www.formula-h-skincare.com\/de\/?s={search_term_string}\"},\"query-input\":{\"@type\":\"PropertyValueSpecification\",\"valueRequired\":true,\"valueName\":\"search_term_string\"}}],\"inLanguage\":\"de\"},{\"@type\":\"Organization\",\"@id\":\"https:\/\/www.formula-h-skincare.com\/de\/#organization\",\"name\":\"Formula H Skincare ApS\",\"url\":\"https:\/\/www.formula-h-skincare.com\/de\/\",\"logo\":{\"@type\":\"ImageObject\",\"inLanguage\":\"de\",\"@id\":\"https:\/\/www.formula-h-skincare.com\/de\/#\/schema\/logo\/image\/\",\"url\":\"https:\/\/www.formula-h-skincare.com\/wp-content\/uploads\/2021\/05\/Formula-H_neg-B125px.png\",\"contentUrl\":\"https:\/\/www.formula-h-skincare.com\/wp-content\/uploads\/2021\/05\/Formula-H_neg-B125px.png\",\"width\":125,\"height\":133,\"caption\":\"Formula H Skincare ApS\"},\"image\":{\"@id\":\"https:\/\/www.formula-h-skincare.com\/de\/#\/schema\/logo\/image\/\"},\"sameAs\":[\"https:\/\/www.facebook.com\/Formula-H-Skincare-114088206974208\/\",\"https:\/\/www.instagram.com\/formula_h_skincare\/\",\"https:\/\/www.linkedin.com\/company\/73784209\/admin\/\",\"https:\/\/www.youtube.com\/channel\/UC86q8VE-xr9YYJ7UicAhPFw\"]}]}<\/script>\n<!-- \/ Yoast SEO plugin. -->","yoast_head_json":{"title":"Gesichtswasser Parf\u00fcmfrei","robots":{"index":"index","follow":"follow","max-snippet":"max-snippet:-1","max-image-preview":"max-image-preview:large","max-video-preview":"max-video-preview:-1"},"canonical":"https:\/\/www.formula-h-skincare.com\/de\/produkt\/gesichtswasser-parfuemfrei\/","og_locale":"de_DE","og_type":"article","og_title":"Gesichtswasser Parf\u00fcmfrei","og_description":"Wirkung:  Das Formula H Gesichtswasser schlie\u00dft effektiv die Poren im Gesicht sowie auf dem Hals und dem Dekollet\u00e9.  &nbsp;  Inhalt:   Das Formula H Gesichtswasser wird aus Extrakten des Alaria Esculenta hergestellt, welches spezielle Mineralien enth\u00e4lt, die sich gut zum Verschlie\u00dfen die Poren der Haut eignen und gleichzeitig die Vitamine zuf\u00fchren, die die Haut ben\u00f6tigt. Dar\u00fcber hinaus enth\u00e4lt das Formel H Gesichtswasser Omega 3, 6 und 9 sowie Vitamin A, C und E.  &nbsp;  Anwendung:  Das Formula H Gesichtswasser auf ein St\u00fcck aufgeraute Watte spr\u00fchen und damit auf das Gesicht und den Hals auftragen. Morgens und abends anwenden. F\u00fcr alle Hauttypen geeignet. Bei Zimmertemperatur lagern. F\u00fcr Kinder unzug\u00e4nglich aufbewahren.  \u00a0  Erg\u00e4nzende Produkte:  Um die Wirkung des Gesichtswassers zu verst\u00e4rken, empfehlen wir die Anwendung des Formula H Gesichtsserums sowie des Formula H Augenserums unter einer Tages- oder Nachtcreme. Die Formel H Serumprodukte enthalten gro\u00dfe Mengen an Kollagen und Hyaluron, die zur Straffung der Haut beitragen. F\u00fcr einen noch besseren Effekt empfehlen wir die Anwendung des Formel H Straffendes Serum - Tag und Formel H Straffendes Serum - Nacht.  \u00a0  Soziale Verantwortung:  Formula H kauft seine Rohstoffe direkt beim Produzenten. Dies gibt uns die volle Kontrolle nicht nur \u00fcber deren Qualit\u00e4t, sondern auch \u00fcber die dortigen Arbeitsbedingungen. Mit dem Kauf von Formula H Produkten unterst\u00fctzten sie auf direktem Wege die Mitarbeiter, die die Rohstoffe f\u00fcr unsere Produkte ernten. Formula H stellt sicher, dass die Mitarbeiter auf den Farmen gut entlohnt werden, ihre Kinder zur Schule gehen k\u00f6nnen, die Familien Zugang zu sauberem Wasser, Sanit\u00e4rversorgung und Hygiene, sowie K\u00fchlschr\u00e4nken haben. Durch den Kauf von Formula H Produkten hilfst du uns dabei, einen Unterschied zu machen","og_url":"https:\/\/www.formula-h-skincare.com\/de\/produkt\/gesichtswasser-parfuemfrei\/","article_publisher":"https:\/\/www.facebook.com\/Formula-H-Skincare-114088206974208\/","article_modified_time":"2024-05-10T10:04:12+00:00","og_image":[{"width":1400,"height":1400,"url":"https:\/\/www.formula-h-skincare.com\/wp-content\/uploads\/2021\/09\/SkinTonic_FF.png","type":"image\/png"}],"twitter_card":"summary_large_image","schema":{"@context":"https:\/\/schema.org","@graph":[{"@type":"WebPage","@id":"https:\/\/www.formula-h-skincare.com\/de\/produkt\/gesichtswasser-parfuemfrei\/","url":"https:\/\/www.formula-h-skincare.com\/de\/produkt\/gesichtswasser-parfuemfrei\/","name":"Gesichtswasser Parf\u00fcmfrei","isPartOf":{"@id":"https:\/\/www.formula-h-skincare.com\/de\/#website"},"primaryImageOfPage":{"@id":"https:\/\/www.formula-h-skincare.com\/de\/produkt\/gesichtswasser-parfuemfrei\/#primaryimage"},"image":{"@id":"https:\/\/www.formula-h-skincare.com\/de\/produkt\/gesichtswasser-parfuemfrei\/#primaryimage"},"thumbnailUrl":"https:\/\/www.formula-h-skincare.com\/wp-content\/uploads\/2021\/09\/SkinTonic_FF.png","datePublished":"2021-09-21T17:49:22+00:00","dateModified":"2024-05-10T10:04:12+00:00","breadcrumb":{"@id":"https:\/\/www.formula-h-skincare.com\/de\/produkt\/gesichtswasser-parfuemfrei\/#breadcrumb"},"inLanguage":"de","potentialAction":[{"@type":"ReadAction","target":["https:\/\/www.formula-h-skincare.com\/de\/produkt\/gesichtswasser-parfuemfrei\/"]}]},{"@type":"ImageObject","inLanguage":"de","@id":"https:\/\/www.formula-h-skincare.com\/de\/produkt\/gesichtswasser-parfuemfrei\/#primaryimage","url":"https:\/\/www.formula-h-skincare.com\/wp-content\/uploads\/2021\/09\/SkinTonic_FF.png","contentUrl":"https:\/\/www.formula-h-skincare.com\/wp-content\/uploads\/2021\/09\/SkinTonic_FF.png","width":1400,"height":1400},{"@type":"BreadcrumbList","@id":"https:\/\/www.formula-h-skincare.com\/de\/produkt\/gesichtswasser-parfuemfrei\/#breadcrumb","itemListElement":[{"@type":"ListItem","position":1,"name":"Home","item":"https:\/\/www.formula-h-skincare.com\/de\/"},{"@type":"ListItem","position":2,"name":"Shop","item":"https:\/\/www.formula-h-skincare.com\/de\/"},{"@type":"ListItem","position":3,"name":"Gesichtswasser Parf\u00fcmfrei"}]},{"@type":"WebSite","@id":"https:\/\/www.formula-h-skincare.com\/de\/#website","url":"https:\/\/www.formula-h-skincare.com\/de\/","name":"https:\/\/www.formula-h-skincare.com\/","description":"","publisher":{"@id":"https:\/\/www.formula-h-skincare.com\/de\/#organization"},"potentialAction":[{"@type":"SearchAction","target":{"@type":"EntryPoint","urlTemplate":"https:\/\/www.formula-h-skincare.com\/de\/?s={search_term_string}"},"query-input":{"@type":"PropertyValueSpecification","valueRequired":true,"valueName":"search_term_string"}}],"inLanguage":"de"},{"@type":"Organization","@id":"https:\/\/www.formula-h-skincare.com\/de\/#organization","name":"Formula H Skincare ApS","url":"https:\/\/www.formula-h-skincare.com\/de\/","logo":{"@type":"ImageObject","inLanguage":"de","@id":"https:\/\/www.formula-h-skincare.com\/de\/#\/schema\/logo\/image\/","url":"https:\/\/www.formula-h-skincare.com\/wp-content\/uploads\/2021\/05\/Formula-H_neg-B125px.png","contentUrl":"https:\/\/www.formula-h-skincare.com\/wp-content\/uploads\/2021\/05\/Formula-H_neg-B125px.png","width":125,"height":133,"caption":"Formula H Skincare ApS"},"image":{"@id":"https:\/\/www.formula-h-skincare.com\/de\/#\/schema\/logo\/image\/"},"sameAs":["https:\/\/www.facebook.com\/Formula-H-Skincare-114088206974208\/","https:\/\/www.instagram.com\/formula_h_skincare\/","https:\/\/www.linkedin.com\/company\/73784209\/admin\/","https:\/\/www.youtube.com\/channel\/UC86q8VE-xr9YYJ7UicAhPFw"]}]}},"brands":[{"id":223,"name":"Formula H Skincare","slug":"formula-h-skincare"}],"_links":{"self":[{"href":"https:\/\/www.formula-h-skincare.com\/de\/wp-json\/wp\/v2\/product\/2689","targetHints":{"allow":["GET"]}}],"collection":[{"href":"https:\/\/www.formula-h-skincare.com\/de\/wp-json\/wp\/v2\/product"}],"about":[{"href":"https:\/\/www.formula-h-skincare.com\/de\/wp-json\/wp\/v2\/types\/product"}],"replies":[{"embeddable":true,"href":"https:\/\/www.formula-h-skincare.com\/de\/wp-json\/wp\/v2\/comments?post=2689"}],"wp:featuredmedia":[{"embeddable":true,"href":"https:\/\/www.formula-h-skincare.com\/de\/wp-json\/wp\/v2\/media\/6142"}],"wp:attachment":[{"href":"https:\/\/www.formula-h-skincare.com\/de\/wp-json\/wp\/v2\/media?parent=2689"}],"wp:term":[{"taxonomy":"pwb-brand","embeddable":true,"href":"https:\/\/www.formula-h-skincare.com\/de\/wp-json\/wp\/v2\/pwb-brand?post=2689"},{"taxonomy":"product_brand","embeddable":true,"href":"https:\/\/www.formula-h-skincare.com\/de\/wp-json\/wp\/v2\/product_brand?post=2689"},{"taxonomy":"product_cat","embeddable":true,"href":"https:\/\/www.formula-h-skincare.com\/de\/wp-json\/wp\/v2\/product_cat?post=2689"},{"taxonomy":"product_tag","embeddable":true,"href":"https:\/\/www.formula-h-skincare.com\/de\/wp-json\/wp\/v2\/product_tag?post=2689"}],"curies":[{"name":"wp","href":"https:\/\/api.w.org\/{rel}","templated":true}]}}