{"id":2697,"date":"2021-09-21T19:54:11","date_gmt":"2021-09-21T17:54:11","guid":{"rendered":"https:\/\/www.formula-h-skincare.com\/product\/foundation-pinsel\/"},"modified":"2024-05-10T12:04:14","modified_gmt":"2024-05-10T10:04:14","slug":"foundation-pinsel","status":"publish","type":"product","link":"https:\/\/www.formula-h-skincare.com\/de\/produkt\/foundation-pinsel\/","title":{"rendered":"Foundation Pinsel"},"content":{"rendered":"","protected":false},"excerpt":{"rendered":"<p>Formel H Hautpflege Foundation Pinsel<\/p>\n<p><strong>Bewirken<\/strong><\/p>\n<p>Der Formel-H-Grundierungspinsel mit weichem Haar auf einem schmalen B\u00fcrstenkopf eignet sich perfekt zum Auftragen von Cremes, Grundierungen, Peelings und Masken. Es eignet sich besonders f\u00fcr die Formel-H-Peel-Maske sowie das Formel-H-Gesichtspeeling, da es eine pr\u00e4zise und gleichm\u00e4\u00dfige Verteilung \u00fcber das gesamte Gesicht gew\u00e4hrleistet.<\/p>\n<p><strong>Inhalt<\/strong><\/p>\n<p>Alle B\u00fcrsten der Formel H Hautpflege haben ergonomisch geformte Griffe mit Komfortgriffen und die Borsten sind synthetisch. Die Griffe bestehen aus recyceltem Aluminium. Die B\u00fcrsten sind absolut umweltfreundlich und bestehen aus FSC-Holz aus einer nachhaltigen, kontrollierten Forstwirtschaft.<\/p>\n<p><strong>Anleitung:<\/strong><\/p>\n<p>Tauchen Sie die B\u00fcrste in das gew\u00fcnschte Produkt. Tragen Sie das gew\u00fcnschte Produkt auf und tragen Sie den Pinsel gleichm\u00e4\u00dfig auf das Gesicht auf, damit das Produkt gleichm\u00e4\u00dfig verteilt wird.<\/p>\n<p><strong>Genie\u00dfen Sie mehrere Vorteile<\/strong><\/p>\n<p>Um Ihre B\u00fcrste sauber und keimfrei zu halten, sollten Sie sie ca. alle 14 Tage in einem milden Shampoo, zB Formula H Hair Shampoo. Verteilen Sie ein wenig Shampoo in Ihrer Handfl\u00e4che und sch\u00e4umen Sie es mit etwas Wasser ein. F\u00fchren Sie dann die Borsten \/ den Spatel mehrmals durch das Shampoo. Mit sauberem, lauwarmem Wasser absp\u00fclen und auf einer ebenen Fl\u00e4che trocknen lassen.<\/p>\n<p><strong>Sie machen einen Unterschied<\/strong><\/p>\n<p>Die Formel H kauft Rohstoffe direkt dort, wo sie angebaut werden. Es bietet vollst\u00e4ndige Kontrolle \u00fcber Qualit\u00e4t und Arbeitsbedingungen. Wenn Sie die Formel H kaufen, unterst\u00fctzen Sie direkt die Farmmitarbeiter, die die Rohstoffe f\u00fcr Ihre Formel H-Produkte ernten. Die Formel H sorgt daf\u00fcr, dass die Landarbeiter ein angemessenes Gehalt erhalten, dass ihre Kinder zur Schule gehen, dass die Familien sauberes Wasser, Toiletten, Duschen und K\u00fchlschr\u00e4nke haben. Sie machen also einen gro\u00dfen Unterschied, wenn Sie die Formel H w\u00e4hlen.<\/p>\n","protected":false},"featured_media":4128,"comment_status":"open","ping_status":"closed","template":"","meta":[],"pwb-brand":[223],"product_brand":[],"product_cat":[297,153],"product_tag":[],"class_list":{"0":"post-2697","1":"product","2":"type-product","3":"status-publish","4":"has-post-thumbnail","6":"pwb-brand-formula-h-skincare","7":"product_cat-damen","8":"product_cat-wellness-de","10":"first","11":"instock","12":"taxable","13":"shipping-taxable","14":"purchasable","15":"product-type-simple"},"yoast_head":"<!-- This site is optimized with the Yoast SEO plugin v27.2 - https:\/\/yoast.com\/product\/yoast-seo-wordpress\/ -->\n<title>Pinsel f\u00fcr foundation and masken<\/title>\n<meta name=\"robots\" content=\"index, follow, max-snippet:-1, max-image-preview:large, max-video-preview:-1\" \/>\n<link rel=\"canonical\" href=\"https:\/\/www.formula-h-skincare.com\/de\/produkt\/foundation-pinsel\/\" \/>\n<meta property=\"og:locale\" content=\"de_DE\" \/>\n<meta property=\"og:type\" content=\"article\" \/>\n<meta property=\"og:title\" content=\"Pinsel f\u00fcr foundation and masken\" \/>\n<meta property=\"og:description\" content=\"Formel H Hautpflege Foundation Pinsel  Bewirken  Der Formel-H-Grundierungspinsel mit weichem Haar auf einem schmalen B\u00fcrstenkopf eignet sich perfekt zum Auftragen von Cremes, Grundierungen, Peelings und Masken. Es eignet sich besonders f\u00fcr die Formel-H-Peel-Maske sowie das Formel-H-Gesichtspeeling, da es eine pr\u00e4zise und gleichm\u00e4\u00dfige Verteilung \u00fcber das gesamte Gesicht gew\u00e4hrleistet.  Inhalt  Alle B\u00fcrsten der Formel H Hautpflege haben ergonomisch geformte Griffe mit Komfortgriffen und die Borsten sind synthetisch. Die Griffe bestehen aus recyceltem Aluminium. Die B\u00fcrsten sind absolut umweltfreundlich und bestehen aus FSC-Holz aus einer nachhaltigen, kontrollierten Forstwirtschaft.  Anleitung:  Tauchen Sie die B\u00fcrste in das gew\u00fcnschte Produkt. Tragen Sie das gew\u00fcnschte Produkt auf und tragen Sie den Pinsel gleichm\u00e4\u00dfig auf das Gesicht auf, damit das Produkt gleichm\u00e4\u00dfig verteilt wird.  Genie\u00dfen Sie mehrere Vorteile  Um Ihre B\u00fcrste sauber und keimfrei zu halten, sollten Sie sie ca. alle 14 Tage in einem milden Shampoo, zB Formula H Hair Shampoo. Verteilen Sie ein wenig Shampoo in Ihrer Handfl\u00e4che und sch\u00e4umen Sie es mit etwas Wasser ein. F\u00fchren Sie dann die Borsten \/ den Spatel mehrmals durch das Shampoo. Mit sauberem, lauwarmem Wasser absp\u00fclen und auf einer ebenen Fl\u00e4che trocknen lassen.  Sie machen einen Unterschied  Die Formel H kauft Rohstoffe direkt dort, wo sie angebaut werden. Es bietet vollst\u00e4ndige Kontrolle \u00fcber Qualit\u00e4t und Arbeitsbedingungen. Wenn Sie die Formel H kaufen, unterst\u00fctzen Sie direkt die Farmmitarbeiter, die die Rohstoffe f\u00fcr Ihre Formel H-Produkte ernten. Die Formel H sorgt daf\u00fcr, dass die Landarbeiter ein angemessenes Gehalt erhalten, dass ihre Kinder zur Schule gehen, dass die Familien sauberes Wasser, Toiletten, Duschen und K\u00fchlschr\u00e4nke haben. Sie machen also einen gro\u00dfen Unterschied, wenn Sie die Formel H w\u00e4hlen.\" \/>\n<meta property=\"og:url\" content=\"https:\/\/www.formula-h-skincare.com\/de\/produkt\/foundation-pinsel\/\" \/>\n<meta property=\"article:publisher\" content=\"https:\/\/www.facebook.com\/Formula-H-Skincare-114088206974208\/\" \/>\n<meta property=\"article:modified_time\" content=\"2024-05-10T10:04:14+00:00\" \/>\n<meta property=\"og:image\" content=\"https:\/\/www.formula-h-skincare.com\/wp-content\/uploads\/2021\/04\/FoundationPensel.png\" \/>\n\t<meta property=\"og:image:width\" content=\"1400\" \/>\n\t<meta property=\"og:image:height\" content=\"1400\" \/>\n\t<meta property=\"og:image:type\" content=\"image\/png\" \/>\n<meta name=\"twitter:card\" content=\"summary_large_image\" \/>\n<script type=\"application\/ld+json\" class=\"yoast-schema-graph\">{\"@context\":\"https:\/\/schema.org\",\"@graph\":[{\"@type\":\"WebPage\",\"@id\":\"https:\/\/www.formula-h-skincare.com\/de\/produkt\/foundation-pinsel\/\",\"url\":\"https:\/\/www.formula-h-skincare.com\/de\/produkt\/foundation-pinsel\/\",\"name\":\"Pinsel f\u00fcr foundation and masken\",\"isPartOf\":{\"@id\":\"https:\/\/www.formula-h-skincare.com\/de\/#website\"},\"primaryImageOfPage\":{\"@id\":\"https:\/\/www.formula-h-skincare.com\/de\/produkt\/foundation-pinsel\/#primaryimage\"},\"image\":{\"@id\":\"https:\/\/www.formula-h-skincare.com\/de\/produkt\/foundation-pinsel\/#primaryimage\"},\"thumbnailUrl\":\"https:\/\/www.formula-h-skincare.com\/wp-content\/uploads\/2021\/04\/FoundationPensel.png\",\"datePublished\":\"2021-09-21T17:54:11+00:00\",\"dateModified\":\"2024-05-10T10:04:14+00:00\",\"breadcrumb\":{\"@id\":\"https:\/\/www.formula-h-skincare.com\/de\/produkt\/foundation-pinsel\/#breadcrumb\"},\"inLanguage\":\"de\",\"potentialAction\":[{\"@type\":\"ReadAction\",\"target\":[\"https:\/\/www.formula-h-skincare.com\/de\/produkt\/foundation-pinsel\/\"]}]},{\"@type\":\"ImageObject\",\"inLanguage\":\"de\",\"@id\":\"https:\/\/www.formula-h-skincare.com\/de\/produkt\/foundation-pinsel\/#primaryimage\",\"url\":\"https:\/\/www.formula-h-skincare.com\/wp-content\/uploads\/2021\/04\/FoundationPensel.png\",\"contentUrl\":\"https:\/\/www.formula-h-skincare.com\/wp-content\/uploads\/2021\/04\/FoundationPensel.png\",\"width\":1400,\"height\":1400},{\"@type\":\"BreadcrumbList\",\"@id\":\"https:\/\/www.formula-h-skincare.com\/de\/produkt\/foundation-pinsel\/#breadcrumb\",\"itemListElement\":[{\"@type\":\"ListItem\",\"position\":1,\"name\":\"Home\",\"item\":\"https:\/\/www.formula-h-skincare.com\/de\/\"},{\"@type\":\"ListItem\",\"position\":2,\"name\":\"Shop\",\"item\":\"https:\/\/www.formula-h-skincare.com\/de\/\"},{\"@type\":\"ListItem\",\"position\":3,\"name\":\"Foundation Pinsel\"}]},{\"@type\":\"WebSite\",\"@id\":\"https:\/\/www.formula-h-skincare.com\/de\/#website\",\"url\":\"https:\/\/www.formula-h-skincare.com\/de\/\",\"name\":\"https:\/\/www.formula-h-skincare.com\/\",\"description\":\"\",\"publisher\":{\"@id\":\"https:\/\/www.formula-h-skincare.com\/de\/#organization\"},\"potentialAction\":[{\"@type\":\"SearchAction\",\"target\":{\"@type\":\"EntryPoint\",\"urlTemplate\":\"https:\/\/www.formula-h-skincare.com\/de\/?s={search_term_string}\"},\"query-input\":{\"@type\":\"PropertyValueSpecification\",\"valueRequired\":true,\"valueName\":\"search_term_string\"}}],\"inLanguage\":\"de\"},{\"@type\":\"Organization\",\"@id\":\"https:\/\/www.formula-h-skincare.com\/de\/#organization\",\"name\":\"Formula H Skincare ApS\",\"url\":\"https:\/\/www.formula-h-skincare.com\/de\/\",\"logo\":{\"@type\":\"ImageObject\",\"inLanguage\":\"de\",\"@id\":\"https:\/\/www.formula-h-skincare.com\/de\/#\/schema\/logo\/image\/\",\"url\":\"https:\/\/www.formula-h-skincare.com\/wp-content\/uploads\/2021\/05\/Formula-H_neg-B125px.png\",\"contentUrl\":\"https:\/\/www.formula-h-skincare.com\/wp-content\/uploads\/2021\/05\/Formula-H_neg-B125px.png\",\"width\":125,\"height\":133,\"caption\":\"Formula H Skincare ApS\"},\"image\":{\"@id\":\"https:\/\/www.formula-h-skincare.com\/de\/#\/schema\/logo\/image\/\"},\"sameAs\":[\"https:\/\/www.facebook.com\/Formula-H-Skincare-114088206974208\/\",\"https:\/\/www.instagram.com\/formula_h_skincare\/\",\"https:\/\/www.linkedin.com\/company\/73784209\/admin\/\",\"https:\/\/www.youtube.com\/channel\/UC86q8VE-xr9YYJ7UicAhPFw\"]}]}<\/script>\n<!-- \/ Yoast SEO plugin. -->","yoast_head_json":{"title":"Pinsel f\u00fcr foundation and masken","robots":{"index":"index","follow":"follow","max-snippet":"max-snippet:-1","max-image-preview":"max-image-preview:large","max-video-preview":"max-video-preview:-1"},"canonical":"https:\/\/www.formula-h-skincare.com\/de\/produkt\/foundation-pinsel\/","og_locale":"de_DE","og_type":"article","og_title":"Pinsel f\u00fcr foundation and masken","og_description":"Formel H Hautpflege Foundation Pinsel  Bewirken  Der Formel-H-Grundierungspinsel mit weichem Haar auf einem schmalen B\u00fcrstenkopf eignet sich perfekt zum Auftragen von Cremes, Grundierungen, Peelings und Masken. Es eignet sich besonders f\u00fcr die Formel-H-Peel-Maske sowie das Formel-H-Gesichtspeeling, da es eine pr\u00e4zise und gleichm\u00e4\u00dfige Verteilung \u00fcber das gesamte Gesicht gew\u00e4hrleistet.  Inhalt  Alle B\u00fcrsten der Formel H Hautpflege haben ergonomisch geformte Griffe mit Komfortgriffen und die Borsten sind synthetisch. Die Griffe bestehen aus recyceltem Aluminium. Die B\u00fcrsten sind absolut umweltfreundlich und bestehen aus FSC-Holz aus einer nachhaltigen, kontrollierten Forstwirtschaft.  Anleitung:  Tauchen Sie die B\u00fcrste in das gew\u00fcnschte Produkt. Tragen Sie das gew\u00fcnschte Produkt auf und tragen Sie den Pinsel gleichm\u00e4\u00dfig auf das Gesicht auf, damit das Produkt gleichm\u00e4\u00dfig verteilt wird.  Genie\u00dfen Sie mehrere Vorteile  Um Ihre B\u00fcrste sauber und keimfrei zu halten, sollten Sie sie ca. alle 14 Tage in einem milden Shampoo, zB Formula H Hair Shampoo. Verteilen Sie ein wenig Shampoo in Ihrer Handfl\u00e4che und sch\u00e4umen Sie es mit etwas Wasser ein. F\u00fchren Sie dann die Borsten \/ den Spatel mehrmals durch das Shampoo. Mit sauberem, lauwarmem Wasser absp\u00fclen und auf einer ebenen Fl\u00e4che trocknen lassen.  Sie machen einen Unterschied  Die Formel H kauft Rohstoffe direkt dort, wo sie angebaut werden. Es bietet vollst\u00e4ndige Kontrolle \u00fcber Qualit\u00e4t und Arbeitsbedingungen. Wenn Sie die Formel H kaufen, unterst\u00fctzen Sie direkt die Farmmitarbeiter, die die Rohstoffe f\u00fcr Ihre Formel H-Produkte ernten. Die Formel H sorgt daf\u00fcr, dass die Landarbeiter ein angemessenes Gehalt erhalten, dass ihre Kinder zur Schule gehen, dass die Familien sauberes Wasser, Toiletten, Duschen und K\u00fchlschr\u00e4nke haben. Sie machen also einen gro\u00dfen Unterschied, wenn Sie die Formel H w\u00e4hlen.","og_url":"https:\/\/www.formula-h-skincare.com\/de\/produkt\/foundation-pinsel\/","article_publisher":"https:\/\/www.facebook.com\/Formula-H-Skincare-114088206974208\/","article_modified_time":"2024-05-10T10:04:14+00:00","og_image":[{"width":1400,"height":1400,"url":"https:\/\/www.formula-h-skincare.com\/wp-content\/uploads\/2021\/04\/FoundationPensel.png","type":"image\/png"}],"twitter_card":"summary_large_image","schema":{"@context":"https:\/\/schema.org","@graph":[{"@type":"WebPage","@id":"https:\/\/www.formula-h-skincare.com\/de\/produkt\/foundation-pinsel\/","url":"https:\/\/www.formula-h-skincare.com\/de\/produkt\/foundation-pinsel\/","name":"Pinsel f\u00fcr foundation and masken","isPartOf":{"@id":"https:\/\/www.formula-h-skincare.com\/de\/#website"},"primaryImageOfPage":{"@id":"https:\/\/www.formula-h-skincare.com\/de\/produkt\/foundation-pinsel\/#primaryimage"},"image":{"@id":"https:\/\/www.formula-h-skincare.com\/de\/produkt\/foundation-pinsel\/#primaryimage"},"thumbnailUrl":"https:\/\/www.formula-h-skincare.com\/wp-content\/uploads\/2021\/04\/FoundationPensel.png","datePublished":"2021-09-21T17:54:11+00:00","dateModified":"2024-05-10T10:04:14+00:00","breadcrumb":{"@id":"https:\/\/www.formula-h-skincare.com\/de\/produkt\/foundation-pinsel\/#breadcrumb"},"inLanguage":"de","potentialAction":[{"@type":"ReadAction","target":["https:\/\/www.formula-h-skincare.com\/de\/produkt\/foundation-pinsel\/"]}]},{"@type":"ImageObject","inLanguage":"de","@id":"https:\/\/www.formula-h-skincare.com\/de\/produkt\/foundation-pinsel\/#primaryimage","url":"https:\/\/www.formula-h-skincare.com\/wp-content\/uploads\/2021\/04\/FoundationPensel.png","contentUrl":"https:\/\/www.formula-h-skincare.com\/wp-content\/uploads\/2021\/04\/FoundationPensel.png","width":1400,"height":1400},{"@type":"BreadcrumbList","@id":"https:\/\/www.formula-h-skincare.com\/de\/produkt\/foundation-pinsel\/#breadcrumb","itemListElement":[{"@type":"ListItem","position":1,"name":"Home","item":"https:\/\/www.formula-h-skincare.com\/de\/"},{"@type":"ListItem","position":2,"name":"Shop","item":"https:\/\/www.formula-h-skincare.com\/de\/"},{"@type":"ListItem","position":3,"name":"Foundation Pinsel"}]},{"@type":"WebSite","@id":"https:\/\/www.formula-h-skincare.com\/de\/#website","url":"https:\/\/www.formula-h-skincare.com\/de\/","name":"https:\/\/www.formula-h-skincare.com\/","description":"","publisher":{"@id":"https:\/\/www.formula-h-skincare.com\/de\/#organization"},"potentialAction":[{"@type":"SearchAction","target":{"@type":"EntryPoint","urlTemplate":"https:\/\/www.formula-h-skincare.com\/de\/?s={search_term_string}"},"query-input":{"@type":"PropertyValueSpecification","valueRequired":true,"valueName":"search_term_string"}}],"inLanguage":"de"},{"@type":"Organization","@id":"https:\/\/www.formula-h-skincare.com\/de\/#organization","name":"Formula H Skincare ApS","url":"https:\/\/www.formula-h-skincare.com\/de\/","logo":{"@type":"ImageObject","inLanguage":"de","@id":"https:\/\/www.formula-h-skincare.com\/de\/#\/schema\/logo\/image\/","url":"https:\/\/www.formula-h-skincare.com\/wp-content\/uploads\/2021\/05\/Formula-H_neg-B125px.png","contentUrl":"https:\/\/www.formula-h-skincare.com\/wp-content\/uploads\/2021\/05\/Formula-H_neg-B125px.png","width":125,"height":133,"caption":"Formula H Skincare ApS"},"image":{"@id":"https:\/\/www.formula-h-skincare.com\/de\/#\/schema\/logo\/image\/"},"sameAs":["https:\/\/www.facebook.com\/Formula-H-Skincare-114088206974208\/","https:\/\/www.instagram.com\/formula_h_skincare\/","https:\/\/www.linkedin.com\/company\/73784209\/admin\/","https:\/\/www.youtube.com\/channel\/UC86q8VE-xr9YYJ7UicAhPFw"]}]}},"brands":[{"id":223,"name":"Formula H Skincare","slug":"formula-h-skincare"}],"_links":{"self":[{"href":"https:\/\/www.formula-h-skincare.com\/de\/wp-json\/wp\/v2\/product\/2697","targetHints":{"allow":["GET"]}}],"collection":[{"href":"https:\/\/www.formula-h-skincare.com\/de\/wp-json\/wp\/v2\/product"}],"about":[{"href":"https:\/\/www.formula-h-skincare.com\/de\/wp-json\/wp\/v2\/types\/product"}],"replies":[{"embeddable":true,"href":"https:\/\/www.formula-h-skincare.com\/de\/wp-json\/wp\/v2\/comments?post=2697"}],"wp:featuredmedia":[{"embeddable":true,"href":"https:\/\/www.formula-h-skincare.com\/de\/wp-json\/wp\/v2\/media\/4128"}],"wp:attachment":[{"href":"https:\/\/www.formula-h-skincare.com\/de\/wp-json\/wp\/v2\/media?parent=2697"}],"wp:term":[{"taxonomy":"pwb-brand","embeddable":true,"href":"https:\/\/www.formula-h-skincare.com\/de\/wp-json\/wp\/v2\/pwb-brand?post=2697"},{"taxonomy":"product_brand","embeddable":true,"href":"https:\/\/www.formula-h-skincare.com\/de\/wp-json\/wp\/v2\/product_brand?post=2697"},{"taxonomy":"product_cat","embeddable":true,"href":"https:\/\/www.formula-h-skincare.com\/de\/wp-json\/wp\/v2\/product_cat?post=2697"},{"taxonomy":"product_tag","embeddable":true,"href":"https:\/\/www.formula-h-skincare.com\/de\/wp-json\/wp\/v2\/product_tag?post=2697"}],"curies":[{"name":"wp","href":"https:\/\/api.w.org\/{rel}","templated":true}]}}