{"id":6185,"date":"2022-10-02T11:41:01","date_gmt":"2022-10-02T09:41:01","guid":{"rendered":"https:\/\/www.formula-h-skincare.com\/?post_type=product&#038;p=6185"},"modified":"2024-05-13T12:43:05","modified_gmt":"2024-05-13T10:43:05","slug":"fusscreme","status":"publish","type":"product","link":"https:\/\/www.formula-h-skincare.com\/de\/produkt\/fusscreme\/","title":{"rendered":"Fusscreme 100 ml"},"content":{"rendered":"<p>Aqua (Water)*, Glycerin**, Stearic Acid**, Cetyl Alcohol*, Prunus Amygdalus Dulcis (Sweet Almond) Oil**, Cera alba*, Triethanolamine**, Propylene Glycol**, Dimethicone*, Propanediol*, Butyrospermum Parkii (Shea) Butter**, Sodium Caproyl\/Lauroyl Lactylate**, Menthyl Lactate*, Benzyl Alcohol**, Triethyl Citrate**, Gluconolactone**, Dehydroacetic Acid*, Glucose**, Sodium Benzoate**, Lactic Acid*, Benzoic Acid**, Aesculus Hippocastanum Seed Extract**, Arnica Montana Flower Extract**, Maris Aqua*, Potassium sorbate**, Calcium Gluconate**, CI 42090, Parfum (Fragrance)**, Geraniol**, Linalool**, Butylphenyl Methylpropional, Citronellol*, Coumarin*, Alpha-Isomethyl Ionone*, Benzyl Salicylate*, Hexyl Cinnamal*, Amyl Cinnamal*, Eugenol**. *= Natural, **= Organic<\/p>\n","protected":false},"excerpt":{"rendered":"<p><strong>Wirkung:<\/strong><\/p>\n<p>Die Formula H Fu\u00dfcreme hilft gegen Hornhaut, schmerzende F\u00fc\u00dfe und Schwellungen. Gleichzeitig ist die Creme antibakteriell, so dass sie z.B. Fu\u00dfpilz vorbeugt.<\/p>\n<p><strong>\u00a0<\/strong><\/p>\n<p><strong>Inhalt: <\/strong><\/p>\n<p>Die Formula H Fu\u00dfcreme enth\u00e4lt drei wichtige \u00d6le, die gemeinsam die gew\u00fcnschte Wirkung erzielen. Diese sind Butyrospermum Parkii (Shea Butter), das die F\u00fc\u00dfe geschmeidig macht, <em>Aesculus hippocastanum, welches antibakteriell wirkt und gleichzeitig die Hornhaut entfernt sowie <\/em>Arnica\u00a0Montana, das Schmerzen und Schwellungen lindert.<\/p>\n<p><strong>Anwendung:<\/strong><\/p>\n<p>Die Fu\u00dfcreme \u00fcber Nacht anwenden. Die Creme in kleinen Mengen auf die F\u00fc\u00dfe auftragen und einmassieren \u2013 besonders auf verhornte und schmerzhafte Stellen. Bei Zimmertemperatur lagern. F\u00fcr Kinder unzug\u00e4nglich aufbewahren.<\/p>\n<p><strong>\u00a0<\/strong><\/p>\n<p><strong>Erg\u00e4nzende Produkte:<\/strong><\/p>\n<p>Um die Wirkung der Formula H Fu\u00dfcreme zu verst\u00e4rken, empfehlen wir vor dem Eincremen die Anwendung des Formula H K\u00f6rperpeelings. Das Peeling verst\u00e4rkt die Wirkung der Fu\u00dfcreme durch eine ganze Reihe von \u00d6len, die in Kombination mit einem speziellen Salz aus dem Toten Meer dazu beitragen, den schnelleren Effekt zu erreichen.<\/p>\n<p><strong>\u00a0<\/strong><\/p>\n<p><strong>Soziale Verantwortung:<\/strong><\/p>\n<p>Formula H kauft seine Rohstoffe direkt beim Produzenten. Dies gibt uns die volle Kontrolle nicht nur \u00fcber deren Qualit\u00e4t, sondern auch \u00fcber die dortigen Arbeitsbedingungen. Mit dem Kauf von Formula\u00a0H Produkten unterst\u00fctzt du auf direktem Wege die Mitarbeiter, die die Rohstoffe f\u00fcr unsere Produkte ernten. Formula H stellt sicher, dass die Mitarbeiter auf den Farmen gut entlohnt werden, ihre Kinder zur Schule gehen k\u00f6nnen, die Familien Zugang zu sauberem Wasser, Sanit\u00e4rversorgung und Hygiene, sowie K\u00fchlschr\u00e4nken haben. Durch den Kauf von Formula H Produkten hilfst du uns dabei, einen Unterschied zu machen.<\/p>\n<p>&nbsp;<\/p>\n<p><strong>\u00a0<\/strong><\/p>\n<p><strong>Haltbarkeit:<br \/>\n<\/strong>Nach \u00d6ffnung 12 Monate<\/p>\n<p>&nbsp;<\/p>\n<p><strong>Verpackung:<\/strong><\/p>\n<p>100 ml Kunststofftiegel, schwarz mit silberfarbenem Deckel<\/p>\n<p>&nbsp;<\/p>\n<p><strong>Produktsymbole:<br \/>\n<\/strong>Vegan, Naturkosmetik, Soziale Verantwortung, Recycling.<\/p>\n","protected":false},"featured_media":8701,"comment_status":"open","ping_status":"closed","template":"","meta":[],"pwb-brand":[],"product_brand":[],"product_cat":[153],"product_tag":[],"class_list":{"0":"post-6185","1":"product","2":"type-product","3":"status-publish","4":"has-post-thumbnail","6":"product_cat-wellness-de","8":"first","9":"instock","10":"taxable","11":"shipping-taxable","12":"purchasable","13":"product-type-simple"},"yoast_head":"<!-- This site is optimized with the Yoast SEO plugin v27.2 - https:\/\/yoast.com\/product\/yoast-seo-wordpress\/ -->\n<title>Fusscreme 100 ml -<\/title>\n<meta name=\"robots\" content=\"index, follow, max-snippet:-1, max-image-preview:large, max-video-preview:-1\" \/>\n<link rel=\"canonical\" href=\"https:\/\/www.formula-h-skincare.com\/de\/produkt\/fusscreme\/\" \/>\n<meta property=\"og:locale\" content=\"de_DE\" \/>\n<meta property=\"og:type\" content=\"article\" \/>\n<meta property=\"og:title\" content=\"Fusscreme 100 ml -\" \/>\n<meta property=\"og:description\" content=\"Wirkung:  Die Formula H Fu\u00dfcreme hilft gegen Hornhaut, schmerzende F\u00fc\u00dfe und Schwellungen. Gleichzeitig ist die Creme antibakteriell, so dass sie z.B. Fu\u00dfpilz vorbeugt.  \u00a0  Inhalt:   Die Formula H Fu\u00dfcreme enth\u00e4lt drei wichtige \u00d6le, die gemeinsam die gew\u00fcnschte Wirkung erzielen. Diese sind Butyrospermum Parkii (Shea Butter), das die F\u00fc\u00dfe geschmeidig macht, Aesculus hippocastanum, welches antibakteriell wirkt und gleichzeitig die Hornhaut entfernt sowie Arnica\u00a0Montana, das Schmerzen und Schwellungen lindert.  Anwendung:  Die Fu\u00dfcreme \u00fcber Nacht anwenden. Die Creme in kleinen Mengen auf die F\u00fc\u00dfe auftragen und einmassieren \u2013 besonders auf verhornte und schmerzhafte Stellen. Bei Zimmertemperatur lagern. F\u00fcr Kinder unzug\u00e4nglich aufbewahren.  \u00a0  Erg\u00e4nzende Produkte:  Um die Wirkung der Formula H Fu\u00dfcreme zu verst\u00e4rken, empfehlen wir vor dem Eincremen die Anwendung des Formula H K\u00f6rperpeelings. Das Peeling verst\u00e4rkt die Wirkung der Fu\u00dfcreme durch eine ganze Reihe von \u00d6len, die in Kombination mit einem speziellen Salz aus dem Toten Meer dazu beitragen, den schnelleren Effekt zu erreichen.  \u00a0  Soziale Verantwortung:  Formula H kauft seine Rohstoffe direkt beim Produzenten. Dies gibt uns die volle Kontrolle nicht nur \u00fcber deren Qualit\u00e4t, sondern auch \u00fcber die dortigen Arbeitsbedingungen. Mit dem Kauf von Formula\u00a0H Produkten unterst\u00fctzt du auf direktem Wege die Mitarbeiter, die die Rohstoffe f\u00fcr unsere Produkte ernten. Formula H stellt sicher, dass die Mitarbeiter auf den Farmen gut entlohnt werden, ihre Kinder zur Schule gehen k\u00f6nnen, die Familien Zugang zu sauberem Wasser, Sanit\u00e4rversorgung und Hygiene, sowie K\u00fchlschr\u00e4nken haben. Durch den Kauf von Formula H Produkten hilfst du uns dabei, einen Unterschied zu machen.  &nbsp;  \u00a0  Haltbarkeit: Nach \u00d6ffnung 12 Monate  &nbsp;  Verpackung:  100 ml Kunststofftiegel, schwarz mit silberfarbenem Deckel  &nbsp;  Produktsymbole: Vegan, Naturkosmetik, Soziale Verantwortung, Recycling.\" \/>\n<meta property=\"og:url\" content=\"https:\/\/www.formula-h-skincare.com\/de\/produkt\/fusscreme\/\" \/>\n<meta property=\"article:publisher\" content=\"https:\/\/www.facebook.com\/Formula-H-Skincare-114088206974208\/\" \/>\n<meta property=\"article:modified_time\" content=\"2024-05-13T10:43:05+00:00\" \/>\n<meta property=\"og:image\" content=\"https:\/\/www.formula-h-skincare.com\/wp-content\/uploads\/2022\/07\/FootCream-Real-Men-100ml.png\" \/>\n\t<meta property=\"og:image:width\" content=\"1394\" \/>\n\t<meta property=\"og:image:height\" content=\"1386\" \/>\n\t<meta property=\"og:image:type\" content=\"image\/png\" \/>\n<meta name=\"twitter:card\" content=\"summary_large_image\" \/>\n<script type=\"application\/ld+json\" class=\"yoast-schema-graph\">{\"@context\":\"https:\/\/schema.org\",\"@graph\":[{\"@type\":\"WebPage\",\"@id\":\"https:\/\/www.formula-h-skincare.com\/de\/produkt\/fusscreme\/\",\"url\":\"https:\/\/www.formula-h-skincare.com\/de\/produkt\/fusscreme\/\",\"name\":\"Fusscreme 100 ml -\",\"isPartOf\":{\"@id\":\"https:\/\/www.formula-h-skincare.com\/de\/#website\"},\"primaryImageOfPage\":{\"@id\":\"https:\/\/www.formula-h-skincare.com\/de\/produkt\/fusscreme\/#primaryimage\"},\"image\":{\"@id\":\"https:\/\/www.formula-h-skincare.com\/de\/produkt\/fusscreme\/#primaryimage\"},\"thumbnailUrl\":\"https:\/\/www.formula-h-skincare.com\/wp-content\/uploads\/2022\/07\/FootCream-Real-Men-100ml.png\",\"datePublished\":\"2022-10-02T09:41:01+00:00\",\"dateModified\":\"2024-05-13T10:43:05+00:00\",\"breadcrumb\":{\"@id\":\"https:\/\/www.formula-h-skincare.com\/de\/produkt\/fusscreme\/#breadcrumb\"},\"inLanguage\":\"de\",\"potentialAction\":[{\"@type\":\"ReadAction\",\"target\":[\"https:\/\/www.formula-h-skincare.com\/de\/produkt\/fusscreme\/\"]}]},{\"@type\":\"ImageObject\",\"inLanguage\":\"de\",\"@id\":\"https:\/\/www.formula-h-skincare.com\/de\/produkt\/fusscreme\/#primaryimage\",\"url\":\"https:\/\/www.formula-h-skincare.com\/wp-content\/uploads\/2022\/07\/FootCream-Real-Men-100ml.png\",\"contentUrl\":\"https:\/\/www.formula-h-skincare.com\/wp-content\/uploads\/2022\/07\/FootCream-Real-Men-100ml.png\",\"width\":1394,\"height\":1386},{\"@type\":\"BreadcrumbList\",\"@id\":\"https:\/\/www.formula-h-skincare.com\/de\/produkt\/fusscreme\/#breadcrumb\",\"itemListElement\":[{\"@type\":\"ListItem\",\"position\":1,\"name\":\"Home\",\"item\":\"https:\/\/www.formula-h-skincare.com\/de\/\"},{\"@type\":\"ListItem\",\"position\":2,\"name\":\"Shop\",\"item\":\"https:\/\/www.formula-h-skincare.com\/de\/\"},{\"@type\":\"ListItem\",\"position\":3,\"name\":\"Fusscreme 100 ml\"}]},{\"@type\":\"WebSite\",\"@id\":\"https:\/\/www.formula-h-skincare.com\/de\/#website\",\"url\":\"https:\/\/www.formula-h-skincare.com\/de\/\",\"name\":\"https:\/\/www.formula-h-skincare.com\/\",\"description\":\"\",\"publisher\":{\"@id\":\"https:\/\/www.formula-h-skincare.com\/de\/#organization\"},\"potentialAction\":[{\"@type\":\"SearchAction\",\"target\":{\"@type\":\"EntryPoint\",\"urlTemplate\":\"https:\/\/www.formula-h-skincare.com\/de\/?s={search_term_string}\"},\"query-input\":{\"@type\":\"PropertyValueSpecification\",\"valueRequired\":true,\"valueName\":\"search_term_string\"}}],\"inLanguage\":\"de\"},{\"@type\":\"Organization\",\"@id\":\"https:\/\/www.formula-h-skincare.com\/de\/#organization\",\"name\":\"Formula H Skincare ApS\",\"url\":\"https:\/\/www.formula-h-skincare.com\/de\/\",\"logo\":{\"@type\":\"ImageObject\",\"inLanguage\":\"de\",\"@id\":\"https:\/\/www.formula-h-skincare.com\/de\/#\/schema\/logo\/image\/\",\"url\":\"https:\/\/www.formula-h-skincare.com\/wp-content\/uploads\/2021\/05\/Formula-H_neg-B125px.png\",\"contentUrl\":\"https:\/\/www.formula-h-skincare.com\/wp-content\/uploads\/2021\/05\/Formula-H_neg-B125px.png\",\"width\":125,\"height\":133,\"caption\":\"Formula H Skincare ApS\"},\"image\":{\"@id\":\"https:\/\/www.formula-h-skincare.com\/de\/#\/schema\/logo\/image\/\"},\"sameAs\":[\"https:\/\/www.facebook.com\/Formula-H-Skincare-114088206974208\/\",\"https:\/\/www.instagram.com\/formula_h_skincare\/\",\"https:\/\/www.linkedin.com\/company\/73784209\/admin\/\",\"https:\/\/www.youtube.com\/channel\/UC86q8VE-xr9YYJ7UicAhPFw\"]}]}<\/script>\n<!-- \/ Yoast SEO plugin. -->","yoast_head_json":{"title":"Fusscreme 100 ml -","robots":{"index":"index","follow":"follow","max-snippet":"max-snippet:-1","max-image-preview":"max-image-preview:large","max-video-preview":"max-video-preview:-1"},"canonical":"https:\/\/www.formula-h-skincare.com\/de\/produkt\/fusscreme\/","og_locale":"de_DE","og_type":"article","og_title":"Fusscreme 100 ml -","og_description":"Wirkung:  Die Formula H Fu\u00dfcreme hilft gegen Hornhaut, schmerzende F\u00fc\u00dfe und Schwellungen. Gleichzeitig ist die Creme antibakteriell, so dass sie z.B. Fu\u00dfpilz vorbeugt.  \u00a0  Inhalt:   Die Formula H Fu\u00dfcreme enth\u00e4lt drei wichtige \u00d6le, die gemeinsam die gew\u00fcnschte Wirkung erzielen. Diese sind Butyrospermum Parkii (Shea Butter), das die F\u00fc\u00dfe geschmeidig macht, Aesculus hippocastanum, welches antibakteriell wirkt und gleichzeitig die Hornhaut entfernt sowie Arnica\u00a0Montana, das Schmerzen und Schwellungen lindert.  Anwendung:  Die Fu\u00dfcreme \u00fcber Nacht anwenden. Die Creme in kleinen Mengen auf die F\u00fc\u00dfe auftragen und einmassieren \u2013 besonders auf verhornte und schmerzhafte Stellen. Bei Zimmertemperatur lagern. F\u00fcr Kinder unzug\u00e4nglich aufbewahren.  \u00a0  Erg\u00e4nzende Produkte:  Um die Wirkung der Formula H Fu\u00dfcreme zu verst\u00e4rken, empfehlen wir vor dem Eincremen die Anwendung des Formula H K\u00f6rperpeelings. Das Peeling verst\u00e4rkt die Wirkung der Fu\u00dfcreme durch eine ganze Reihe von \u00d6len, die in Kombination mit einem speziellen Salz aus dem Toten Meer dazu beitragen, den schnelleren Effekt zu erreichen.  \u00a0  Soziale Verantwortung:  Formula H kauft seine Rohstoffe direkt beim Produzenten. Dies gibt uns die volle Kontrolle nicht nur \u00fcber deren Qualit\u00e4t, sondern auch \u00fcber die dortigen Arbeitsbedingungen. Mit dem Kauf von Formula\u00a0H Produkten unterst\u00fctzt du auf direktem Wege die Mitarbeiter, die die Rohstoffe f\u00fcr unsere Produkte ernten. Formula H stellt sicher, dass die Mitarbeiter auf den Farmen gut entlohnt werden, ihre Kinder zur Schule gehen k\u00f6nnen, die Familien Zugang zu sauberem Wasser, Sanit\u00e4rversorgung und Hygiene, sowie K\u00fchlschr\u00e4nken haben. Durch den Kauf von Formula H Produkten hilfst du uns dabei, einen Unterschied zu machen.  &nbsp;  \u00a0  Haltbarkeit: Nach \u00d6ffnung 12 Monate  &nbsp;  Verpackung:  100 ml Kunststofftiegel, schwarz mit silberfarbenem Deckel  &nbsp;  Produktsymbole: Vegan, Naturkosmetik, Soziale Verantwortung, Recycling.","og_url":"https:\/\/www.formula-h-skincare.com\/de\/produkt\/fusscreme\/","article_publisher":"https:\/\/www.facebook.com\/Formula-H-Skincare-114088206974208\/","article_modified_time":"2024-05-13T10:43:05+00:00","og_image":[{"width":1394,"height":1386,"url":"https:\/\/www.formula-h-skincare.com\/wp-content\/uploads\/2022\/07\/FootCream-Real-Men-100ml.png","type":"image\/png"}],"twitter_card":"summary_large_image","schema":{"@context":"https:\/\/schema.org","@graph":[{"@type":"WebPage","@id":"https:\/\/www.formula-h-skincare.com\/de\/produkt\/fusscreme\/","url":"https:\/\/www.formula-h-skincare.com\/de\/produkt\/fusscreme\/","name":"Fusscreme 100 ml -","isPartOf":{"@id":"https:\/\/www.formula-h-skincare.com\/de\/#website"},"primaryImageOfPage":{"@id":"https:\/\/www.formula-h-skincare.com\/de\/produkt\/fusscreme\/#primaryimage"},"image":{"@id":"https:\/\/www.formula-h-skincare.com\/de\/produkt\/fusscreme\/#primaryimage"},"thumbnailUrl":"https:\/\/www.formula-h-skincare.com\/wp-content\/uploads\/2022\/07\/FootCream-Real-Men-100ml.png","datePublished":"2022-10-02T09:41:01+00:00","dateModified":"2024-05-13T10:43:05+00:00","breadcrumb":{"@id":"https:\/\/www.formula-h-skincare.com\/de\/produkt\/fusscreme\/#breadcrumb"},"inLanguage":"de","potentialAction":[{"@type":"ReadAction","target":["https:\/\/www.formula-h-skincare.com\/de\/produkt\/fusscreme\/"]}]},{"@type":"ImageObject","inLanguage":"de","@id":"https:\/\/www.formula-h-skincare.com\/de\/produkt\/fusscreme\/#primaryimage","url":"https:\/\/www.formula-h-skincare.com\/wp-content\/uploads\/2022\/07\/FootCream-Real-Men-100ml.png","contentUrl":"https:\/\/www.formula-h-skincare.com\/wp-content\/uploads\/2022\/07\/FootCream-Real-Men-100ml.png","width":1394,"height":1386},{"@type":"BreadcrumbList","@id":"https:\/\/www.formula-h-skincare.com\/de\/produkt\/fusscreme\/#breadcrumb","itemListElement":[{"@type":"ListItem","position":1,"name":"Home","item":"https:\/\/www.formula-h-skincare.com\/de\/"},{"@type":"ListItem","position":2,"name":"Shop","item":"https:\/\/www.formula-h-skincare.com\/de\/"},{"@type":"ListItem","position":3,"name":"Fusscreme 100 ml"}]},{"@type":"WebSite","@id":"https:\/\/www.formula-h-skincare.com\/de\/#website","url":"https:\/\/www.formula-h-skincare.com\/de\/","name":"https:\/\/www.formula-h-skincare.com\/","description":"","publisher":{"@id":"https:\/\/www.formula-h-skincare.com\/de\/#organization"},"potentialAction":[{"@type":"SearchAction","target":{"@type":"EntryPoint","urlTemplate":"https:\/\/www.formula-h-skincare.com\/de\/?s={search_term_string}"},"query-input":{"@type":"PropertyValueSpecification","valueRequired":true,"valueName":"search_term_string"}}],"inLanguage":"de"},{"@type":"Organization","@id":"https:\/\/www.formula-h-skincare.com\/de\/#organization","name":"Formula H Skincare ApS","url":"https:\/\/www.formula-h-skincare.com\/de\/","logo":{"@type":"ImageObject","inLanguage":"de","@id":"https:\/\/www.formula-h-skincare.com\/de\/#\/schema\/logo\/image\/","url":"https:\/\/www.formula-h-skincare.com\/wp-content\/uploads\/2021\/05\/Formula-H_neg-B125px.png","contentUrl":"https:\/\/www.formula-h-skincare.com\/wp-content\/uploads\/2021\/05\/Formula-H_neg-B125px.png","width":125,"height":133,"caption":"Formula H Skincare ApS"},"image":{"@id":"https:\/\/www.formula-h-skincare.com\/de\/#\/schema\/logo\/image\/"},"sameAs":["https:\/\/www.facebook.com\/Formula-H-Skincare-114088206974208\/","https:\/\/www.instagram.com\/formula_h_skincare\/","https:\/\/www.linkedin.com\/company\/73784209\/admin\/","https:\/\/www.youtube.com\/channel\/UC86q8VE-xr9YYJ7UicAhPFw"]}]}},"brands":[],"_links":{"self":[{"href":"https:\/\/www.formula-h-skincare.com\/de\/wp-json\/wp\/v2\/product\/6185","targetHints":{"allow":["GET"]}}],"collection":[{"href":"https:\/\/www.formula-h-skincare.com\/de\/wp-json\/wp\/v2\/product"}],"about":[{"href":"https:\/\/www.formula-h-skincare.com\/de\/wp-json\/wp\/v2\/types\/product"}],"replies":[{"embeddable":true,"href":"https:\/\/www.formula-h-skincare.com\/de\/wp-json\/wp\/v2\/comments?post=6185"}],"wp:featuredmedia":[{"embeddable":true,"href":"https:\/\/www.formula-h-skincare.com\/de\/wp-json\/wp\/v2\/media\/8701"}],"wp:attachment":[{"href":"https:\/\/www.formula-h-skincare.com\/de\/wp-json\/wp\/v2\/media?parent=6185"}],"wp:term":[{"taxonomy":"pwb-brand","embeddable":true,"href":"https:\/\/www.formula-h-skincare.com\/de\/wp-json\/wp\/v2\/pwb-brand?post=6185"},{"taxonomy":"product_brand","embeddable":true,"href":"https:\/\/www.formula-h-skincare.com\/de\/wp-json\/wp\/v2\/product_brand?post=6185"},{"taxonomy":"product_cat","embeddable":true,"href":"https:\/\/www.formula-h-skincare.com\/de\/wp-json\/wp\/v2\/product_cat?post=6185"},{"taxonomy":"product_tag","embeddable":true,"href":"https:\/\/www.formula-h-skincare.com\/de\/wp-json\/wp\/v2\/product_tag?post=6185"}],"curies":[{"name":"wp","href":"https:\/\/api.w.org\/{rel}","templated":true}]}}