{"id":6191,"date":"2022-10-02T11:43:09","date_gmt":"2022-10-02T09:43:09","guid":{"rendered":"https:\/\/www.formula-h-skincare.com\/?post_type=product&#038;p=6191"},"modified":"2024-05-13T12:50:14","modified_gmt":"2024-05-13T10:50:14","slug":"duschgel-250-ml","status":"publish","type":"product","link":"https:\/\/www.formula-h-skincare.com\/de\/produkt\/duschgel-250-ml\/","title":{"rendered":"Duschgel 250 ML"},"content":{"rendered":"<p>Aqua**, Sodium Laureth Sulfate*, Cocamidopropyl Betaine*, Glycerin*, Sodium Chloride, Silver Citrate*, Rheum Palmatum Root Extract*, Citrus Aurantium Bergamia (Bergamot) Peel Oil*, Pyrus Malus (Apple) Fruit Extract*, Prunus Persica (Peach) Fruit Extract*, Moringa Oleifera Seed Extract*, Carica Papaya Fruit Extract*, Actinidia Chinensis (Kiwi) Fruit Extract*, Cucumis Sativus Fruit Extract*, Rubus Idaeus (Raspberry) Fruit Extract*, Fragaria Ananassa (Strawberry) Fruit Extract*, Citric Acid*, Ethylhexylglycerin, Propylene Glycol*, Sodium Benzoate*, Potassium Sorbate*, Phenoxyethanol*, Parfum**, Linalool*, Limonene**. *=Organic, **=Natural.<\/p>\n","protected":false},"excerpt":{"rendered":"<p><strong>Wirkung<\/strong><\/p>\n<p>Die Formel H-Duschgel-ECO-Familie ist ein k\u00f6stlich duftendes Shampoo, wenn die ganze Familie mit den besten Kr\u00e4utern der Natur verw\u00f6hnt werden muss. Die Formel H-Duschgel-ECO-Familie verf\u00fcgt \u00fcber eine einzigartige Formel, die zur Regeneration neuer Hautzellen beitr\u00e4gt.<\/p>\n<p>&nbsp;<\/p>\n<p><strong>Inhalt<\/strong><\/p>\n<p>Die Formel-H-Duschgel-ECO-Familie enth\u00e4lt die besten \u00d6le mit Omega 3 + 6 + 9 sowie Vitamin A + C + E, die Ihrer Haut wichtige Spurenelemente hinzuf\u00fcgen.<\/p>\n<p>&nbsp;<\/p>\n<p><strong>Anwendung<\/strong><\/p>\n<p>Wird im Badezimmer verwendet. Dosierung nach Bedarf. Bei Raumtemperatur und au\u00dferhalb der Reichweite von Kindern lagern<\/p>\n<p>&nbsp;<\/p>\n<p><strong>Erg\u00e4nzende Produkte<\/strong><\/p>\n<p>Wenn Sie nach dem Bad mehr Feuchtigkeit f\u00fcr die Haut w\u00fcnschen, k\u00f6nnen Sie die Formel H K\u00f6rpercreme verwenden. F\u00fcr Ihr Gesicht k\u00f6nnen Sie das speziell entwickelte Gesichts- und Augenserum der Formel H sowie die Tag- oder Nachtcremes der Formel H verwenden. Alle Produkte enthalten Kollagen und Hyaluron zur optimalen Straffung der feinen Linien.<\/p>\n<p><strong>\u00a0<\/strong><\/p>\n<p><strong>Soziale Verantwortung<\/strong><\/p>\n<p>Formula H kauft seine Rohstoffe direkt beim Produzenten. Dies gibt uns die volle Kontrolle nicht nur \u00fcber deren Qualit\u00e4t, sondern auch \u00fcber die dortigen Arbeitsbedingungen. Mit dem Kauf von Formula\u00a0H Produkten unterst\u00fctzt du auf direktem Wege die Mitarbeiter, die die Rohstoffe f\u00fcr unsere Produkte ernten. Formula H stellt sicher, dass die Mitarbeiter auf den Farmen gut entlohnt werden, ihre Kinder zur Schule gehen k\u00f6nnen, die Familien Zugang zu sauberem Wasser, Sanit\u00e4rversorgung und Hygiene, sowie K\u00fchlschr\u00e4nken haben. Durch den Kauf von Formula H Produkten hilfst du uns dabei, einen Unterschied zu machen.<\/p>\n<p><strong>\u00a0<\/strong><\/p>\n<p><strong>St\u00f8rrelse <\/strong><\/p>\n<p>250 ML flaske<\/p>\n<p>&nbsp;<\/p>\n<p><strong>Emballage<\/strong><\/p>\n<p>Flaske, sort med s\u00f8lv l\u00e5g<\/p>\n<p>&nbsp;<\/p>\n<p><strong>Produkt-symboler:<br \/>\n<\/strong>Vegan, Nature Product, Social responsibility, Rycycling,<\/p>\n","protected":false},"featured_media":6192,"comment_status":"open","ping_status":"closed","template":"","meta":[],"pwb-brand":[],"product_brand":[],"product_cat":[153],"product_tag":[],"class_list":{"0":"post-6191","1":"product","2":"type-product","3":"status-publish","4":"has-post-thumbnail","6":"product_cat-wellness-de","8":"first","9":"instock","10":"taxable","11":"shipping-taxable","12":"purchasable","13":"product-type-simple"},"yoast_head":"<!-- This site is optimized with the Yoast SEO plugin v27.2 - https:\/\/yoast.com\/product\/yoast-seo-wordpress\/ -->\n<title>Duschgel 250 ML -<\/title>\n<meta name=\"robots\" content=\"index, follow, max-snippet:-1, max-image-preview:large, max-video-preview:-1\" \/>\n<link rel=\"canonical\" href=\"https:\/\/www.formula-h-skincare.com\/de\/produkt\/duschgel-250-ml\/\" \/>\n<meta property=\"og:locale\" content=\"de_DE\" \/>\n<meta property=\"og:type\" content=\"article\" \/>\n<meta property=\"og:title\" content=\"Duschgel 250 ML -\" \/>\n<meta property=\"og:description\" content=\"Wirkung  Die Formel H-Duschgel-ECO-Familie ist ein k\u00f6stlich duftendes Shampoo, wenn die ganze Familie mit den besten Kr\u00e4utern der Natur verw\u00f6hnt werden muss. Die Formel H-Duschgel-ECO-Familie verf\u00fcgt \u00fcber eine einzigartige Formel, die zur Regeneration neuer Hautzellen beitr\u00e4gt.  &nbsp;  Inhalt  Die Formel-H-Duschgel-ECO-Familie enth\u00e4lt die besten \u00d6le mit Omega 3 + 6 + 9 sowie Vitamin A + C + E, die Ihrer Haut wichtige Spurenelemente hinzuf\u00fcgen.  &nbsp;  Anwendung  Wird im Badezimmer verwendet. Dosierung nach Bedarf. Bei Raumtemperatur und au\u00dferhalb der Reichweite von Kindern lagern  &nbsp;  Erg\u00e4nzende Produkte  Wenn Sie nach dem Bad mehr Feuchtigkeit f\u00fcr die Haut w\u00fcnschen, k\u00f6nnen Sie die Formel H K\u00f6rpercreme verwenden. F\u00fcr Ihr Gesicht k\u00f6nnen Sie das speziell entwickelte Gesichts- und Augenserum der Formel H sowie die Tag- oder Nachtcremes der Formel H verwenden. Alle Produkte enthalten Kollagen und Hyaluron zur optimalen Straffung der feinen Linien.  \u00a0  Soziale Verantwortung  Formula H kauft seine Rohstoffe direkt beim Produzenten. Dies gibt uns die volle Kontrolle nicht nur \u00fcber deren Qualit\u00e4t, sondern auch \u00fcber die dortigen Arbeitsbedingungen. Mit dem Kauf von Formula\u00a0H Produkten unterst\u00fctzt du auf direktem Wege die Mitarbeiter, die die Rohstoffe f\u00fcr unsere Produkte ernten. Formula H stellt sicher, dass die Mitarbeiter auf den Farmen gut entlohnt werden, ihre Kinder zur Schule gehen k\u00f6nnen, die Familien Zugang zu sauberem Wasser, Sanit\u00e4rversorgung und Hygiene, sowie K\u00fchlschr\u00e4nken haben. Durch den Kauf von Formula H Produkten hilfst du uns dabei, einen Unterschied zu machen.  \u00a0  St\u00f8rrelse   250 ML flaske  &nbsp;  Emballage  Flaske, sort med s\u00f8lv l\u00e5g  &nbsp;  Produkt-symboler: Vegan, Nature Product, Social responsibility, Rycycling,\" \/>\n<meta property=\"og:url\" content=\"https:\/\/www.formula-h-skincare.com\/de\/produkt\/duschgel-250-ml\/\" \/>\n<meta property=\"article:publisher\" content=\"https:\/\/www.facebook.com\/Formula-H-Skincare-114088206974208\/\" \/>\n<meta property=\"article:modified_time\" content=\"2024-05-13T10:50:14+00:00\" \/>\n<meta property=\"og:image\" content=\"https:\/\/www.formula-h-skincare.com\/wp-content\/uploads\/2022\/10\/Body-wash.png\" \/>\n\t<meta property=\"og:image:width\" content=\"1400\" \/>\n\t<meta property=\"og:image:height\" content=\"1400\" \/>\n\t<meta property=\"og:image:type\" content=\"image\/png\" \/>\n<meta name=\"twitter:card\" content=\"summary_large_image\" \/>\n<script type=\"application\/ld+json\" class=\"yoast-schema-graph\">{\"@context\":\"https:\/\/schema.org\",\"@graph\":[{\"@type\":\"WebPage\",\"@id\":\"https:\/\/www.formula-h-skincare.com\/de\/produkt\/duschgel-250-ml\/\",\"url\":\"https:\/\/www.formula-h-skincare.com\/de\/produkt\/duschgel-250-ml\/\",\"name\":\"Duschgel 250 ML -\",\"isPartOf\":{\"@id\":\"https:\/\/www.formula-h-skincare.com\/de\/#website\"},\"primaryImageOfPage\":{\"@id\":\"https:\/\/www.formula-h-skincare.com\/de\/produkt\/duschgel-250-ml\/#primaryimage\"},\"image\":{\"@id\":\"https:\/\/www.formula-h-skincare.com\/de\/produkt\/duschgel-250-ml\/#primaryimage\"},\"thumbnailUrl\":\"https:\/\/www.formula-h-skincare.com\/wp-content\/uploads\/2022\/10\/Body-wash.png\",\"datePublished\":\"2022-10-02T09:43:09+00:00\",\"dateModified\":\"2024-05-13T10:50:14+00:00\",\"breadcrumb\":{\"@id\":\"https:\/\/www.formula-h-skincare.com\/de\/produkt\/duschgel-250-ml\/#breadcrumb\"},\"inLanguage\":\"de\",\"potentialAction\":[{\"@type\":\"ReadAction\",\"target\":[\"https:\/\/www.formula-h-skincare.com\/de\/produkt\/duschgel-250-ml\/\"]}]},{\"@type\":\"ImageObject\",\"inLanguage\":\"de\",\"@id\":\"https:\/\/www.formula-h-skincare.com\/de\/produkt\/duschgel-250-ml\/#primaryimage\",\"url\":\"https:\/\/www.formula-h-skincare.com\/wp-content\/uploads\/2022\/10\/Body-wash.png\",\"contentUrl\":\"https:\/\/www.formula-h-skincare.com\/wp-content\/uploads\/2022\/10\/Body-wash.png\",\"width\":1400,\"height\":1400},{\"@type\":\"BreadcrumbList\",\"@id\":\"https:\/\/www.formula-h-skincare.com\/de\/produkt\/duschgel-250-ml\/#breadcrumb\",\"itemListElement\":[{\"@type\":\"ListItem\",\"position\":1,\"name\":\"Home\",\"item\":\"https:\/\/www.formula-h-skincare.com\/de\/\"},{\"@type\":\"ListItem\",\"position\":2,\"name\":\"Shop\",\"item\":\"https:\/\/www.formula-h-skincare.com\/de\/\"},{\"@type\":\"ListItem\",\"position\":3,\"name\":\"Duschgel 250 ML\"}]},{\"@type\":\"WebSite\",\"@id\":\"https:\/\/www.formula-h-skincare.com\/de\/#website\",\"url\":\"https:\/\/www.formula-h-skincare.com\/de\/\",\"name\":\"https:\/\/www.formula-h-skincare.com\/\",\"description\":\"\",\"publisher\":{\"@id\":\"https:\/\/www.formula-h-skincare.com\/de\/#organization\"},\"potentialAction\":[{\"@type\":\"SearchAction\",\"target\":{\"@type\":\"EntryPoint\",\"urlTemplate\":\"https:\/\/www.formula-h-skincare.com\/de\/?s={search_term_string}\"},\"query-input\":{\"@type\":\"PropertyValueSpecification\",\"valueRequired\":true,\"valueName\":\"search_term_string\"}}],\"inLanguage\":\"de\"},{\"@type\":\"Organization\",\"@id\":\"https:\/\/www.formula-h-skincare.com\/de\/#organization\",\"name\":\"Formula H Skincare ApS\",\"url\":\"https:\/\/www.formula-h-skincare.com\/de\/\",\"logo\":{\"@type\":\"ImageObject\",\"inLanguage\":\"de\",\"@id\":\"https:\/\/www.formula-h-skincare.com\/de\/#\/schema\/logo\/image\/\",\"url\":\"https:\/\/www.formula-h-skincare.com\/wp-content\/uploads\/2021\/05\/Formula-H_neg-B125px.png\",\"contentUrl\":\"https:\/\/www.formula-h-skincare.com\/wp-content\/uploads\/2021\/05\/Formula-H_neg-B125px.png\",\"width\":125,\"height\":133,\"caption\":\"Formula H Skincare ApS\"},\"image\":{\"@id\":\"https:\/\/www.formula-h-skincare.com\/de\/#\/schema\/logo\/image\/\"},\"sameAs\":[\"https:\/\/www.facebook.com\/Formula-H-Skincare-114088206974208\/\",\"https:\/\/www.instagram.com\/formula_h_skincare\/\",\"https:\/\/www.linkedin.com\/company\/73784209\/admin\/\",\"https:\/\/www.youtube.com\/channel\/UC86q8VE-xr9YYJ7UicAhPFw\"]}]}<\/script>\n<!-- \/ Yoast SEO plugin. -->","yoast_head_json":{"title":"Duschgel 250 ML -","robots":{"index":"index","follow":"follow","max-snippet":"max-snippet:-1","max-image-preview":"max-image-preview:large","max-video-preview":"max-video-preview:-1"},"canonical":"https:\/\/www.formula-h-skincare.com\/de\/produkt\/duschgel-250-ml\/","og_locale":"de_DE","og_type":"article","og_title":"Duschgel 250 ML -","og_description":"Wirkung  Die Formel H-Duschgel-ECO-Familie ist ein k\u00f6stlich duftendes Shampoo, wenn die ganze Familie mit den besten Kr\u00e4utern der Natur verw\u00f6hnt werden muss. Die Formel H-Duschgel-ECO-Familie verf\u00fcgt \u00fcber eine einzigartige Formel, die zur Regeneration neuer Hautzellen beitr\u00e4gt.  &nbsp;  Inhalt  Die Formel-H-Duschgel-ECO-Familie enth\u00e4lt die besten \u00d6le mit Omega 3 + 6 + 9 sowie Vitamin A + C + E, die Ihrer Haut wichtige Spurenelemente hinzuf\u00fcgen.  &nbsp;  Anwendung  Wird im Badezimmer verwendet. Dosierung nach Bedarf. Bei Raumtemperatur und au\u00dferhalb der Reichweite von Kindern lagern  &nbsp;  Erg\u00e4nzende Produkte  Wenn Sie nach dem Bad mehr Feuchtigkeit f\u00fcr die Haut w\u00fcnschen, k\u00f6nnen Sie die Formel H K\u00f6rpercreme verwenden. F\u00fcr Ihr Gesicht k\u00f6nnen Sie das speziell entwickelte Gesichts- und Augenserum der Formel H sowie die Tag- oder Nachtcremes der Formel H verwenden. Alle Produkte enthalten Kollagen und Hyaluron zur optimalen Straffung der feinen Linien.  \u00a0  Soziale Verantwortung  Formula H kauft seine Rohstoffe direkt beim Produzenten. Dies gibt uns die volle Kontrolle nicht nur \u00fcber deren Qualit\u00e4t, sondern auch \u00fcber die dortigen Arbeitsbedingungen. Mit dem Kauf von Formula\u00a0H Produkten unterst\u00fctzt du auf direktem Wege die Mitarbeiter, die die Rohstoffe f\u00fcr unsere Produkte ernten. Formula H stellt sicher, dass die Mitarbeiter auf den Farmen gut entlohnt werden, ihre Kinder zur Schule gehen k\u00f6nnen, die Familien Zugang zu sauberem Wasser, Sanit\u00e4rversorgung und Hygiene, sowie K\u00fchlschr\u00e4nken haben. Durch den Kauf von Formula H Produkten hilfst du uns dabei, einen Unterschied zu machen.  \u00a0  St\u00f8rrelse   250 ML flaske  &nbsp;  Emballage  Flaske, sort med s\u00f8lv l\u00e5g  &nbsp;  Produkt-symboler: Vegan, Nature Product, Social responsibility, Rycycling,","og_url":"https:\/\/www.formula-h-skincare.com\/de\/produkt\/duschgel-250-ml\/","article_publisher":"https:\/\/www.facebook.com\/Formula-H-Skincare-114088206974208\/","article_modified_time":"2024-05-13T10:50:14+00:00","og_image":[{"width":1400,"height":1400,"url":"https:\/\/www.formula-h-skincare.com\/wp-content\/uploads\/2022\/10\/Body-wash.png","type":"image\/png"}],"twitter_card":"summary_large_image","schema":{"@context":"https:\/\/schema.org","@graph":[{"@type":"WebPage","@id":"https:\/\/www.formula-h-skincare.com\/de\/produkt\/duschgel-250-ml\/","url":"https:\/\/www.formula-h-skincare.com\/de\/produkt\/duschgel-250-ml\/","name":"Duschgel 250 ML -","isPartOf":{"@id":"https:\/\/www.formula-h-skincare.com\/de\/#website"},"primaryImageOfPage":{"@id":"https:\/\/www.formula-h-skincare.com\/de\/produkt\/duschgel-250-ml\/#primaryimage"},"image":{"@id":"https:\/\/www.formula-h-skincare.com\/de\/produkt\/duschgel-250-ml\/#primaryimage"},"thumbnailUrl":"https:\/\/www.formula-h-skincare.com\/wp-content\/uploads\/2022\/10\/Body-wash.png","datePublished":"2022-10-02T09:43:09+00:00","dateModified":"2024-05-13T10:50:14+00:00","breadcrumb":{"@id":"https:\/\/www.formula-h-skincare.com\/de\/produkt\/duschgel-250-ml\/#breadcrumb"},"inLanguage":"de","potentialAction":[{"@type":"ReadAction","target":["https:\/\/www.formula-h-skincare.com\/de\/produkt\/duschgel-250-ml\/"]}]},{"@type":"ImageObject","inLanguage":"de","@id":"https:\/\/www.formula-h-skincare.com\/de\/produkt\/duschgel-250-ml\/#primaryimage","url":"https:\/\/www.formula-h-skincare.com\/wp-content\/uploads\/2022\/10\/Body-wash.png","contentUrl":"https:\/\/www.formula-h-skincare.com\/wp-content\/uploads\/2022\/10\/Body-wash.png","width":1400,"height":1400},{"@type":"BreadcrumbList","@id":"https:\/\/www.formula-h-skincare.com\/de\/produkt\/duschgel-250-ml\/#breadcrumb","itemListElement":[{"@type":"ListItem","position":1,"name":"Home","item":"https:\/\/www.formula-h-skincare.com\/de\/"},{"@type":"ListItem","position":2,"name":"Shop","item":"https:\/\/www.formula-h-skincare.com\/de\/"},{"@type":"ListItem","position":3,"name":"Duschgel 250 ML"}]},{"@type":"WebSite","@id":"https:\/\/www.formula-h-skincare.com\/de\/#website","url":"https:\/\/www.formula-h-skincare.com\/de\/","name":"https:\/\/www.formula-h-skincare.com\/","description":"","publisher":{"@id":"https:\/\/www.formula-h-skincare.com\/de\/#organization"},"potentialAction":[{"@type":"SearchAction","target":{"@type":"EntryPoint","urlTemplate":"https:\/\/www.formula-h-skincare.com\/de\/?s={search_term_string}"},"query-input":{"@type":"PropertyValueSpecification","valueRequired":true,"valueName":"search_term_string"}}],"inLanguage":"de"},{"@type":"Organization","@id":"https:\/\/www.formula-h-skincare.com\/de\/#organization","name":"Formula H Skincare ApS","url":"https:\/\/www.formula-h-skincare.com\/de\/","logo":{"@type":"ImageObject","inLanguage":"de","@id":"https:\/\/www.formula-h-skincare.com\/de\/#\/schema\/logo\/image\/","url":"https:\/\/www.formula-h-skincare.com\/wp-content\/uploads\/2021\/05\/Formula-H_neg-B125px.png","contentUrl":"https:\/\/www.formula-h-skincare.com\/wp-content\/uploads\/2021\/05\/Formula-H_neg-B125px.png","width":125,"height":133,"caption":"Formula H Skincare ApS"},"image":{"@id":"https:\/\/www.formula-h-skincare.com\/de\/#\/schema\/logo\/image\/"},"sameAs":["https:\/\/www.facebook.com\/Formula-H-Skincare-114088206974208\/","https:\/\/www.instagram.com\/formula_h_skincare\/","https:\/\/www.linkedin.com\/company\/73784209\/admin\/","https:\/\/www.youtube.com\/channel\/UC86q8VE-xr9YYJ7UicAhPFw"]}]}},"brands":[],"_links":{"self":[{"href":"https:\/\/www.formula-h-skincare.com\/de\/wp-json\/wp\/v2\/product\/6191","targetHints":{"allow":["GET"]}}],"collection":[{"href":"https:\/\/www.formula-h-skincare.com\/de\/wp-json\/wp\/v2\/product"}],"about":[{"href":"https:\/\/www.formula-h-skincare.com\/de\/wp-json\/wp\/v2\/types\/product"}],"replies":[{"embeddable":true,"href":"https:\/\/www.formula-h-skincare.com\/de\/wp-json\/wp\/v2\/comments?post=6191"}],"wp:featuredmedia":[{"embeddable":true,"href":"https:\/\/www.formula-h-skincare.com\/de\/wp-json\/wp\/v2\/media\/6192"}],"wp:attachment":[{"href":"https:\/\/www.formula-h-skincare.com\/de\/wp-json\/wp\/v2\/media?parent=6191"}],"wp:term":[{"taxonomy":"pwb-brand","embeddable":true,"href":"https:\/\/www.formula-h-skincare.com\/de\/wp-json\/wp\/v2\/pwb-brand?post=6191"},{"taxonomy":"product_brand","embeddable":true,"href":"https:\/\/www.formula-h-skincare.com\/de\/wp-json\/wp\/v2\/product_brand?post=6191"},{"taxonomy":"product_cat","embeddable":true,"href":"https:\/\/www.formula-h-skincare.com\/de\/wp-json\/wp\/v2\/product_cat?post=6191"},{"taxonomy":"product_tag","embeddable":true,"href":"https:\/\/www.formula-h-skincare.com\/de\/wp-json\/wp\/v2\/product_tag?post=6191"}],"curies":[{"name":"wp","href":"https:\/\/api.w.org\/{rel}","templated":true}]}}