{"id":6197,"date":"2022-10-02T11:45:32","date_gmt":"2022-10-02T09:45:32","guid":{"rendered":"https:\/\/www.formula-h-skincare.com\/?post_type=product&#038;p=6197"},"modified":"2024-05-13T13:06:10","modified_gmt":"2024-05-13T11:06:10","slug":"jung-bleiben-15-ml","status":"publish","type":"product","link":"https:\/\/www.formula-h-skincare.com\/de\/produkt\/jung-bleiben-15-ml\/","title":{"rendered":"Jung Bleiben 15 ML"},"content":{"rendered":"<p>Aqua**, Polysorbate 20, Glycerin*, Phenoxyethanol*, Carbomer, Collagen Amino Acids*, Glycine Soja Protein*, Bifida Ferment Lysate*, Lactose*, Superoxide Dismutase, Tetrahydropiperine**, Sodium Dextran Sulfate*, Algae Extract**, Milk Protein*, Euterpe Oleracea Fruit Extract*, Sodium Hyaluronate**, Panax Ginseng Root Extract*, Dipotassium Glycyrrhizate*, Caprylyl Glycol**, 1,2-Hexanediol*, Alcohol Denat*, Tetrasodium Glutamate Diacetate**, Sodium Hydroxide*, Phenethyl Alcohol*, Sodium Benzoate*, Potassium Sorbate**, Ethylhexylglycerin**, Parfum*, Citronellol**, Limonene*, Geraniol*, Hexyl Cinnamal*, Linalool**, CI 77891*. * = Organic ** = Natural<\/p>\n","protected":false},"excerpt":{"rendered":"<p><strong>Wirkung:<\/strong><\/p>\n<p>Das Formula H Gesichtsserum ist ein hautstraffendes Serum f\u00fcr das Gesicht sowie die Halspartie und das Dekollet\u00e9.<\/p>\n<p>&nbsp;<\/p>\n<p><strong>Inhalt: <\/strong><\/p>\n<p>Das Formula H Gesichtsserum wurde speziell hergestellt mit Extrakten der Euterpe Oleracea sowie des Panax Ginseng, welche gemeinsam mit dem Kollagen daf\u00fcr sorgen, dass die feinen Linien im Gesicht und Dekollet\u00e9 sowie am Hals gegl\u00e4ttet werden.<\/p>\n<p>&nbsp;<\/p>\n<p><strong>Anwendung:<\/strong><\/p>\n<p>Eine kleine Menge Formula H Gesichtsserum auf Gesicht, Hals und Dekollet\u00e9 auftragen und sanft einmassieren. F\u00fcr alle Hauttypen geeignet. Bei Zimmertemperatur lagern. F\u00fcr Kinder unzug\u00e4nglich aufbewahren.<\/p>\n<p><strong>\u00a0<\/strong><\/p>\n<p><strong>Erg\u00e4nzende Produkte:<\/strong><\/p>\n<p>Um die Wirkung des Formula H Gesichtsserums unter den Augen zu verst\u00e4rken, empfehlen wir die Anwendung des Formula H Augenserums, das ebenfalls Kollagen enth\u00e4lt und deren besondere Formulierung auf die empfindlichere Haut unter den Augen ausgerichtet ist. F\u00fcr einen noch besseren Effekt gegen die feinen Linien im Gesicht empfehlen wir die Kombination mit dem Formula H Straffendes Serum &#8211; Tag sowie Formula H Straffendes Serum &#8211; Nacht.<\/p>\n<p><strong>\u00a0<\/strong><\/p>\n<p><strong>Soziale Verantwortung:<\/strong><\/p>\n<p>Formula H kauft seine Rohstoffe direkt beim Produzenten. Dies gibt uns die volle Kontrolle nicht nur \u00fcber deren Qualit\u00e4t, sondern auch \u00fcber die dortigen Arbeitsbedingungen. Mit dem Kauf von Formula\u00a0H Produkten unterst\u00fctzt du auf direktem Wege die Mitarbeiter, die die Rohstoffe f\u00fcr unsere Produkte ernten. Formula H stellt sicher, dass die Mitarbeiter auf den Farmen gut entlohnt werden, ihre Kinder zur Schule gehen k\u00f6nnen, die Familien Zugang zu sauberem Wasser, Sanit\u00e4rversorgung und Hygiene, sowie K\u00fchlschr\u00e4nken haben. Durch den Kauf von Formula H Produkten hilfst du uns dabei, einen Unterschied zu machen.<\/p>\n<p><strong>Verpackung:<\/strong><\/p>\n<p>15 ml Flasche, schwarz mit silberfarbenem Pumpspender<\/p>\n<p>&nbsp;<\/p>\n<p><strong>Produktsymbole:<br \/>\n<\/strong>Vegan, Naturkosmetik, Soziale Verantwortung, Recycling.<\/p>\n","protected":false},"featured_media":8698,"comment_status":"open","ping_status":"closed","template":"","meta":[],"pwb-brand":[],"product_brand":[],"product_cat":[139],"product_tag":[],"class_list":{"0":"post-6197","1":"product","2":"type-product","3":"status-publish","4":"has-post-thumbnail","6":"product_cat-face-de","8":"first","9":"instock","10":"taxable","11":"shipping-taxable","12":"purchasable","13":"product-type-simple"},"yoast_head":"<!-- This site is optimized with the Yoast SEO plugin v27.2 - https:\/\/yoast.com\/product\/yoast-seo-wordpress\/ -->\n<title>Jung Bleiben 15 ML -<\/title>\n<meta name=\"robots\" content=\"index, follow, max-snippet:-1, max-image-preview:large, max-video-preview:-1\" \/>\n<link rel=\"canonical\" href=\"https:\/\/www.formula-h-skincare.com\/de\/produkt\/jung-bleiben-15-ml\/\" \/>\n<meta property=\"og:locale\" content=\"de_DE\" \/>\n<meta property=\"og:type\" content=\"article\" \/>\n<meta property=\"og:title\" content=\"Jung Bleiben 15 ML -\" \/>\n<meta property=\"og:description\" content=\"Wirkung:  Das Formula H Gesichtsserum ist ein hautstraffendes Serum f\u00fcr das Gesicht sowie die Halspartie und das Dekollet\u00e9.  &nbsp;  Inhalt:   Das Formula H Gesichtsserum wurde speziell hergestellt mit Extrakten der Euterpe Oleracea sowie des Panax Ginseng, welche gemeinsam mit dem Kollagen daf\u00fcr sorgen, dass die feinen Linien im Gesicht und Dekollet\u00e9 sowie am Hals gegl\u00e4ttet werden.  &nbsp;  Anwendung:  Eine kleine Menge Formula H Gesichtsserum auf Gesicht, Hals und Dekollet\u00e9 auftragen und sanft einmassieren. F\u00fcr alle Hauttypen geeignet. Bei Zimmertemperatur lagern. F\u00fcr Kinder unzug\u00e4nglich aufbewahren.  \u00a0  Erg\u00e4nzende Produkte:  Um die Wirkung des Formula H Gesichtsserums unter den Augen zu verst\u00e4rken, empfehlen wir die Anwendung des Formula H Augenserums, das ebenfalls Kollagen enth\u00e4lt und deren besondere Formulierung auf die empfindlichere Haut unter den Augen ausgerichtet ist. F\u00fcr einen noch besseren Effekt gegen die feinen Linien im Gesicht empfehlen wir die Kombination mit dem Formula H Straffendes Serum - Tag sowie Formula H Straffendes Serum - Nacht.  \u00a0  Soziale Verantwortung:  Formula H kauft seine Rohstoffe direkt beim Produzenten. Dies gibt uns die volle Kontrolle nicht nur \u00fcber deren Qualit\u00e4t, sondern auch \u00fcber die dortigen Arbeitsbedingungen. Mit dem Kauf von Formula\u00a0H Produkten unterst\u00fctzt du auf direktem Wege die Mitarbeiter, die die Rohstoffe f\u00fcr unsere Produkte ernten. Formula H stellt sicher, dass die Mitarbeiter auf den Farmen gut entlohnt werden, ihre Kinder zur Schule gehen k\u00f6nnen, die Familien Zugang zu sauberem Wasser, Sanit\u00e4rversorgung und Hygiene, sowie K\u00fchlschr\u00e4nken haben. Durch den Kauf von Formula H Produkten hilfst du uns dabei, einen Unterschied zu machen.  Verpackung:  15 ml Flasche, schwarz mit silberfarbenem Pumpspender  &nbsp;  Produktsymbole: Vegan, Naturkosmetik, Soziale Verantwortung, Recycling.\" \/>\n<meta property=\"og:url\" content=\"https:\/\/www.formula-h-skincare.com\/de\/produkt\/jung-bleiben-15-ml\/\" \/>\n<meta property=\"article:publisher\" content=\"https:\/\/www.facebook.com\/Formula-H-Skincare-114088206974208\/\" \/>\n<meta property=\"article:modified_time\" content=\"2024-05-13T11:06:10+00:00\" \/>\n<meta property=\"og:image\" content=\"https:\/\/www.formula-h-skincare.com\/wp-content\/uploads\/2022\/07\/Keep-Young-Ant-age-Face-Serum-15-ml.png\" \/>\n\t<meta property=\"og:image:width\" content=\"1400\" \/>\n\t<meta property=\"og:image:height\" content=\"1400\" \/>\n\t<meta property=\"og:image:type\" content=\"image\/png\" \/>\n<meta name=\"twitter:card\" content=\"summary_large_image\" \/>\n<script type=\"application\/ld+json\" class=\"yoast-schema-graph\">{\"@context\":\"https:\/\/schema.org\",\"@graph\":[{\"@type\":\"WebPage\",\"@id\":\"https:\/\/www.formula-h-skincare.com\/de\/produkt\/jung-bleiben-15-ml\/\",\"url\":\"https:\/\/www.formula-h-skincare.com\/de\/produkt\/jung-bleiben-15-ml\/\",\"name\":\"Jung Bleiben 15 ML -\",\"isPartOf\":{\"@id\":\"https:\/\/www.formula-h-skincare.com\/de\/#website\"},\"primaryImageOfPage\":{\"@id\":\"https:\/\/www.formula-h-skincare.com\/de\/produkt\/jung-bleiben-15-ml\/#primaryimage\"},\"image\":{\"@id\":\"https:\/\/www.formula-h-skincare.com\/de\/produkt\/jung-bleiben-15-ml\/#primaryimage\"},\"thumbnailUrl\":\"https:\/\/www.formula-h-skincare.com\/wp-content\/uploads\/2022\/07\/Keep-Young-Ant-age-Face-Serum-15-ml.png\",\"datePublished\":\"2022-10-02T09:45:32+00:00\",\"dateModified\":\"2024-05-13T11:06:10+00:00\",\"breadcrumb\":{\"@id\":\"https:\/\/www.formula-h-skincare.com\/de\/produkt\/jung-bleiben-15-ml\/#breadcrumb\"},\"inLanguage\":\"de\",\"potentialAction\":[{\"@type\":\"ReadAction\",\"target\":[\"https:\/\/www.formula-h-skincare.com\/de\/produkt\/jung-bleiben-15-ml\/\"]}]},{\"@type\":\"ImageObject\",\"inLanguage\":\"de\",\"@id\":\"https:\/\/www.formula-h-skincare.com\/de\/produkt\/jung-bleiben-15-ml\/#primaryimage\",\"url\":\"https:\/\/www.formula-h-skincare.com\/wp-content\/uploads\/2022\/07\/Keep-Young-Ant-age-Face-Serum-15-ml.png\",\"contentUrl\":\"https:\/\/www.formula-h-skincare.com\/wp-content\/uploads\/2022\/07\/Keep-Young-Ant-age-Face-Serum-15-ml.png\",\"width\":1400,\"height\":1400},{\"@type\":\"BreadcrumbList\",\"@id\":\"https:\/\/www.formula-h-skincare.com\/de\/produkt\/jung-bleiben-15-ml\/#breadcrumb\",\"itemListElement\":[{\"@type\":\"ListItem\",\"position\":1,\"name\":\"Home\",\"item\":\"https:\/\/www.formula-h-skincare.com\/de\/\"},{\"@type\":\"ListItem\",\"position\":2,\"name\":\"Shop\",\"item\":\"https:\/\/www.formula-h-skincare.com\/de\/\"},{\"@type\":\"ListItem\",\"position\":3,\"name\":\"Jung Bleiben 15 ML\"}]},{\"@type\":\"WebSite\",\"@id\":\"https:\/\/www.formula-h-skincare.com\/de\/#website\",\"url\":\"https:\/\/www.formula-h-skincare.com\/de\/\",\"name\":\"https:\/\/www.formula-h-skincare.com\/\",\"description\":\"\",\"publisher\":{\"@id\":\"https:\/\/www.formula-h-skincare.com\/de\/#organization\"},\"potentialAction\":[{\"@type\":\"SearchAction\",\"target\":{\"@type\":\"EntryPoint\",\"urlTemplate\":\"https:\/\/www.formula-h-skincare.com\/de\/?s={search_term_string}\"},\"query-input\":{\"@type\":\"PropertyValueSpecification\",\"valueRequired\":true,\"valueName\":\"search_term_string\"}}],\"inLanguage\":\"de\"},{\"@type\":\"Organization\",\"@id\":\"https:\/\/www.formula-h-skincare.com\/de\/#organization\",\"name\":\"Formula H Skincare ApS\",\"url\":\"https:\/\/www.formula-h-skincare.com\/de\/\",\"logo\":{\"@type\":\"ImageObject\",\"inLanguage\":\"de\",\"@id\":\"https:\/\/www.formula-h-skincare.com\/de\/#\/schema\/logo\/image\/\",\"url\":\"https:\/\/www.formula-h-skincare.com\/wp-content\/uploads\/2021\/05\/Formula-H_neg-B125px.png\",\"contentUrl\":\"https:\/\/www.formula-h-skincare.com\/wp-content\/uploads\/2021\/05\/Formula-H_neg-B125px.png\",\"width\":125,\"height\":133,\"caption\":\"Formula H Skincare ApS\"},\"image\":{\"@id\":\"https:\/\/www.formula-h-skincare.com\/de\/#\/schema\/logo\/image\/\"},\"sameAs\":[\"https:\/\/www.facebook.com\/Formula-H-Skincare-114088206974208\/\",\"https:\/\/www.instagram.com\/formula_h_skincare\/\",\"https:\/\/www.linkedin.com\/company\/73784209\/admin\/\",\"https:\/\/www.youtube.com\/channel\/UC86q8VE-xr9YYJ7UicAhPFw\"]}]}<\/script>\n<!-- \/ Yoast SEO plugin. -->","yoast_head_json":{"title":"Jung Bleiben 15 ML -","robots":{"index":"index","follow":"follow","max-snippet":"max-snippet:-1","max-image-preview":"max-image-preview:large","max-video-preview":"max-video-preview:-1"},"canonical":"https:\/\/www.formula-h-skincare.com\/de\/produkt\/jung-bleiben-15-ml\/","og_locale":"de_DE","og_type":"article","og_title":"Jung Bleiben 15 ML -","og_description":"Wirkung:  Das Formula H Gesichtsserum ist ein hautstraffendes Serum f\u00fcr das Gesicht sowie die Halspartie und das Dekollet\u00e9.  &nbsp;  Inhalt:   Das Formula H Gesichtsserum wurde speziell hergestellt mit Extrakten der Euterpe Oleracea sowie des Panax Ginseng, welche gemeinsam mit dem Kollagen daf\u00fcr sorgen, dass die feinen Linien im Gesicht und Dekollet\u00e9 sowie am Hals gegl\u00e4ttet werden.  &nbsp;  Anwendung:  Eine kleine Menge Formula H Gesichtsserum auf Gesicht, Hals und Dekollet\u00e9 auftragen und sanft einmassieren. F\u00fcr alle Hauttypen geeignet. Bei Zimmertemperatur lagern. F\u00fcr Kinder unzug\u00e4nglich aufbewahren.  \u00a0  Erg\u00e4nzende Produkte:  Um die Wirkung des Formula H Gesichtsserums unter den Augen zu verst\u00e4rken, empfehlen wir die Anwendung des Formula H Augenserums, das ebenfalls Kollagen enth\u00e4lt und deren besondere Formulierung auf die empfindlichere Haut unter den Augen ausgerichtet ist. F\u00fcr einen noch besseren Effekt gegen die feinen Linien im Gesicht empfehlen wir die Kombination mit dem Formula H Straffendes Serum - Tag sowie Formula H Straffendes Serum - Nacht.  \u00a0  Soziale Verantwortung:  Formula H kauft seine Rohstoffe direkt beim Produzenten. Dies gibt uns die volle Kontrolle nicht nur \u00fcber deren Qualit\u00e4t, sondern auch \u00fcber die dortigen Arbeitsbedingungen. Mit dem Kauf von Formula\u00a0H Produkten unterst\u00fctzt du auf direktem Wege die Mitarbeiter, die die Rohstoffe f\u00fcr unsere Produkte ernten. Formula H stellt sicher, dass die Mitarbeiter auf den Farmen gut entlohnt werden, ihre Kinder zur Schule gehen k\u00f6nnen, die Familien Zugang zu sauberem Wasser, Sanit\u00e4rversorgung und Hygiene, sowie K\u00fchlschr\u00e4nken haben. Durch den Kauf von Formula H Produkten hilfst du uns dabei, einen Unterschied zu machen.  Verpackung:  15 ml Flasche, schwarz mit silberfarbenem Pumpspender  &nbsp;  Produktsymbole: Vegan, Naturkosmetik, Soziale Verantwortung, Recycling.","og_url":"https:\/\/www.formula-h-skincare.com\/de\/produkt\/jung-bleiben-15-ml\/","article_publisher":"https:\/\/www.facebook.com\/Formula-H-Skincare-114088206974208\/","article_modified_time":"2024-05-13T11:06:10+00:00","og_image":[{"width":1400,"height":1400,"url":"https:\/\/www.formula-h-skincare.com\/wp-content\/uploads\/2022\/07\/Keep-Young-Ant-age-Face-Serum-15-ml.png","type":"image\/png"}],"twitter_card":"summary_large_image","schema":{"@context":"https:\/\/schema.org","@graph":[{"@type":"WebPage","@id":"https:\/\/www.formula-h-skincare.com\/de\/produkt\/jung-bleiben-15-ml\/","url":"https:\/\/www.formula-h-skincare.com\/de\/produkt\/jung-bleiben-15-ml\/","name":"Jung Bleiben 15 ML -","isPartOf":{"@id":"https:\/\/www.formula-h-skincare.com\/de\/#website"},"primaryImageOfPage":{"@id":"https:\/\/www.formula-h-skincare.com\/de\/produkt\/jung-bleiben-15-ml\/#primaryimage"},"image":{"@id":"https:\/\/www.formula-h-skincare.com\/de\/produkt\/jung-bleiben-15-ml\/#primaryimage"},"thumbnailUrl":"https:\/\/www.formula-h-skincare.com\/wp-content\/uploads\/2022\/07\/Keep-Young-Ant-age-Face-Serum-15-ml.png","datePublished":"2022-10-02T09:45:32+00:00","dateModified":"2024-05-13T11:06:10+00:00","breadcrumb":{"@id":"https:\/\/www.formula-h-skincare.com\/de\/produkt\/jung-bleiben-15-ml\/#breadcrumb"},"inLanguage":"de","potentialAction":[{"@type":"ReadAction","target":["https:\/\/www.formula-h-skincare.com\/de\/produkt\/jung-bleiben-15-ml\/"]}]},{"@type":"ImageObject","inLanguage":"de","@id":"https:\/\/www.formula-h-skincare.com\/de\/produkt\/jung-bleiben-15-ml\/#primaryimage","url":"https:\/\/www.formula-h-skincare.com\/wp-content\/uploads\/2022\/07\/Keep-Young-Ant-age-Face-Serum-15-ml.png","contentUrl":"https:\/\/www.formula-h-skincare.com\/wp-content\/uploads\/2022\/07\/Keep-Young-Ant-age-Face-Serum-15-ml.png","width":1400,"height":1400},{"@type":"BreadcrumbList","@id":"https:\/\/www.formula-h-skincare.com\/de\/produkt\/jung-bleiben-15-ml\/#breadcrumb","itemListElement":[{"@type":"ListItem","position":1,"name":"Home","item":"https:\/\/www.formula-h-skincare.com\/de\/"},{"@type":"ListItem","position":2,"name":"Shop","item":"https:\/\/www.formula-h-skincare.com\/de\/"},{"@type":"ListItem","position":3,"name":"Jung Bleiben 15 ML"}]},{"@type":"WebSite","@id":"https:\/\/www.formula-h-skincare.com\/de\/#website","url":"https:\/\/www.formula-h-skincare.com\/de\/","name":"https:\/\/www.formula-h-skincare.com\/","description":"","publisher":{"@id":"https:\/\/www.formula-h-skincare.com\/de\/#organization"},"potentialAction":[{"@type":"SearchAction","target":{"@type":"EntryPoint","urlTemplate":"https:\/\/www.formula-h-skincare.com\/de\/?s={search_term_string}"},"query-input":{"@type":"PropertyValueSpecification","valueRequired":true,"valueName":"search_term_string"}}],"inLanguage":"de"},{"@type":"Organization","@id":"https:\/\/www.formula-h-skincare.com\/de\/#organization","name":"Formula H Skincare ApS","url":"https:\/\/www.formula-h-skincare.com\/de\/","logo":{"@type":"ImageObject","inLanguage":"de","@id":"https:\/\/www.formula-h-skincare.com\/de\/#\/schema\/logo\/image\/","url":"https:\/\/www.formula-h-skincare.com\/wp-content\/uploads\/2021\/05\/Formula-H_neg-B125px.png","contentUrl":"https:\/\/www.formula-h-skincare.com\/wp-content\/uploads\/2021\/05\/Formula-H_neg-B125px.png","width":125,"height":133,"caption":"Formula H Skincare ApS"},"image":{"@id":"https:\/\/www.formula-h-skincare.com\/de\/#\/schema\/logo\/image\/"},"sameAs":["https:\/\/www.facebook.com\/Formula-H-Skincare-114088206974208\/","https:\/\/www.instagram.com\/formula_h_skincare\/","https:\/\/www.linkedin.com\/company\/73784209\/admin\/","https:\/\/www.youtube.com\/channel\/UC86q8VE-xr9YYJ7UicAhPFw"]}]}},"brands":[],"_links":{"self":[{"href":"https:\/\/www.formula-h-skincare.com\/de\/wp-json\/wp\/v2\/product\/6197","targetHints":{"allow":["GET"]}}],"collection":[{"href":"https:\/\/www.formula-h-skincare.com\/de\/wp-json\/wp\/v2\/product"}],"about":[{"href":"https:\/\/www.formula-h-skincare.com\/de\/wp-json\/wp\/v2\/types\/product"}],"replies":[{"embeddable":true,"href":"https:\/\/www.formula-h-skincare.com\/de\/wp-json\/wp\/v2\/comments?post=6197"}],"wp:featuredmedia":[{"embeddable":true,"href":"https:\/\/www.formula-h-skincare.com\/de\/wp-json\/wp\/v2\/media\/8698"}],"wp:attachment":[{"href":"https:\/\/www.formula-h-skincare.com\/de\/wp-json\/wp\/v2\/media?parent=6197"}],"wp:term":[{"taxonomy":"pwb-brand","embeddable":true,"href":"https:\/\/www.formula-h-skincare.com\/de\/wp-json\/wp\/v2\/pwb-brand?post=6197"},{"taxonomy":"product_brand","embeddable":true,"href":"https:\/\/www.formula-h-skincare.com\/de\/wp-json\/wp\/v2\/product_brand?post=6197"},{"taxonomy":"product_cat","embeddable":true,"href":"https:\/\/www.formula-h-skincare.com\/de\/wp-json\/wp\/v2\/product_cat?post=6197"},{"taxonomy":"product_tag","embeddable":true,"href":"https:\/\/www.formula-h-skincare.com\/de\/wp-json\/wp\/v2\/product_tag?post=6197"}],"curies":[{"name":"wp","href":"https:\/\/api.w.org\/{rel}","templated":true}]}}