{"id":6215,"date":"2022-10-02T12:00:04","date_gmt":"2022-10-02T10:00:04","guid":{"rendered":"https:\/\/www.formula-h-skincare.com\/?post_type=product&#038;p=6215"},"modified":"2025-04-22T08:21:02","modified_gmt":"2025-04-22T06:21:02","slug":"hand-creme-50-ml","status":"publish","type":"product","link":"https:\/\/www.formula-h-skincare.com\/de\/produkt\/hand-creme-50-ml\/","title":{"rendered":"Hand Creme M\u00e4nner 50 ML"},"content":{"rendered":"<p>Aqua**, Butyrospermum Parkii* (Shea Butter), Potassium Palmitoyl**, Hydrolyzed Wheat Protein**, Glyceryl Stearate**, Cetearyl Alcohol**, Hemp Seed Oil*, Glycerine**, Prunus Armeniaca(Apricot) Kernel Oil*, Parfum*, Dehydroacetic Acid**,\u00a0 Benzyl Alcohol**. * = Organic ** = Natural.<\/p>\n","protected":false},"excerpt":{"rendered":"<p><strong>Wirkung<\/strong><\/p>\n<p>Die Formel H Handcreme sch\u00fctzt effektiv Ihre H\u00e4nde und Ihre Nagelwurzeln. Sie werden eine Weichheit erleben, die auch nach dem H\u00e4ndewaschen lange anh\u00e4lt. Die Handcreme dringt schnell in die Haut ein, sodass Sie sich nicht fettig f\u00fchlen.<\/p>\n<p>&nbsp;<\/p>\n<p><strong>Inhalt<\/strong><\/p>\n<p>Die Formel H Handcreme enth\u00e4lt die besten \u00d6le mit Omega 3 + 6 + 9 und Vitamin A + C + E.<\/p>\n<p>&nbsp;<\/p>\n<p><strong>Anleitung:<\/strong><\/p>\n<p>Tragen Sie die Handcreme in kleinen Dosen auf und massieren Sie sie in die Haut ein. Bei Raumtemperatur und au\u00dferhalb der Reichweite von Kindern lagern<\/p>\n<p>&nbsp;<\/p>\n<p><strong>Erg\u00e4nzende Produkte:<\/strong><\/p>\n<p>Wenn Sie die Wirkung der Formel-H-Handcreme verst\u00e4rken m\u00f6chten, k\u00f6nnen Sie die Formel-H-Handseife verwenden.Es gibt eine milde Seife mit u.a. Omega 3 + 6 + 9 und Vitamine A + C + E.<\/p>\n<p><strong>\u00a0<\/strong><\/p>\n<p><strong>Haltbarkeit:<\/strong><\/p>\n<p>Haltbar bis Ende Dezember 2023<\/p>\n<p>Nach \u00d6ffnung 12 Monate<\/p>\n<p>&nbsp;<\/p>\n<p><strong>Emballage<\/strong><\/p>\n<p>50 ML Airless sort\/s\u00f8lv<\/p>\n<p><strong>\u00a0<\/strong><\/p>\n<p><strong>Produkt-symboler:<br \/>\n<\/strong>Vegan, Nature Product, Social Responsibility, Recycling<\/p>\n","protected":false},"featured_media":6226,"comment_status":"open","ping_status":"closed","template":"","meta":[],"pwb-brand":[],"product_brand":[],"product_cat":[153],"product_tag":[],"class_list":{"0":"post-6215","1":"product","2":"type-product","3":"status-publish","4":"has-post-thumbnail","6":"product_cat-wellness-de","8":"first","9":"instock","10":"taxable","11":"shipping-taxable","12":"purchasable","13":"product-type-simple"},"yoast_head":"<!-- This site is optimized with the Yoast SEO plugin v27.2 - https:\/\/yoast.com\/product\/yoast-seo-wordpress\/ -->\n<title>Hand Creme M\u00e4nner 50 ML -<\/title>\n<meta name=\"robots\" content=\"index, follow, max-snippet:-1, max-image-preview:large, max-video-preview:-1\" \/>\n<link rel=\"canonical\" href=\"https:\/\/www.formula-h-skincare.com\/de\/produkt\/hand-creme-50-ml\/\" \/>\n<meta property=\"og:locale\" content=\"de_DE\" \/>\n<meta property=\"og:type\" content=\"article\" \/>\n<meta property=\"og:title\" content=\"Hand Creme M\u00e4nner 50 ML -\" \/>\n<meta property=\"og:description\" content=\"Wirkung  Die Formel H Handcreme sch\u00fctzt effektiv Ihre H\u00e4nde und Ihre Nagelwurzeln. Sie werden eine Weichheit erleben, die auch nach dem H\u00e4ndewaschen lange anh\u00e4lt. Die Handcreme dringt schnell in die Haut ein, sodass Sie sich nicht fettig f\u00fchlen.  &nbsp;  Inhalt  Die Formel H Handcreme enth\u00e4lt die besten \u00d6le mit Omega 3 + 6 + 9 und Vitamin A + C + E.  &nbsp;  Anleitung:  Tragen Sie die Handcreme in kleinen Dosen auf und massieren Sie sie in die Haut ein. Bei Raumtemperatur und au\u00dferhalb der Reichweite von Kindern lagern  &nbsp;  Erg\u00e4nzende Produkte:  Wenn Sie die Wirkung der Formel-H-Handcreme verst\u00e4rken m\u00f6chten, k\u00f6nnen Sie die Formel-H-Handseife verwenden.Es gibt eine milde Seife mit u.a. Omega 3 + 6 + 9 und Vitamine A + C + E.  \u00a0  Haltbarkeit:  Haltbar bis Ende Dezember 2023  Nach \u00d6ffnung 12 Monate  &nbsp;  Emballage  50 ML Airless sort\/s\u00f8lv  \u00a0  Produkt-symboler: Vegan, Nature Product, Social Responsibility, Recycling\" \/>\n<meta property=\"og:url\" content=\"https:\/\/www.formula-h-skincare.com\/de\/produkt\/hand-creme-50-ml\/\" \/>\n<meta property=\"article:publisher\" content=\"https:\/\/www.facebook.com\/Formula-H-Skincare-114088206974208\/\" \/>\n<meta property=\"article:modified_time\" content=\"2025-04-22T06:21:02+00:00\" \/>\n<meta property=\"og:image\" content=\"https:\/\/www.formula-h-skincare.com\/wp-content\/uploads\/2022\/10\/hand-cream-1.png\" \/>\n\t<meta property=\"og:image:width\" content=\"1400\" \/>\n\t<meta property=\"og:image:height\" content=\"1400\" \/>\n\t<meta property=\"og:image:type\" content=\"image\/png\" \/>\n<meta name=\"twitter:card\" content=\"summary_large_image\" \/>\n<script type=\"application\/ld+json\" class=\"yoast-schema-graph\">{\"@context\":\"https:\/\/schema.org\",\"@graph\":[{\"@type\":\"WebPage\",\"@id\":\"https:\/\/www.formula-h-skincare.com\/de\/produkt\/hand-creme-50-ml\/\",\"url\":\"https:\/\/www.formula-h-skincare.com\/de\/produkt\/hand-creme-50-ml\/\",\"name\":\"Hand Creme M\u00e4nner 50 ML -\",\"isPartOf\":{\"@id\":\"https:\/\/www.formula-h-skincare.com\/de\/#website\"},\"primaryImageOfPage\":{\"@id\":\"https:\/\/www.formula-h-skincare.com\/de\/produkt\/hand-creme-50-ml\/#primaryimage\"},\"image\":{\"@id\":\"https:\/\/www.formula-h-skincare.com\/de\/produkt\/hand-creme-50-ml\/#primaryimage\"},\"thumbnailUrl\":\"https:\/\/www.formula-h-skincare.com\/wp-content\/uploads\/2022\/10\/hand-cream-1.png\",\"datePublished\":\"2022-10-02T10:00:04+00:00\",\"dateModified\":\"2025-04-22T06:21:02+00:00\",\"breadcrumb\":{\"@id\":\"https:\/\/www.formula-h-skincare.com\/de\/produkt\/hand-creme-50-ml\/#breadcrumb\"},\"inLanguage\":\"de\",\"potentialAction\":[{\"@type\":\"ReadAction\",\"target\":[\"https:\/\/www.formula-h-skincare.com\/de\/produkt\/hand-creme-50-ml\/\"]}]},{\"@type\":\"ImageObject\",\"inLanguage\":\"de\",\"@id\":\"https:\/\/www.formula-h-skincare.com\/de\/produkt\/hand-creme-50-ml\/#primaryimage\",\"url\":\"https:\/\/www.formula-h-skincare.com\/wp-content\/uploads\/2022\/10\/hand-cream-1.png\",\"contentUrl\":\"https:\/\/www.formula-h-skincare.com\/wp-content\/uploads\/2022\/10\/hand-cream-1.png\",\"width\":1400,\"height\":1400},{\"@type\":\"BreadcrumbList\",\"@id\":\"https:\/\/www.formula-h-skincare.com\/de\/produkt\/hand-creme-50-ml\/#breadcrumb\",\"itemListElement\":[{\"@type\":\"ListItem\",\"position\":1,\"name\":\"Home\",\"item\":\"https:\/\/www.formula-h-skincare.com\/de\/\"},{\"@type\":\"ListItem\",\"position\":2,\"name\":\"Shop\",\"item\":\"https:\/\/www.formula-h-skincare.com\/de\/\"},{\"@type\":\"ListItem\",\"position\":3,\"name\":\"Hand Creme M\u00e4nner 50 ML\"}]},{\"@type\":\"WebSite\",\"@id\":\"https:\/\/www.formula-h-skincare.com\/de\/#website\",\"url\":\"https:\/\/www.formula-h-skincare.com\/de\/\",\"name\":\"https:\/\/www.formula-h-skincare.com\/\",\"description\":\"\",\"publisher\":{\"@id\":\"https:\/\/www.formula-h-skincare.com\/de\/#organization\"},\"potentialAction\":[{\"@type\":\"SearchAction\",\"target\":{\"@type\":\"EntryPoint\",\"urlTemplate\":\"https:\/\/www.formula-h-skincare.com\/de\/?s={search_term_string}\"},\"query-input\":{\"@type\":\"PropertyValueSpecification\",\"valueRequired\":true,\"valueName\":\"search_term_string\"}}],\"inLanguage\":\"de\"},{\"@type\":\"Organization\",\"@id\":\"https:\/\/www.formula-h-skincare.com\/de\/#organization\",\"name\":\"Formula H Skincare ApS\",\"url\":\"https:\/\/www.formula-h-skincare.com\/de\/\",\"logo\":{\"@type\":\"ImageObject\",\"inLanguage\":\"de\",\"@id\":\"https:\/\/www.formula-h-skincare.com\/de\/#\/schema\/logo\/image\/\",\"url\":\"https:\/\/www.formula-h-skincare.com\/wp-content\/uploads\/2021\/05\/Formula-H_neg-B125px.png\",\"contentUrl\":\"https:\/\/www.formula-h-skincare.com\/wp-content\/uploads\/2021\/05\/Formula-H_neg-B125px.png\",\"width\":125,\"height\":133,\"caption\":\"Formula H Skincare ApS\"},\"image\":{\"@id\":\"https:\/\/www.formula-h-skincare.com\/de\/#\/schema\/logo\/image\/\"},\"sameAs\":[\"https:\/\/www.facebook.com\/Formula-H-Skincare-114088206974208\/\",\"https:\/\/www.instagram.com\/formula_h_skincare\/\",\"https:\/\/www.linkedin.com\/company\/73784209\/admin\/\",\"https:\/\/www.youtube.com\/channel\/UC86q8VE-xr9YYJ7UicAhPFw\"]}]}<\/script>\n<!-- \/ Yoast SEO plugin. -->","yoast_head_json":{"title":"Hand Creme M\u00e4nner 50 ML -","robots":{"index":"index","follow":"follow","max-snippet":"max-snippet:-1","max-image-preview":"max-image-preview:large","max-video-preview":"max-video-preview:-1"},"canonical":"https:\/\/www.formula-h-skincare.com\/de\/produkt\/hand-creme-50-ml\/","og_locale":"de_DE","og_type":"article","og_title":"Hand Creme M\u00e4nner 50 ML -","og_description":"Wirkung  Die Formel H Handcreme sch\u00fctzt effektiv Ihre H\u00e4nde und Ihre Nagelwurzeln. Sie werden eine Weichheit erleben, die auch nach dem H\u00e4ndewaschen lange anh\u00e4lt. Die Handcreme dringt schnell in die Haut ein, sodass Sie sich nicht fettig f\u00fchlen.  &nbsp;  Inhalt  Die Formel H Handcreme enth\u00e4lt die besten \u00d6le mit Omega 3 + 6 + 9 und Vitamin A + C + E.  &nbsp;  Anleitung:  Tragen Sie die Handcreme in kleinen Dosen auf und massieren Sie sie in die Haut ein. Bei Raumtemperatur und au\u00dferhalb der Reichweite von Kindern lagern  &nbsp;  Erg\u00e4nzende Produkte:  Wenn Sie die Wirkung der Formel-H-Handcreme verst\u00e4rken m\u00f6chten, k\u00f6nnen Sie die Formel-H-Handseife verwenden.Es gibt eine milde Seife mit u.a. Omega 3 + 6 + 9 und Vitamine A + C + E.  \u00a0  Haltbarkeit:  Haltbar bis Ende Dezember 2023  Nach \u00d6ffnung 12 Monate  &nbsp;  Emballage  50 ML Airless sort\/s\u00f8lv  \u00a0  Produkt-symboler: Vegan, Nature Product, Social Responsibility, Recycling","og_url":"https:\/\/www.formula-h-skincare.com\/de\/produkt\/hand-creme-50-ml\/","article_publisher":"https:\/\/www.facebook.com\/Formula-H-Skincare-114088206974208\/","article_modified_time":"2025-04-22T06:21:02+00:00","og_image":[{"width":1400,"height":1400,"url":"https:\/\/www.formula-h-skincare.com\/wp-content\/uploads\/2022\/10\/hand-cream-1.png","type":"image\/png"}],"twitter_card":"summary_large_image","schema":{"@context":"https:\/\/schema.org","@graph":[{"@type":"WebPage","@id":"https:\/\/www.formula-h-skincare.com\/de\/produkt\/hand-creme-50-ml\/","url":"https:\/\/www.formula-h-skincare.com\/de\/produkt\/hand-creme-50-ml\/","name":"Hand Creme M\u00e4nner 50 ML -","isPartOf":{"@id":"https:\/\/www.formula-h-skincare.com\/de\/#website"},"primaryImageOfPage":{"@id":"https:\/\/www.formula-h-skincare.com\/de\/produkt\/hand-creme-50-ml\/#primaryimage"},"image":{"@id":"https:\/\/www.formula-h-skincare.com\/de\/produkt\/hand-creme-50-ml\/#primaryimage"},"thumbnailUrl":"https:\/\/www.formula-h-skincare.com\/wp-content\/uploads\/2022\/10\/hand-cream-1.png","datePublished":"2022-10-02T10:00:04+00:00","dateModified":"2025-04-22T06:21:02+00:00","breadcrumb":{"@id":"https:\/\/www.formula-h-skincare.com\/de\/produkt\/hand-creme-50-ml\/#breadcrumb"},"inLanguage":"de","potentialAction":[{"@type":"ReadAction","target":["https:\/\/www.formula-h-skincare.com\/de\/produkt\/hand-creme-50-ml\/"]}]},{"@type":"ImageObject","inLanguage":"de","@id":"https:\/\/www.formula-h-skincare.com\/de\/produkt\/hand-creme-50-ml\/#primaryimage","url":"https:\/\/www.formula-h-skincare.com\/wp-content\/uploads\/2022\/10\/hand-cream-1.png","contentUrl":"https:\/\/www.formula-h-skincare.com\/wp-content\/uploads\/2022\/10\/hand-cream-1.png","width":1400,"height":1400},{"@type":"BreadcrumbList","@id":"https:\/\/www.formula-h-skincare.com\/de\/produkt\/hand-creme-50-ml\/#breadcrumb","itemListElement":[{"@type":"ListItem","position":1,"name":"Home","item":"https:\/\/www.formula-h-skincare.com\/de\/"},{"@type":"ListItem","position":2,"name":"Shop","item":"https:\/\/www.formula-h-skincare.com\/de\/"},{"@type":"ListItem","position":3,"name":"Hand Creme M\u00e4nner 50 ML"}]},{"@type":"WebSite","@id":"https:\/\/www.formula-h-skincare.com\/de\/#website","url":"https:\/\/www.formula-h-skincare.com\/de\/","name":"https:\/\/www.formula-h-skincare.com\/","description":"","publisher":{"@id":"https:\/\/www.formula-h-skincare.com\/de\/#organization"},"potentialAction":[{"@type":"SearchAction","target":{"@type":"EntryPoint","urlTemplate":"https:\/\/www.formula-h-skincare.com\/de\/?s={search_term_string}"},"query-input":{"@type":"PropertyValueSpecification","valueRequired":true,"valueName":"search_term_string"}}],"inLanguage":"de"},{"@type":"Organization","@id":"https:\/\/www.formula-h-skincare.com\/de\/#organization","name":"Formula H Skincare ApS","url":"https:\/\/www.formula-h-skincare.com\/de\/","logo":{"@type":"ImageObject","inLanguage":"de","@id":"https:\/\/www.formula-h-skincare.com\/de\/#\/schema\/logo\/image\/","url":"https:\/\/www.formula-h-skincare.com\/wp-content\/uploads\/2021\/05\/Formula-H_neg-B125px.png","contentUrl":"https:\/\/www.formula-h-skincare.com\/wp-content\/uploads\/2021\/05\/Formula-H_neg-B125px.png","width":125,"height":133,"caption":"Formula H Skincare ApS"},"image":{"@id":"https:\/\/www.formula-h-skincare.com\/de\/#\/schema\/logo\/image\/"},"sameAs":["https:\/\/www.facebook.com\/Formula-H-Skincare-114088206974208\/","https:\/\/www.instagram.com\/formula_h_skincare\/","https:\/\/www.linkedin.com\/company\/73784209\/admin\/","https:\/\/www.youtube.com\/channel\/UC86q8VE-xr9YYJ7UicAhPFw"]}]}},"brands":[],"_links":{"self":[{"href":"https:\/\/www.formula-h-skincare.com\/de\/wp-json\/wp\/v2\/product\/6215","targetHints":{"allow":["GET"]}}],"collection":[{"href":"https:\/\/www.formula-h-skincare.com\/de\/wp-json\/wp\/v2\/product"}],"about":[{"href":"https:\/\/www.formula-h-skincare.com\/de\/wp-json\/wp\/v2\/types\/product"}],"replies":[{"embeddable":true,"href":"https:\/\/www.formula-h-skincare.com\/de\/wp-json\/wp\/v2\/comments?post=6215"}],"wp:featuredmedia":[{"embeddable":true,"href":"https:\/\/www.formula-h-skincare.com\/de\/wp-json\/wp\/v2\/media\/6226"}],"wp:attachment":[{"href":"https:\/\/www.formula-h-skincare.com\/de\/wp-json\/wp\/v2\/media?parent=6215"}],"wp:term":[{"taxonomy":"pwb-brand","embeddable":true,"href":"https:\/\/www.formula-h-skincare.com\/de\/wp-json\/wp\/v2\/pwb-brand?post=6215"},{"taxonomy":"product_brand","embeddable":true,"href":"https:\/\/www.formula-h-skincare.com\/de\/wp-json\/wp\/v2\/product_brand?post=6215"},{"taxonomy":"product_cat","embeddable":true,"href":"https:\/\/www.formula-h-skincare.com\/de\/wp-json\/wp\/v2\/product_cat?post=6215"},{"taxonomy":"product_tag","embeddable":true,"href":"https:\/\/www.formula-h-skincare.com\/de\/wp-json\/wp\/v2\/product_tag?post=6215"}],"curies":[{"name":"wp","href":"https:\/\/api.w.org\/{rel}","templated":true}]}}