{"id":7261,"date":"2023-05-13T12:33:23","date_gmt":"2023-05-13T10:33:23","guid":{"rendered":"https:\/\/www.formula-h-skincare.com\/?post_type=product&#038;p=7261"},"modified":"2024-05-10T12:04:17","modified_gmt":"2024-05-10T10:04:17","slug":"tanning-mouisse-selbstbraeuner-express-200-ml","status":"publish","type":"product","link":"https:\/\/www.formula-h-skincare.com\/de\/produkt\/tanning-mouisse-selbstbraeuner-express-200-ml\/","title":{"rendered":"Tanning Mouisse &#8211; Selbstbr\u00e4uner Express 200 ML"},"content":{"rendered":"<p>Water (Aqua, Eau), Propylene Glycol, Dihydroxyacetone, Glycerin, Terminalia Ferdinandiana (Kakadu Plum) Fruit Extract, Cocos Nucifera (Coconut) Fruit Powder, Dimethyl Isosorbide, Ethoxydiglycol, Caramel,\u00a0Cocamidopropyl Betaine,\u00a0PEG-12 Dimethicone,\u00a0Caprylyl\/Capryl Glucoside,\u00a0Aloe Barbadensis (Aloe Vera) Leaf Juice,\u00a0Fragaria Ananassa (Strawberry) Seed Oil,\u00a0Argania Spinosa (Argan) Kernel Oil, Rosa Canina (Rose Hip) Fruit Oil, Ascorbic Acid (Vitamin C), Tocopheryl Acetate (Vitamin E), Troxerutin, Phenoxyethanol, Ethylhexylglycerin, Cetyl Hydroxyethylcellulose, Citric Acid, Red 40 (CI 16035), Yellow 5 (CI 19140), Blue 1 (CI 42090)<\/p>\n","protected":false},"excerpt":{"rendered":"<p>Wirkung<\/p>\n<p>Formula H Tanning Mouse Express schenkt Ihnen die sch\u00f6nste Farbe im Express-Modus \u2013 ganz nat\u00fcrlich.<\/p>\n<p>Inhalt<\/p>\n<p>Formula H Tanning Mouse enth\u00e4lt die besten Inhaltsstoffe f\u00fcr eine nat\u00fcrliche braune Farbe, wie Kakadu-Pflaume (Vitamin C), Argan\u00f6l (reich an Vitamin E), Erdbeerkern\u00f6l (reich an Vitamin B) und Aloe Vera.<\/p>\n<p>Orientierungshilfe<\/p>\n<p>In kleinen Portionen auf die Maus auftragen. Bei Raumtemperatur lagern und au\u00dferhalb der Reichweite von Kindern aufbewahren. Vorher sch\u00fctteln<\/p>\n<p>verwenden.<\/p>\n<p>Du machst einen Unterschied<\/p>\n<p>Formel H kauft Rohstoffe direkt dort ein, wo sie angebaut werden. Es gibt die volle Kontrolle \u00fcber Qualit\u00e4t und Arbeitsbedingungen. Wenn Sie Formel H kaufen, unterst\u00fctzen Sie direkt die Landarbeiter, die die Rohstoffe f\u00fcr Ihre Formel H-Produkte ernten. Formel H sorgt daf\u00fcr, dass die Mitarbeiter der Farm einen angemessenen Lohn erhalten, dass ihre Kinder zur Schule gehen und dass Familien sauberes Wasser, Toiletten, Duschen und K\u00fchlschr\u00e4nke haben. Wenn Sie sich f\u00fcr Formel H entscheiden, hinterlassen Sie einen gro\u00dfen Eindruck.<\/p>\n<p>Haltbarkeit<\/p>\n<p>Nach 12 Monaten \u00d6ffnungszeit<\/p>\n","protected":false},"featured_media":7242,"comment_status":"open","ping_status":"closed","template":"","meta":[],"pwb-brand":[],"product_brand":[],"product_cat":[153],"product_tag":[],"class_list":{"0":"post-7261","1":"product","2":"type-product","3":"status-publish","4":"has-post-thumbnail","6":"product_cat-wellness-de","8":"first","9":"instock","10":"taxable","11":"shipping-taxable","12":"purchasable","13":"product-type-simple"},"yoast_head":"<!-- This site is optimized with the Yoast SEO plugin v27.2 - https:\/\/yoast.com\/product\/yoast-seo-wordpress\/ -->\n<title>Tanning Mouisse - Selbstbr\u00e4uner Express 200 ML -<\/title>\n<meta name=\"robots\" content=\"index, follow, max-snippet:-1, max-image-preview:large, max-video-preview:-1\" \/>\n<link rel=\"canonical\" href=\"https:\/\/www.formula-h-skincare.com\/de\/produkt\/tanning-mouisse-selbstbraeuner-express-200-ml\/\" \/>\n<meta property=\"og:locale\" content=\"de_DE\" \/>\n<meta property=\"og:type\" content=\"article\" \/>\n<meta property=\"og:title\" content=\"Tanning Mouisse - Selbstbr\u00e4uner Express 200 ML -\" \/>\n<meta property=\"og:description\" content=\"Wirkung  Formula H Tanning Mouse Express schenkt Ihnen die sch\u00f6nste Farbe im Express-Modus \u2013 ganz nat\u00fcrlich.  Inhalt  Formula H Tanning Mouse enth\u00e4lt die besten Inhaltsstoffe f\u00fcr eine nat\u00fcrliche braune Farbe, wie Kakadu-Pflaume (Vitamin C), Argan\u00f6l (reich an Vitamin E), Erdbeerkern\u00f6l (reich an Vitamin B) und Aloe Vera.  Orientierungshilfe  In kleinen Portionen auf die Maus auftragen. Bei Raumtemperatur lagern und au\u00dferhalb der Reichweite von Kindern aufbewahren. Vorher sch\u00fctteln  verwenden.  Du machst einen Unterschied  Formel H kauft Rohstoffe direkt dort ein, wo sie angebaut werden. Es gibt die volle Kontrolle \u00fcber Qualit\u00e4t und Arbeitsbedingungen. Wenn Sie Formel H kaufen, unterst\u00fctzen Sie direkt die Landarbeiter, die die Rohstoffe f\u00fcr Ihre Formel H-Produkte ernten. Formel H sorgt daf\u00fcr, dass die Mitarbeiter der Farm einen angemessenen Lohn erhalten, dass ihre Kinder zur Schule gehen und dass Familien sauberes Wasser, Toiletten, Duschen und K\u00fchlschr\u00e4nke haben. Wenn Sie sich f\u00fcr Formel H entscheiden, hinterlassen Sie einen gro\u00dfen Eindruck.  Haltbarkeit  Nach 12 Monaten \u00d6ffnungszeit\" \/>\n<meta property=\"og:url\" content=\"https:\/\/www.formula-h-skincare.com\/de\/produkt\/tanning-mouisse-selbstbraeuner-express-200-ml\/\" \/>\n<meta property=\"article:publisher\" content=\"https:\/\/www.facebook.com\/Formula-H-Skincare-114088206974208\/\" \/>\n<meta property=\"article:modified_time\" content=\"2024-05-10T10:04:17+00:00\" \/>\n<meta property=\"og:image\" content=\"https:\/\/www.formula-h-skincare.com\/wp-content\/uploads\/2023\/04\/Tanning-Mouse-web-udgave-10.05.23.png\" \/>\n\t<meta property=\"og:image:width\" content=\"1400\" \/>\n\t<meta property=\"og:image:height\" content=\"1400\" \/>\n\t<meta property=\"og:image:type\" content=\"image\/png\" \/>\n<meta name=\"twitter:card\" content=\"summary_large_image\" \/>\n<script type=\"application\/ld+json\" class=\"yoast-schema-graph\">{\"@context\":\"https:\/\/schema.org\",\"@graph\":[{\"@type\":\"WebPage\",\"@id\":\"https:\/\/www.formula-h-skincare.com\/de\/produkt\/tanning-mouisse-selbstbraeuner-express-200-ml\/\",\"url\":\"https:\/\/www.formula-h-skincare.com\/de\/produkt\/tanning-mouisse-selbstbraeuner-express-200-ml\/\",\"name\":\"Tanning Mouisse - Selbstbr\u00e4uner Express 200 ML -\",\"isPartOf\":{\"@id\":\"https:\/\/www.formula-h-skincare.com\/de\/#website\"},\"primaryImageOfPage\":{\"@id\":\"https:\/\/www.formula-h-skincare.com\/de\/produkt\/tanning-mouisse-selbstbraeuner-express-200-ml\/#primaryimage\"},\"image\":{\"@id\":\"https:\/\/www.formula-h-skincare.com\/de\/produkt\/tanning-mouisse-selbstbraeuner-express-200-ml\/#primaryimage\"},\"thumbnailUrl\":\"https:\/\/www.formula-h-skincare.com\/wp-content\/uploads\/2023\/04\/Tanning-Mouse-web-udgave-10.05.23.png\",\"datePublished\":\"2023-05-13T10:33:23+00:00\",\"dateModified\":\"2024-05-10T10:04:17+00:00\",\"breadcrumb\":{\"@id\":\"https:\/\/www.formula-h-skincare.com\/de\/produkt\/tanning-mouisse-selbstbraeuner-express-200-ml\/#breadcrumb\"},\"inLanguage\":\"de\",\"potentialAction\":[{\"@type\":\"ReadAction\",\"target\":[\"https:\/\/www.formula-h-skincare.com\/de\/produkt\/tanning-mouisse-selbstbraeuner-express-200-ml\/\"]}]},{\"@type\":\"ImageObject\",\"inLanguage\":\"de\",\"@id\":\"https:\/\/www.formula-h-skincare.com\/de\/produkt\/tanning-mouisse-selbstbraeuner-express-200-ml\/#primaryimage\",\"url\":\"https:\/\/www.formula-h-skincare.com\/wp-content\/uploads\/2023\/04\/Tanning-Mouse-web-udgave-10.05.23.png\",\"contentUrl\":\"https:\/\/www.formula-h-skincare.com\/wp-content\/uploads\/2023\/04\/Tanning-Mouse-web-udgave-10.05.23.png\",\"width\":1400,\"height\":1400},{\"@type\":\"BreadcrumbList\",\"@id\":\"https:\/\/www.formula-h-skincare.com\/de\/produkt\/tanning-mouisse-selbstbraeuner-express-200-ml\/#breadcrumb\",\"itemListElement\":[{\"@type\":\"ListItem\",\"position\":1,\"name\":\"Home\",\"item\":\"https:\/\/www.formula-h-skincare.com\/de\/\"},{\"@type\":\"ListItem\",\"position\":2,\"name\":\"Shop\",\"item\":\"https:\/\/www.formula-h-skincare.com\/de\/\"},{\"@type\":\"ListItem\",\"position\":3,\"name\":\"Tanning Mouisse &#8211; Selbstbr\u00e4uner Express 200 ML\"}]},{\"@type\":\"WebSite\",\"@id\":\"https:\/\/www.formula-h-skincare.com\/de\/#website\",\"url\":\"https:\/\/www.formula-h-skincare.com\/de\/\",\"name\":\"https:\/\/www.formula-h-skincare.com\/\",\"description\":\"\",\"publisher\":{\"@id\":\"https:\/\/www.formula-h-skincare.com\/de\/#organization\"},\"potentialAction\":[{\"@type\":\"SearchAction\",\"target\":{\"@type\":\"EntryPoint\",\"urlTemplate\":\"https:\/\/www.formula-h-skincare.com\/de\/?s={search_term_string}\"},\"query-input\":{\"@type\":\"PropertyValueSpecification\",\"valueRequired\":true,\"valueName\":\"search_term_string\"}}],\"inLanguage\":\"de\"},{\"@type\":\"Organization\",\"@id\":\"https:\/\/www.formula-h-skincare.com\/de\/#organization\",\"name\":\"Formula H Skincare ApS\",\"url\":\"https:\/\/www.formula-h-skincare.com\/de\/\",\"logo\":{\"@type\":\"ImageObject\",\"inLanguage\":\"de\",\"@id\":\"https:\/\/www.formula-h-skincare.com\/de\/#\/schema\/logo\/image\/\",\"url\":\"https:\/\/www.formula-h-skincare.com\/wp-content\/uploads\/2021\/05\/Formula-H_neg-B125px.png\",\"contentUrl\":\"https:\/\/www.formula-h-skincare.com\/wp-content\/uploads\/2021\/05\/Formula-H_neg-B125px.png\",\"width\":125,\"height\":133,\"caption\":\"Formula H Skincare ApS\"},\"image\":{\"@id\":\"https:\/\/www.formula-h-skincare.com\/de\/#\/schema\/logo\/image\/\"},\"sameAs\":[\"https:\/\/www.facebook.com\/Formula-H-Skincare-114088206974208\/\",\"https:\/\/www.instagram.com\/formula_h_skincare\/\",\"https:\/\/www.linkedin.com\/company\/73784209\/admin\/\",\"https:\/\/www.youtube.com\/channel\/UC86q8VE-xr9YYJ7UicAhPFw\"]}]}<\/script>\n<!-- \/ Yoast SEO plugin. -->","yoast_head_json":{"title":"Tanning Mouisse - Selbstbr\u00e4uner Express 200 ML -","robots":{"index":"index","follow":"follow","max-snippet":"max-snippet:-1","max-image-preview":"max-image-preview:large","max-video-preview":"max-video-preview:-1"},"canonical":"https:\/\/www.formula-h-skincare.com\/de\/produkt\/tanning-mouisse-selbstbraeuner-express-200-ml\/","og_locale":"de_DE","og_type":"article","og_title":"Tanning Mouisse - Selbstbr\u00e4uner Express 200 ML -","og_description":"Wirkung  Formula H Tanning Mouse Express schenkt Ihnen die sch\u00f6nste Farbe im Express-Modus \u2013 ganz nat\u00fcrlich.  Inhalt  Formula H Tanning Mouse enth\u00e4lt die besten Inhaltsstoffe f\u00fcr eine nat\u00fcrliche braune Farbe, wie Kakadu-Pflaume (Vitamin C), Argan\u00f6l (reich an Vitamin E), Erdbeerkern\u00f6l (reich an Vitamin B) und Aloe Vera.  Orientierungshilfe  In kleinen Portionen auf die Maus auftragen. Bei Raumtemperatur lagern und au\u00dferhalb der Reichweite von Kindern aufbewahren. Vorher sch\u00fctteln  verwenden.  Du machst einen Unterschied  Formel H kauft Rohstoffe direkt dort ein, wo sie angebaut werden. Es gibt die volle Kontrolle \u00fcber Qualit\u00e4t und Arbeitsbedingungen. Wenn Sie Formel H kaufen, unterst\u00fctzen Sie direkt die Landarbeiter, die die Rohstoffe f\u00fcr Ihre Formel H-Produkte ernten. Formel H sorgt daf\u00fcr, dass die Mitarbeiter der Farm einen angemessenen Lohn erhalten, dass ihre Kinder zur Schule gehen und dass Familien sauberes Wasser, Toiletten, Duschen und K\u00fchlschr\u00e4nke haben. Wenn Sie sich f\u00fcr Formel H entscheiden, hinterlassen Sie einen gro\u00dfen Eindruck.  Haltbarkeit  Nach 12 Monaten \u00d6ffnungszeit","og_url":"https:\/\/www.formula-h-skincare.com\/de\/produkt\/tanning-mouisse-selbstbraeuner-express-200-ml\/","article_publisher":"https:\/\/www.facebook.com\/Formula-H-Skincare-114088206974208\/","article_modified_time":"2024-05-10T10:04:17+00:00","og_image":[{"width":1400,"height":1400,"url":"https:\/\/www.formula-h-skincare.com\/wp-content\/uploads\/2023\/04\/Tanning-Mouse-web-udgave-10.05.23.png","type":"image\/png"}],"twitter_card":"summary_large_image","schema":{"@context":"https:\/\/schema.org","@graph":[{"@type":"WebPage","@id":"https:\/\/www.formula-h-skincare.com\/de\/produkt\/tanning-mouisse-selbstbraeuner-express-200-ml\/","url":"https:\/\/www.formula-h-skincare.com\/de\/produkt\/tanning-mouisse-selbstbraeuner-express-200-ml\/","name":"Tanning Mouisse - Selbstbr\u00e4uner Express 200 ML -","isPartOf":{"@id":"https:\/\/www.formula-h-skincare.com\/de\/#website"},"primaryImageOfPage":{"@id":"https:\/\/www.formula-h-skincare.com\/de\/produkt\/tanning-mouisse-selbstbraeuner-express-200-ml\/#primaryimage"},"image":{"@id":"https:\/\/www.formula-h-skincare.com\/de\/produkt\/tanning-mouisse-selbstbraeuner-express-200-ml\/#primaryimage"},"thumbnailUrl":"https:\/\/www.formula-h-skincare.com\/wp-content\/uploads\/2023\/04\/Tanning-Mouse-web-udgave-10.05.23.png","datePublished":"2023-05-13T10:33:23+00:00","dateModified":"2024-05-10T10:04:17+00:00","breadcrumb":{"@id":"https:\/\/www.formula-h-skincare.com\/de\/produkt\/tanning-mouisse-selbstbraeuner-express-200-ml\/#breadcrumb"},"inLanguage":"de","potentialAction":[{"@type":"ReadAction","target":["https:\/\/www.formula-h-skincare.com\/de\/produkt\/tanning-mouisse-selbstbraeuner-express-200-ml\/"]}]},{"@type":"ImageObject","inLanguage":"de","@id":"https:\/\/www.formula-h-skincare.com\/de\/produkt\/tanning-mouisse-selbstbraeuner-express-200-ml\/#primaryimage","url":"https:\/\/www.formula-h-skincare.com\/wp-content\/uploads\/2023\/04\/Tanning-Mouse-web-udgave-10.05.23.png","contentUrl":"https:\/\/www.formula-h-skincare.com\/wp-content\/uploads\/2023\/04\/Tanning-Mouse-web-udgave-10.05.23.png","width":1400,"height":1400},{"@type":"BreadcrumbList","@id":"https:\/\/www.formula-h-skincare.com\/de\/produkt\/tanning-mouisse-selbstbraeuner-express-200-ml\/#breadcrumb","itemListElement":[{"@type":"ListItem","position":1,"name":"Home","item":"https:\/\/www.formula-h-skincare.com\/de\/"},{"@type":"ListItem","position":2,"name":"Shop","item":"https:\/\/www.formula-h-skincare.com\/de\/"},{"@type":"ListItem","position":3,"name":"Tanning Mouisse &#8211; Selbstbr\u00e4uner Express 200 ML"}]},{"@type":"WebSite","@id":"https:\/\/www.formula-h-skincare.com\/de\/#website","url":"https:\/\/www.formula-h-skincare.com\/de\/","name":"https:\/\/www.formula-h-skincare.com\/","description":"","publisher":{"@id":"https:\/\/www.formula-h-skincare.com\/de\/#organization"},"potentialAction":[{"@type":"SearchAction","target":{"@type":"EntryPoint","urlTemplate":"https:\/\/www.formula-h-skincare.com\/de\/?s={search_term_string}"},"query-input":{"@type":"PropertyValueSpecification","valueRequired":true,"valueName":"search_term_string"}}],"inLanguage":"de"},{"@type":"Organization","@id":"https:\/\/www.formula-h-skincare.com\/de\/#organization","name":"Formula H Skincare ApS","url":"https:\/\/www.formula-h-skincare.com\/de\/","logo":{"@type":"ImageObject","inLanguage":"de","@id":"https:\/\/www.formula-h-skincare.com\/de\/#\/schema\/logo\/image\/","url":"https:\/\/www.formula-h-skincare.com\/wp-content\/uploads\/2021\/05\/Formula-H_neg-B125px.png","contentUrl":"https:\/\/www.formula-h-skincare.com\/wp-content\/uploads\/2021\/05\/Formula-H_neg-B125px.png","width":125,"height":133,"caption":"Formula H Skincare ApS"},"image":{"@id":"https:\/\/www.formula-h-skincare.com\/de\/#\/schema\/logo\/image\/"},"sameAs":["https:\/\/www.facebook.com\/Formula-H-Skincare-114088206974208\/","https:\/\/www.instagram.com\/formula_h_skincare\/","https:\/\/www.linkedin.com\/company\/73784209\/admin\/","https:\/\/www.youtube.com\/channel\/UC86q8VE-xr9YYJ7UicAhPFw"]}]}},"brands":[],"_links":{"self":[{"href":"https:\/\/www.formula-h-skincare.com\/de\/wp-json\/wp\/v2\/product\/7261","targetHints":{"allow":["GET"]}}],"collection":[{"href":"https:\/\/www.formula-h-skincare.com\/de\/wp-json\/wp\/v2\/product"}],"about":[{"href":"https:\/\/www.formula-h-skincare.com\/de\/wp-json\/wp\/v2\/types\/product"}],"replies":[{"embeddable":true,"href":"https:\/\/www.formula-h-skincare.com\/de\/wp-json\/wp\/v2\/comments?post=7261"}],"wp:featuredmedia":[{"embeddable":true,"href":"https:\/\/www.formula-h-skincare.com\/de\/wp-json\/wp\/v2\/media\/7242"}],"wp:attachment":[{"href":"https:\/\/www.formula-h-skincare.com\/de\/wp-json\/wp\/v2\/media?parent=7261"}],"wp:term":[{"taxonomy":"pwb-brand","embeddable":true,"href":"https:\/\/www.formula-h-skincare.com\/de\/wp-json\/wp\/v2\/pwb-brand?post=7261"},{"taxonomy":"product_brand","embeddable":true,"href":"https:\/\/www.formula-h-skincare.com\/de\/wp-json\/wp\/v2\/product_brand?post=7261"},{"taxonomy":"product_cat","embeddable":true,"href":"https:\/\/www.formula-h-skincare.com\/de\/wp-json\/wp\/v2\/product_cat?post=7261"},{"taxonomy":"product_tag","embeddable":true,"href":"https:\/\/www.formula-h-skincare.com\/de\/wp-json\/wp\/v2\/product_tag?post=7261"}],"curies":[{"name":"wp","href":"https:\/\/api.w.org\/{rel}","templated":true}]}}