{"id":9266,"date":"2024-08-21T15:55:53","date_gmt":"2024-08-21T13:55:53","guid":{"rendered":"https:\/\/www.formula-h-skincare.com\/?post_type=product&#038;p=9266"},"modified":"2024-08-21T16:00:48","modified_gmt":"2024-08-21T14:00:48","slug":"gesichtsserum-wakame-20ml","status":"publish","type":"product","link":"https:\/\/www.formula-h-skincare.com\/de\/produkt\/gesichtsserum-wakame-20ml\/","title":{"rendered":"Gesichtsserum Wakame 20ml"},"content":{"rendered":"<p>Aqua**, Glycerin*, Propanediol*, Methyl Gluceth-20,Methylpropanediol*, PEG-32*, Caprylyl Glycol*, Squalane, Glyceryl Stearate**, Triethanolamine*, Caprylic\/Capric Triglyceride**, Marrubium Vulgare Extract*, Glyceryl Stearate SE*, Carbomer**, Orobanche Rapum Extract*, Ceryl Alcohol*, Parfum(Fragrance)**, Allatoin*, Phenylpropanol*, Isostearyl Isosttearate**, Potassium Certyl Phosphate*, Behenic Acid*, Cetyl Behenate*, Simmondsia Chinensis(Jojoba) Seed Oil**, Olea Europaea(Olive) Fruit Oil**, Dicetyl Phosphate*, Hamamelis Virginiana (Witch Hazel) Leaf Water**, Undaria Pinnatifda Extract*, Sodium Hyaluronate*, Phenoxyethanol*, Citric Acid**, Benzyl Alcohol**, Sodium Benzoate**, Potassium Sorbate*. * = Organic ** = Natural<\/p>\n","protected":false},"excerpt":{"rendered":"<p><strong>Wirkung<\/strong><\/p>\n<p>Face Serum von Formula H ist ein straffendes Serum f\u00fcr Gesicht, Hals und Dekollet\u00e9.<\/p>\n<p>&nbsp;<\/p>\n<p><strong>Inhalt<\/strong><\/p>\n<p>Das Gesichtsserum von Formula H besteht speziell aus Extrakten der Pflanzen Orobanche Rapum und Undaria Pinnatifda-Extrakt, die zusammen mit Kollagen daf\u00fcr sorgen, dass feine Linien auf Gesicht, Hals und Dekollet\u00e9 mit der Zeit gegl\u00e4ttet werden.<\/p>\n<p>&nbsp;<\/p>\n<p><strong>Anleitung<\/strong><\/p>\n<p>Tragen Sie das Gesichtsserum in kleinen Dosen auf und massieren Sie es dann in die Haut ein. F\u00fcr alle Hauttypen geeignet. Bei Raumtemperatur und au\u00dferhalb der Reichweite von Kindern aufbewahren<\/p>\n<p>&nbsp;<\/p>\n<p><strong>Genie\u00dfen Sie weitere Vorteile<\/strong><\/p>\n<p>Wenn Sie die Wirkung unter Ihren Augen verst\u00e4rken m\u00f6chten, k\u00f6nnen Sie das Formula H Eye Serum verwenden, das ebenfalls Kollagen enth\u00e4lt, dessen Formel jedoch besonders darauf R\u00fccksicht nimmt, dass Ihre Haut unter den Augen empfindlicher ist.<\/p>\n<p>Wenn Sie eine noch bessere Wirkung gegen feine Linien w\u00fcnschen, k\u00f6nnen Sie vorteilhafterweise Kombinationen aus der Formula H Tagescreme und der Formula H Nachtcreme verwenden.<\/p>\n<p>&nbsp;<\/p>\n<p><strong>Du machst einen Unterschied<\/strong><\/p>\n<p>Formula H kauft Rohstoffe direkt dort, wo sie angebaut werden. Es gibt die volle Kontrolle \u00fcber Qualit\u00e4t und Arbeitsbedingungen. Wenn Sie Formula H kaufen, unterst\u00fctzen Sie direkt die Landarbeiter, die die Rohstoffe f\u00fcr Ihre Formula H-Produkte ernten. Die Formel H sorgt daf\u00fcr, dass die Farmangestellten ein angemessenes Gehalt bekommen, dass ihre Kinder zur Schule gehen, dass die Familien sauberes Wasser, eine Toilette, eine Dusche und einen K\u00fchlschrank haben. Sie machen also einen gro\u00dfen Unterschied, wenn Sie sich f\u00fcr die Formel H entscheiden.<\/p>\n<p>&nbsp;<\/p>\n<p><strong>Verpackung<\/strong><\/p>\n<p>20-ml-Flasche, schwarz mit silbernem Spr\u00fcher<\/p>\n","protected":false},"featured_media":9203,"comment_status":"open","ping_status":"closed","template":"","meta":[],"pwb-brand":[],"product_brand":[],"product_cat":[137,311,139,153],"product_tag":[],"class_list":{"0":"post-9266","1":"product","2":"type-product","3":"status-publish","4":"has-post-thumbnail","6":"product_cat-acne-de","7":"product_cat-gesicht","8":"product_cat-face-de","9":"product_cat-wellness-de","11":"first","12":"instock","13":"taxable","14":"shipping-taxable","15":"purchasable","16":"product-type-simple"},"yoast_head":"<!-- This site is optimized with the Yoast SEO plugin v27.2 - https:\/\/yoast.com\/product\/yoast-seo-wordpress\/ -->\n<title>Gesichtsserum Wakame 20ml -<\/title>\n<meta name=\"robots\" content=\"index, follow, max-snippet:-1, max-image-preview:large, max-video-preview:-1\" \/>\n<link rel=\"canonical\" href=\"https:\/\/www.formula-h-skincare.com\/de\/produkt\/gesichtsserum-wakame-20ml\/\" \/>\n<meta property=\"og:locale\" content=\"de_DE\" \/>\n<meta property=\"og:type\" content=\"article\" \/>\n<meta property=\"og:title\" content=\"Gesichtsserum Wakame 20ml -\" \/>\n<meta property=\"og:description\" content=\"Wirkung  Face Serum von Formula H ist ein straffendes Serum f\u00fcr Gesicht, Hals und Dekollet\u00e9.  &nbsp;  Inhalt  Das Gesichtsserum von Formula H besteht speziell aus Extrakten der Pflanzen Orobanche Rapum und Undaria Pinnatifda-Extrakt, die zusammen mit Kollagen daf\u00fcr sorgen, dass feine Linien auf Gesicht, Hals und Dekollet\u00e9 mit der Zeit gegl\u00e4ttet werden.  &nbsp;  Anleitung  Tragen Sie das Gesichtsserum in kleinen Dosen auf und massieren Sie es dann in die Haut ein. F\u00fcr alle Hauttypen geeignet. Bei Raumtemperatur und au\u00dferhalb der Reichweite von Kindern aufbewahren  &nbsp;  Genie\u00dfen Sie weitere Vorteile  Wenn Sie die Wirkung unter Ihren Augen verst\u00e4rken m\u00f6chten, k\u00f6nnen Sie das Formula H Eye Serum verwenden, das ebenfalls Kollagen enth\u00e4lt, dessen Formel jedoch besonders darauf R\u00fccksicht nimmt, dass Ihre Haut unter den Augen empfindlicher ist.  Wenn Sie eine noch bessere Wirkung gegen feine Linien w\u00fcnschen, k\u00f6nnen Sie vorteilhafterweise Kombinationen aus der Formula H Tagescreme und der Formula H Nachtcreme verwenden.  &nbsp;  Du machst einen Unterschied  Formula H kauft Rohstoffe direkt dort, wo sie angebaut werden. Es gibt die volle Kontrolle \u00fcber Qualit\u00e4t und Arbeitsbedingungen. Wenn Sie Formula H kaufen, unterst\u00fctzen Sie direkt die Landarbeiter, die die Rohstoffe f\u00fcr Ihre Formula H-Produkte ernten. Die Formel H sorgt daf\u00fcr, dass die Farmangestellten ein angemessenes Gehalt bekommen, dass ihre Kinder zur Schule gehen, dass die Familien sauberes Wasser, eine Toilette, eine Dusche und einen K\u00fchlschrank haben. Sie machen also einen gro\u00dfen Unterschied, wenn Sie sich f\u00fcr die Formel H entscheiden.  &nbsp;  Verpackung  20-ml-Flasche, schwarz mit silbernem Spr\u00fcher\" \/>\n<meta property=\"og:url\" content=\"https:\/\/www.formula-h-skincare.com\/de\/produkt\/gesichtsserum-wakame-20ml\/\" \/>\n<meta property=\"article:publisher\" content=\"https:\/\/www.facebook.com\/Formula-H-Skincare-114088206974208\/\" \/>\n<meta property=\"article:modified_time\" content=\"2024-08-21T14:00:48+00:00\" \/>\n<meta property=\"og:image\" content=\"https:\/\/www.formula-h-skincare.com\/wp-content\/uploads\/2024\/07\/Bio-Marine-Wakame.png\" \/>\n\t<meta property=\"og:image:width\" content=\"1400\" \/>\n\t<meta property=\"og:image:height\" content=\"1400\" \/>\n\t<meta property=\"og:image:type\" content=\"image\/png\" \/>\n<meta name=\"twitter:card\" content=\"summary_large_image\" \/>\n<script type=\"application\/ld+json\" class=\"yoast-schema-graph\">{\"@context\":\"https:\/\/schema.org\",\"@graph\":[{\"@type\":\"WebPage\",\"@id\":\"https:\/\/www.formula-h-skincare.com\/de\/produkt\/gesichtsserum-wakame-20ml\/\",\"url\":\"https:\/\/www.formula-h-skincare.com\/de\/produkt\/gesichtsserum-wakame-20ml\/\",\"name\":\"Gesichtsserum Wakame 20ml -\",\"isPartOf\":{\"@id\":\"https:\/\/www.formula-h-skincare.com\/de\/#website\"},\"primaryImageOfPage\":{\"@id\":\"https:\/\/www.formula-h-skincare.com\/de\/produkt\/gesichtsserum-wakame-20ml\/#primaryimage\"},\"image\":{\"@id\":\"https:\/\/www.formula-h-skincare.com\/de\/produkt\/gesichtsserum-wakame-20ml\/#primaryimage\"},\"thumbnailUrl\":\"https:\/\/www.formula-h-skincare.com\/wp-content\/uploads\/2024\/07\/Bio-Marine-Wakame.png\",\"datePublished\":\"2024-08-21T13:55:53+00:00\",\"dateModified\":\"2024-08-21T14:00:48+00:00\",\"breadcrumb\":{\"@id\":\"https:\/\/www.formula-h-skincare.com\/de\/produkt\/gesichtsserum-wakame-20ml\/#breadcrumb\"},\"inLanguage\":\"de\",\"potentialAction\":[{\"@type\":\"ReadAction\",\"target\":[\"https:\/\/www.formula-h-skincare.com\/de\/produkt\/gesichtsserum-wakame-20ml\/\"]}]},{\"@type\":\"ImageObject\",\"inLanguage\":\"de\",\"@id\":\"https:\/\/www.formula-h-skincare.com\/de\/produkt\/gesichtsserum-wakame-20ml\/#primaryimage\",\"url\":\"https:\/\/www.formula-h-skincare.com\/wp-content\/uploads\/2024\/07\/Bio-Marine-Wakame.png\",\"contentUrl\":\"https:\/\/www.formula-h-skincare.com\/wp-content\/uploads\/2024\/07\/Bio-Marine-Wakame.png\",\"width\":1400,\"height\":1400},{\"@type\":\"BreadcrumbList\",\"@id\":\"https:\/\/www.formula-h-skincare.com\/de\/produkt\/gesichtsserum-wakame-20ml\/#breadcrumb\",\"itemListElement\":[{\"@type\":\"ListItem\",\"position\":1,\"name\":\"Home\",\"item\":\"https:\/\/www.formula-h-skincare.com\/de\/\"},{\"@type\":\"ListItem\",\"position\":2,\"name\":\"Shop\",\"item\":\"https:\/\/www.formula-h-skincare.com\/de\/\"},{\"@type\":\"ListItem\",\"position\":3,\"name\":\"Gesichtsserum Wakame 20ml\"}]},{\"@type\":\"WebSite\",\"@id\":\"https:\/\/www.formula-h-skincare.com\/de\/#website\",\"url\":\"https:\/\/www.formula-h-skincare.com\/de\/\",\"name\":\"https:\/\/www.formula-h-skincare.com\/\",\"description\":\"\",\"publisher\":{\"@id\":\"https:\/\/www.formula-h-skincare.com\/de\/#organization\"},\"potentialAction\":[{\"@type\":\"SearchAction\",\"target\":{\"@type\":\"EntryPoint\",\"urlTemplate\":\"https:\/\/www.formula-h-skincare.com\/de\/?s={search_term_string}\"},\"query-input\":{\"@type\":\"PropertyValueSpecification\",\"valueRequired\":true,\"valueName\":\"search_term_string\"}}],\"inLanguage\":\"de\"},{\"@type\":\"Organization\",\"@id\":\"https:\/\/www.formula-h-skincare.com\/de\/#organization\",\"name\":\"Formula H Skincare ApS\",\"url\":\"https:\/\/www.formula-h-skincare.com\/de\/\",\"logo\":{\"@type\":\"ImageObject\",\"inLanguage\":\"de\",\"@id\":\"https:\/\/www.formula-h-skincare.com\/de\/#\/schema\/logo\/image\/\",\"url\":\"https:\/\/www.formula-h-skincare.com\/wp-content\/uploads\/2021\/05\/Formula-H_neg-B125px.png\",\"contentUrl\":\"https:\/\/www.formula-h-skincare.com\/wp-content\/uploads\/2021\/05\/Formula-H_neg-B125px.png\",\"width\":125,\"height\":133,\"caption\":\"Formula H Skincare ApS\"},\"image\":{\"@id\":\"https:\/\/www.formula-h-skincare.com\/de\/#\/schema\/logo\/image\/\"},\"sameAs\":[\"https:\/\/www.facebook.com\/Formula-H-Skincare-114088206974208\/\",\"https:\/\/www.instagram.com\/formula_h_skincare\/\",\"https:\/\/www.linkedin.com\/company\/73784209\/admin\/\",\"https:\/\/www.youtube.com\/channel\/UC86q8VE-xr9YYJ7UicAhPFw\"]}]}<\/script>\n<!-- \/ Yoast SEO plugin. -->","yoast_head_json":{"title":"Gesichtsserum Wakame 20ml -","robots":{"index":"index","follow":"follow","max-snippet":"max-snippet:-1","max-image-preview":"max-image-preview:large","max-video-preview":"max-video-preview:-1"},"canonical":"https:\/\/www.formula-h-skincare.com\/de\/produkt\/gesichtsserum-wakame-20ml\/","og_locale":"de_DE","og_type":"article","og_title":"Gesichtsserum Wakame 20ml -","og_description":"Wirkung  Face Serum von Formula H ist ein straffendes Serum f\u00fcr Gesicht, Hals und Dekollet\u00e9.  &nbsp;  Inhalt  Das Gesichtsserum von Formula H besteht speziell aus Extrakten der Pflanzen Orobanche Rapum und Undaria Pinnatifda-Extrakt, die zusammen mit Kollagen daf\u00fcr sorgen, dass feine Linien auf Gesicht, Hals und Dekollet\u00e9 mit der Zeit gegl\u00e4ttet werden.  &nbsp;  Anleitung  Tragen Sie das Gesichtsserum in kleinen Dosen auf und massieren Sie es dann in die Haut ein. F\u00fcr alle Hauttypen geeignet. Bei Raumtemperatur und au\u00dferhalb der Reichweite von Kindern aufbewahren  &nbsp;  Genie\u00dfen Sie weitere Vorteile  Wenn Sie die Wirkung unter Ihren Augen verst\u00e4rken m\u00f6chten, k\u00f6nnen Sie das Formula H Eye Serum verwenden, das ebenfalls Kollagen enth\u00e4lt, dessen Formel jedoch besonders darauf R\u00fccksicht nimmt, dass Ihre Haut unter den Augen empfindlicher ist.  Wenn Sie eine noch bessere Wirkung gegen feine Linien w\u00fcnschen, k\u00f6nnen Sie vorteilhafterweise Kombinationen aus der Formula H Tagescreme und der Formula H Nachtcreme verwenden.  &nbsp;  Du machst einen Unterschied  Formula H kauft Rohstoffe direkt dort, wo sie angebaut werden. Es gibt die volle Kontrolle \u00fcber Qualit\u00e4t und Arbeitsbedingungen. Wenn Sie Formula H kaufen, unterst\u00fctzen Sie direkt die Landarbeiter, die die Rohstoffe f\u00fcr Ihre Formula H-Produkte ernten. Die Formel H sorgt daf\u00fcr, dass die Farmangestellten ein angemessenes Gehalt bekommen, dass ihre Kinder zur Schule gehen, dass die Familien sauberes Wasser, eine Toilette, eine Dusche und einen K\u00fchlschrank haben. Sie machen also einen gro\u00dfen Unterschied, wenn Sie sich f\u00fcr die Formel H entscheiden.  &nbsp;  Verpackung  20-ml-Flasche, schwarz mit silbernem Spr\u00fcher","og_url":"https:\/\/www.formula-h-skincare.com\/de\/produkt\/gesichtsserum-wakame-20ml\/","article_publisher":"https:\/\/www.facebook.com\/Formula-H-Skincare-114088206974208\/","article_modified_time":"2024-08-21T14:00:48+00:00","og_image":[{"width":1400,"height":1400,"url":"https:\/\/www.formula-h-skincare.com\/wp-content\/uploads\/2024\/07\/Bio-Marine-Wakame.png","type":"image\/png"}],"twitter_card":"summary_large_image","schema":{"@context":"https:\/\/schema.org","@graph":[{"@type":"WebPage","@id":"https:\/\/www.formula-h-skincare.com\/de\/produkt\/gesichtsserum-wakame-20ml\/","url":"https:\/\/www.formula-h-skincare.com\/de\/produkt\/gesichtsserum-wakame-20ml\/","name":"Gesichtsserum Wakame 20ml -","isPartOf":{"@id":"https:\/\/www.formula-h-skincare.com\/de\/#website"},"primaryImageOfPage":{"@id":"https:\/\/www.formula-h-skincare.com\/de\/produkt\/gesichtsserum-wakame-20ml\/#primaryimage"},"image":{"@id":"https:\/\/www.formula-h-skincare.com\/de\/produkt\/gesichtsserum-wakame-20ml\/#primaryimage"},"thumbnailUrl":"https:\/\/www.formula-h-skincare.com\/wp-content\/uploads\/2024\/07\/Bio-Marine-Wakame.png","datePublished":"2024-08-21T13:55:53+00:00","dateModified":"2024-08-21T14:00:48+00:00","breadcrumb":{"@id":"https:\/\/www.formula-h-skincare.com\/de\/produkt\/gesichtsserum-wakame-20ml\/#breadcrumb"},"inLanguage":"de","potentialAction":[{"@type":"ReadAction","target":["https:\/\/www.formula-h-skincare.com\/de\/produkt\/gesichtsserum-wakame-20ml\/"]}]},{"@type":"ImageObject","inLanguage":"de","@id":"https:\/\/www.formula-h-skincare.com\/de\/produkt\/gesichtsserum-wakame-20ml\/#primaryimage","url":"https:\/\/www.formula-h-skincare.com\/wp-content\/uploads\/2024\/07\/Bio-Marine-Wakame.png","contentUrl":"https:\/\/www.formula-h-skincare.com\/wp-content\/uploads\/2024\/07\/Bio-Marine-Wakame.png","width":1400,"height":1400},{"@type":"BreadcrumbList","@id":"https:\/\/www.formula-h-skincare.com\/de\/produkt\/gesichtsserum-wakame-20ml\/#breadcrumb","itemListElement":[{"@type":"ListItem","position":1,"name":"Home","item":"https:\/\/www.formula-h-skincare.com\/de\/"},{"@type":"ListItem","position":2,"name":"Shop","item":"https:\/\/www.formula-h-skincare.com\/de\/"},{"@type":"ListItem","position":3,"name":"Gesichtsserum Wakame 20ml"}]},{"@type":"WebSite","@id":"https:\/\/www.formula-h-skincare.com\/de\/#website","url":"https:\/\/www.formula-h-skincare.com\/de\/","name":"https:\/\/www.formula-h-skincare.com\/","description":"","publisher":{"@id":"https:\/\/www.formula-h-skincare.com\/de\/#organization"},"potentialAction":[{"@type":"SearchAction","target":{"@type":"EntryPoint","urlTemplate":"https:\/\/www.formula-h-skincare.com\/de\/?s={search_term_string}"},"query-input":{"@type":"PropertyValueSpecification","valueRequired":true,"valueName":"search_term_string"}}],"inLanguage":"de"},{"@type":"Organization","@id":"https:\/\/www.formula-h-skincare.com\/de\/#organization","name":"Formula H Skincare ApS","url":"https:\/\/www.formula-h-skincare.com\/de\/","logo":{"@type":"ImageObject","inLanguage":"de","@id":"https:\/\/www.formula-h-skincare.com\/de\/#\/schema\/logo\/image\/","url":"https:\/\/www.formula-h-skincare.com\/wp-content\/uploads\/2021\/05\/Formula-H_neg-B125px.png","contentUrl":"https:\/\/www.formula-h-skincare.com\/wp-content\/uploads\/2021\/05\/Formula-H_neg-B125px.png","width":125,"height":133,"caption":"Formula H Skincare ApS"},"image":{"@id":"https:\/\/www.formula-h-skincare.com\/de\/#\/schema\/logo\/image\/"},"sameAs":["https:\/\/www.facebook.com\/Formula-H-Skincare-114088206974208\/","https:\/\/www.instagram.com\/formula_h_skincare\/","https:\/\/www.linkedin.com\/company\/73784209\/admin\/","https:\/\/www.youtube.com\/channel\/UC86q8VE-xr9YYJ7UicAhPFw"]}]}},"brands":[],"_links":{"self":[{"href":"https:\/\/www.formula-h-skincare.com\/de\/wp-json\/wp\/v2\/product\/9266","targetHints":{"allow":["GET"]}}],"collection":[{"href":"https:\/\/www.formula-h-skincare.com\/de\/wp-json\/wp\/v2\/product"}],"about":[{"href":"https:\/\/www.formula-h-skincare.com\/de\/wp-json\/wp\/v2\/types\/product"}],"replies":[{"embeddable":true,"href":"https:\/\/www.formula-h-skincare.com\/de\/wp-json\/wp\/v2\/comments?post=9266"}],"wp:featuredmedia":[{"embeddable":true,"href":"https:\/\/www.formula-h-skincare.com\/de\/wp-json\/wp\/v2\/media\/9203"}],"wp:attachment":[{"href":"https:\/\/www.formula-h-skincare.com\/de\/wp-json\/wp\/v2\/media?parent=9266"}],"wp:term":[{"taxonomy":"pwb-brand","embeddable":true,"href":"https:\/\/www.formula-h-skincare.com\/de\/wp-json\/wp\/v2\/pwb-brand?post=9266"},{"taxonomy":"product_brand","embeddable":true,"href":"https:\/\/www.formula-h-skincare.com\/de\/wp-json\/wp\/v2\/product_brand?post=9266"},{"taxonomy":"product_cat","embeddable":true,"href":"https:\/\/www.formula-h-skincare.com\/de\/wp-json\/wp\/v2\/product_cat?post=9266"},{"taxonomy":"product_tag","embeddable":true,"href":"https:\/\/www.formula-h-skincare.com\/de\/wp-json\/wp\/v2\/product_tag?post=9266"}],"curies":[{"name":"wp","href":"https:\/\/api.w.org\/{rel}","templated":true}]}}